{"id":31762,"date":"2022-08-01T11:11:23","date_gmt":"2022-08-01T11:11:23","guid":{"rendered":"https:\/\/quintamadredeagua.pt\/2022\/experiences\/wine-and-cheese-tasting\/"},"modified":"2023-03-31T14:47:30","modified_gmt":"2023-03-31T14:47:30","slug":"wine-tasting","status":"publish","type":"page","link":"https:\/\/quintamadredeagua.pt\/en\/experiences\/wine-tasting\/","title":{"rendered":"Wine Tasting"},"content":{"rendered":"\t\t<div data-elementor-type=\"wp-page\" data-elementor-id=\"31762\" class=\"elementor elementor-31762 elementor-29310\" data-elementor-post-type=\"page\">\n\t\t\t\t\t\t<section class=\"elementor-section elementor-top-section elementor-element elementor-element-1dbff6c elementor-section-full_width elementor-section-height-default elementor-section-height-default\" data-id=\"1dbff6c\" data-element_type=\"section\" data-e-type=\"section\" data-settings=\"{&quot;background_background&quot;:&quot;classic&quot;}\">\n\t\t\t\t\t\t\t<div class=\"elementor-background-overlay\"><\/div>\n\t\t\t\t\t\t\t<div class=\"elementor-container elementor-column-gap-default\">\n\t\t\t\t\t<div class=\"elementor-column elementor-col-100 elementor-top-column elementor-element elementor-element-0924ec6\" data-id=\"0924ec6\" data-element_type=\"column\" data-e-type=\"column\">\n\t\t\t<div class=\"elementor-widget-wrap elementor-element-populated\">\n\t\t\t\t\t\t<section class=\"elementor-section elementor-inner-section elementor-element elementor-element-bfb42b5 elementor-section-boxed elementor-section-height-default elementor-section-height-default\" data-id=\"bfb42b5\" data-element_type=\"section\" data-e-type=\"section\">\n\t\t\t\t\t\t<div class=\"elementor-container elementor-column-gap-default\">\n\t\t\t\t\t<div class=\"elementor-column elementor-col-100 elementor-inner-column elementor-element elementor-element-84c1466\" data-id=\"84c1466\" data-element_type=\"column\" data-e-type=\"column\">\n\t\t\t<div class=\"elementor-widget-wrap elementor-element-populated\">\n\t\t\t\t\t\t<div class=\"elementor-element elementor-element-e22d13b elementor-invisible elementor-widget elementor-widget-heading\" data-id=\"e22d13b\" data-element_type=\"widget\" data-e-type=\"widget\" data-settings=\"{&quot;_animation&quot;:&quot;fadeInDown&quot;}\" data-widget_type=\"heading.default\">\n\t\t\t\t<div class=\"elementor-widget-container\">\n\t\t\t\t\t<h2 class=\"elementor-heading-title elementor-size-default\"> RURAL HOTEL QUINTA MADRE DE \u00c1GUA<\/h2>\t\t\t\t<\/div>\n\t\t\t\t<\/div>\n\t\t\t\t<div class=\"elementor-element elementor-element-94b9dbe elementor-widget elementor-widget-spacer\" data-id=\"94b9dbe\" data-element_type=\"widget\" data-e-type=\"widget\" data-widget_type=\"spacer.default\">\n\t\t\t\t<div class=\"elementor-widget-container\">\n\t\t\t\t\t\t\t<div class=\"elementor-spacer\">\n\t\t\t<div class=\"elementor-spacer-inner\"><\/div>\n\t\t<\/div>\n\t\t\t\t\t\t<\/div>\n\t\t\t\t<\/div>\n\t\t\t\t<div class=\"elementor-element elementor-element-4e10187 elementor-invisible elementor-widget elementor-widget-heading\" data-id=\"4e10187\" data-element_type=\"widget\" data-e-type=\"widget\" data-settings=\"{&quot;_animation&quot;:&quot;fadeInDown&quot;}\" data-widget_type=\"heading.default\">\n\t\t\t\t<div class=\"elementor-widget-container\">\n\t\t\t\t\t<h2 class=\"elementor-heading-title elementor-size-default\">Wine Tasting<\/h2>\t\t\t\t<\/div>\n\t\t\t\t<\/div>\n\t\t\t\t<div class=\"elementor-element elementor-element-70db4f5 elementor-widget elementor-widget-spacer\" data-id=\"70db4f5\" data-element_type=\"widget\" data-e-type=\"widget\" data-widget_type=\"spacer.default\">\n\t\t\t\t<div class=\"elementor-widget-container\">\n\t\t\t\t\t\t\t<div class=\"elementor-spacer\">\n\t\t\t<div class=\"elementor-spacer-inner\"><\/div>\n\t\t<\/div>\n\t\t\t\t\t\t<\/div>\n\t\t\t\t<\/div>\n\t\t\t\t<div class=\"elementor-element elementor-element-0d4fbc6 text-about elementor-view-default elementor-widget elementor-widget-icon\" data-id=\"0d4fbc6\" data-element_type=\"widget\" data-e-type=\"widget\" data-widget_type=\"icon.default\">\n\t\t\t\t<div class=\"elementor-widget-container\">\n\t\t\t\t\t\t\t<div class=\"elementor-icon-wrapper\">\n\t\t\t<div class=\"elementor-icon\">\n\t\t\t\t\t\t<\/div>\n\t\t<\/div>\n\t\t\t\t\t\t<\/div>\n\t\t\t\t<\/div>\n\t\t\t\t\t<\/div>\n\t\t<\/div>\n\t\t\t\t\t<\/div>\n\t\t<\/section>\n\t\t\t\t\t<\/div>\n\t\t<\/div>\n\t\t\t\t\t<\/div>\n\t\t<\/section>\n\t\t\t\t<section class=\"elementor-section elementor-top-section elementor-element elementor-element-8eaa2d6 elementor-section-boxed elementor-section-height-default elementor-section-height-default\" data-id=\"8eaa2d6\" data-element_type=\"section\" data-e-type=\"section\" data-settings=\"{&quot;background_background&quot;:&quot;classic&quot;}\">\n\t\t\t\t\t\t<div class=\"elementor-container elementor-column-gap-extended\">\n\t\t\t\t\t<div class=\"elementor-column elementor-col-50 elementor-top-column elementor-element elementor-element-3416054 elementor-invisible\" data-id=\"3416054\" data-element_type=\"column\" data-e-type=\"column\" data-settings=\"{&quot;animation&quot;:&quot;slideInLeft&quot;}\">\n\t\t\t<div class=\"elementor-widget-wrap elementor-element-populated\">\n\t\t\t\t\t\t<div class=\"elementor-element elementor-element-7934738 title-block-1 elementor-widget elementor-widget-text-editor\" data-id=\"7934738\" data-element_type=\"widget\" data-e-type=\"widget\" data-settings=\"{&quot;_animation&quot;:&quot;none&quot;}\" data-widget_type=\"text-editor.default\">\n\t\t\t\t<div class=\"elementor-widget-container\">\n\t\t\t\t\t\t\t\t\t<p class=\"boc_heading center \">Come and enjoy the best that D\u00e3o has to offer!<\/p>\t\t\t\t\t\t\t\t<\/div>\n\t\t\t\t<\/div>\n\t\t\t\t<div class=\"elementor-element elementor-element-17576eb elementor-widget elementor-widget-spacer\" data-id=\"17576eb\" data-element_type=\"widget\" data-e-type=\"widget\" data-widget_type=\"spacer.default\">\n\t\t\t\t<div class=\"elementor-widget-container\">\n\t\t\t\t\t\t\t<div class=\"elementor-spacer\">\n\t\t\t<div class=\"elementor-spacer-inner\"><\/div>\n\t\t<\/div>\n\t\t\t\t\t\t<\/div>\n\t\t\t\t<\/div>\n\t\t\t\t<div class=\"elementor-element elementor-element-718b7e3 elementor-tabs-alignment-center elementor-tabs-view-horizontal elementor-widget elementor-widget-tabs\" data-id=\"718b7e3\" data-element_type=\"widget\" data-e-type=\"widget\" data-widget_type=\"tabs.default\">\n\t\t\t\t<div class=\"elementor-widget-container\">\n\t\t\t\t\t\t\t<div class=\"elementor-tabs\">\n\t\t\t<div class=\"elementor-tabs-wrapper\" role=\"tablist\" >\n\t\t\t\t\t\t\t\t\t<div id=\"elementor-tab-title-1191\" class=\"elementor-tab-title elementor-tab-desktop-title\" aria-selected=\"true\" data-tab=\"1\" role=\"tab\" tabindex=\"0\" aria-controls=\"elementor-tab-content-1191\" aria-expanded=\"false\">LEARN MORE<\/div>\n\t\t\t\t\t\t\t<\/div>\n\t\t\t<div class=\"elementor-tabs-content-wrapper\" role=\"tablist\" aria-orientation=\"vertical\">\n\t\t\t\t\t\t\t\t\t<div class=\"elementor-tab-title elementor-tab-mobile-title\" aria-selected=\"true\" data-tab=\"1\" role=\"tab\" tabindex=\"0\" aria-controls=\"elementor-tab-content-1191\" aria-expanded=\"false\">LEARN MORE<\/div>\n\t\t\t\t\t<div id=\"elementor-tab-content-1191\" class=\"elementor-tab-content elementor-clearfix\" data-tab=\"1\" role=\"tabpanel\" aria-labelledby=\"elementor-tab-title-1191\" tabindex=\"0\" hidden=\"false\"><p>In this experience, we invite you to come to D\u00e3o, Quinta Madre de \u00c1gua and taste the best D\u00e3o Wines.&nbsp;<\/p>\n<div>\n<p>Come and enjoy the best flavors that D\u00e3o has to offer!<\/p>\n<div>&nbsp;<\/div>\n<div>\n<div>\n<div><span style=\"font-weight: 700;\">Terras Madre de \u00c1gua e Experimentum&nbsp;<\/span><span style=\"font-weight: 700; font-size: 1rem;\">Experience<\/span><span style=\"font-weight: 700; font-size: 1rem;\">:<\/span><\/div>\n<div>\n<ul>\n<li>Tasting of 5 wines (To be chosen from 8 suggestions)\n<ul>\n<li>Terras Madre de \u00c1gua \u2013 White Blend<\/li>\n<li>Terras Madre de \u00c1gua \u2013 Encruzado<\/li>\n<li>Terras Madre de \u00c1gua &#8211; Bical<\/li>\n<li>Terras Madre de \u00c1gua \u2013 Rosado<\/li>\n<li>Terras Madre de \u00c1gua \u2013 Red Blend<\/li>\n<li>Terras Madre de \u00c1gua \u2013 Touriga Nacional<\/li>\n<li>Experimentum \u2013 Syrah<\/li>\n<li>Experimentum \u2013 Merlot<\/li>\n<\/ul>\n<\/li>\n<\/ul>\n<div>\n<ul>\n<li>A 2-hour experience at Quinta Madre de \u00c1gua, located in Gouveia;<\/li>\n<\/ul>\n<\/div>\n<div><b>Price per person: From \u20ac25.00<\/b><br><\/div>\n<div><span style=\"font-weight: 700;\">&nbsp;<\/span><\/div>\n<div><span style=\"font-weight: 700;\">&nbsp;<\/span><\/div>\n<div>\n<div><span style=\"font-weight: 700;\">Madre de \u00c1gua&nbsp;<\/span><span style=\"font-weight: 700; font-size: 1rem;\">Experience<\/span><span style=\"font-weight: 700; font-size: 1rem;\">:<\/span><\/div>\n<div>\n<ul>\n<li>Tasting of 3 wines (To be chosen from the 5 suggestions)<br><ul>\n<li>Madre de \u00c1gua &#8211; Encruzado<\/li>\n<li>Madre de \u00c1gua &#8211; Touriga Nacional&nbsp;<\/li>\n<li>Madre de \u00c1gua &#8211; Alfrocheiro<\/li>\n<li>Madre de \u00c1gua &#8211; Jaen&nbsp;<\/li>\n<li>Madre de \u00c1gua &#8211; Vinhas Velhas&nbsp;<\/li>\n<\/ul>\n<\/li>\n<\/ul>\n<div>\n<ul>\n<li>A 2-hour experience at Quinta Madre de \u00c1gua, located in Gouveia;<\/li>\n<\/ul>\n<\/div>\n<div><span style=\"font-weight: 700;\">Price per person: From \u20ac30.00<\/span><br><\/div>\n<\/div>\n<\/div>\n<\/div>\n<\/div>\n<\/div>\n<\/div><\/div>\n\t\t\t\t\t\t\t<\/div>\n\t\t<\/div>\n\t\t\t\t\t\t<\/div>\n\t\t\t\t<\/div>\n\t\t\t\t\t<\/div>\n\t\t<\/div>\n\t\t\t\t<div class=\"elementor-column elementor-col-50 elementor-top-column elementor-element elementor-element-a4002e3 elementor-invisible\" data-id=\"a4002e3\" data-element_type=\"column\" data-e-type=\"column\" data-settings=\"{&quot;background_background&quot;:&quot;classic&quot;,&quot;animation&quot;:&quot;slideInRight&quot;}\">\n\t\t\t<div class=\"elementor-widget-wrap elementor-element-populated\">\n\t\t\t\t\t\t<div class=\"elementor-element elementor-element-42be490 elementor-view-default elementor-widget elementor-widget-icon\" data-id=\"42be490\" data-element_type=\"widget\" data-e-type=\"widget\" data-widget_type=\"icon.default\">\n\t\t\t\t<div class=\"elementor-widget-container\">\n\t\t\t\t\t\t\t<div class=\"elementor-icon-wrapper\">\n\t\t\t<div class=\"elementor-icon\">\n\t\t\t\t\t\t<\/div>\n\t\t<\/div>\n\t\t\t\t\t\t<\/div>\n\t\t\t\t<\/div>\n\t\t\t\t<div class=\"elementor-element elementor-element-98b764f elementor-widget elementor-widget-heading\" data-id=\"98b764f\" data-element_type=\"widget\" data-e-type=\"widget\" data-widget_type=\"heading.default\">\n\t\t\t\t<div class=\"elementor-widget-container\">\n\t\t\t\t\t<h2 class=\"elementor-heading-title elementor-size-default\">For more information contact us!<\/h2>\t\t\t\t<\/div>\n\t\t\t\t<\/div>\n\t\t\t\t<div class=\"elementor-element elementor-element-5c770b0 elementor-widget elementor-widget-spacer\" data-id=\"5c770b0\" data-element_type=\"widget\" data-e-type=\"widget\" data-widget_type=\"spacer.default\">\n\t\t\t\t<div class=\"elementor-widget-container\">\n\t\t\t\t\t\t\t<div class=\"elementor-spacer\">\n\t\t\t<div class=\"elementor-spacer-inner\"><\/div>\n\t\t<\/div>\n\t\t\t\t\t\t<\/div>\n\t\t\t\t<\/div>\n\t\t\t\t<div class=\"elementor-element elementor-element-e464b64 elementor-widget elementor-widget-shortcode\" data-id=\"e464b64\" data-element_type=\"widget\" data-e-type=\"widget\" data-widget_type=\"shortcode.default\">\n\t\t\t\t<div class=\"elementor-widget-container\">\n\t\t\t\t\t\t\t<div class=\"elementor-shortcode\">\n<div class=\"wpcf7 no-js\" id=\"wpcf7-f31812-o1\" lang=\"en-US\" dir=\"ltr\" data-wpcf7-id=\"31812\">\n<div class=\"screen-reader-response\"><p role=\"status\" aria-live=\"polite\" aria-atomic=\"true\"><\/p> <ul><\/ul><\/div>\n<form action=\"\/en\/wp-json\/wp\/v2\/pages\/31762#wpcf7-f31812-o1\" method=\"post\" class=\"wpcf7-form init\" aria-label=\"Contact form\" novalidate=\"novalidate\" data-status=\"init\">\n<fieldset class=\"hidden-fields-container\"><input type=\"hidden\" name=\"_wpcf7\" value=\"31812\" \/><input type=\"hidden\" name=\"_wpcf7_version\" value=\"6.1.5\" \/><input type=\"hidden\" name=\"_wpcf7_locale\" value=\"en_US\" \/><input type=\"hidden\" name=\"_wpcf7_unit_tag\" value=\"wpcf7-f31812-o1\" \/><input type=\"hidden\" name=\"_wpcf7_container_post\" value=\"0\" \/><input type=\"hidden\" name=\"_wpcf7_posted_data_hash\" value=\"\" \/>\n<\/fieldset>\n<div class=\"contact-us-form\">\n\t<div class=\"row\">\n\t\t<div class=\"col-sm-12 col-md-6\">\n\t\t\t<p><span class=\"wpcf7-form-control-wrap\" data-name=\"nome\"><input size=\"40\" maxlength=\"400\" class=\"wpcf7-form-control wpcf7-text wpcf7-validates-as-required\" aria-required=\"true\" aria-invalid=\"false\" placeholder=\"Name *\" value=\"\" type=\"text\" name=\"nome\" \/><\/span>\n\t\t\t<\/p>\n\t\t<\/div>\n\t\t<div class=\"col-sm-12 col-md-6\">\n\t\t\t<p><span class=\"wpcf7-form-control-wrap\" data-name=\"email\"><input size=\"40\" maxlength=\"400\" class=\"wpcf7-form-control wpcf7-email wpcf7-validates-as-required wpcf7-text wpcf7-validates-as-email\" aria-required=\"true\" aria-invalid=\"false\" placeholder=\"Email *\" value=\"\" type=\"email\" name=\"email\" \/><\/span>\n\t\t\t<\/p>\n\t\t<\/div>\n\t<\/div>\n\t<div class=\"row\">\n\t\t<div class=\"col-sm-12\">\n\t\t\t<p><span class=\"wpcf7-form-control-wrap\" data-name=\"assunto\"><input size=\"40\" maxlength=\"400\" class=\"wpcf7-form-control wpcf7-text\" aria-invalid=\"false\" placeholder=\"Subject\" value=\"\" type=\"text\" name=\"assunto\" \/><\/span>\n\t\t\t<\/p>\n\t\t<\/div>\n\t<\/div>\n\t<div class=\"row\">\n\t\t<div class=\"col-sm-12\">\n\t\t\t<p><span class=\"wpcf7-form-control-wrap\" data-name=\"textarea-982\"><textarea cols=\"40\" rows=\"10\" maxlength=\"2000\" class=\"wpcf7-form-control wpcf7-textarea\" aria-invalid=\"false\" placeholder=\"Message\" name=\"textarea-982\"><\/textarea><\/span>\n\t\t\t<\/p>\n\t\t<\/div>\n\t<\/div>\n\t<div class=\"form-row\">\n\t\t<div class=\"column-full aceitacao\">\n\t\t\t<p><span class=\"wpcf7-form-control-wrap\" data-name=\"acceptance-839\"><span class=\"wpcf7-form-control wpcf7-acceptance\"><span class=\"wpcf7-list-item\"><label><input type=\"checkbox\" name=\"acceptance-839\" value=\"1\" aria-invalid=\"false\" \/><span class=\"wpcf7-list-item-label\"><span>By using our contact forms you are agreeing to our Privacy Policies, Terms of Use of Data and RAL.<\/span><\/span><\/label><\/span><\/span><\/span>\n\t\t\t<\/p>\n\t\t<\/div>\n\t<\/div>\n\t<div class=\"button\">\n\t\t<p><input class=\"wpcf7-form-control wpcf7-submit has-spinner\" type=\"submit\" value=\"SEND\" \/>\n\t\t<\/p>\n\t<\/div>\n<\/div><input type='hidden' class='wpcf7-pum' value='{\"closepopup\":false,\"closedelay\":0,\"openpopup\":false,\"openpopup_id\":0}' \/><div class=\"wpcf7-response-output\" aria-hidden=\"true\"><\/div>\n<\/form>\n<\/div>\n<\/div>\n\t\t\t\t\t\t<\/div>\n\t\t\t\t<\/div>\n\t\t\t\t\t<\/div>\n\t\t<\/div>\n\t\t\t\t\t<\/div>\n\t\t<\/section>\n\t\t\t\t<\/div>\n\t\t","protected":false},"excerpt":{"rendered":"<p>RURAL HOTEL QUINTA MADRE DE \u00c1GUA Come and enjoy the best that D\u00e3o has to offer! LEARN MORE LEARN MORE In this experience, we invite you to come to D\u00e3o, Quinta Madre de \u00c1gua and taste the best D\u00e3o Wines. Come and enjoy the best flavors that D\u00e3o has to offer! Terras Madre de \u00c1gua [&hellip;]<\/p>\n","protected":false},"author":1,"featured_media":0,"parent":31617,"menu_order":0,"comment_status":"closed","ping_status":"closed","template":"page-templates\/homepage.php","meta":{"footnotes":""},"class_list":["post-31762","page","type-page","status-publish","hentry"],"yoast_head":"<!-- This site is optimized with the Yoast SEO plugin v27.4 - https:\/\/yoast.com\/product\/yoast-seo-wordpress\/ -->\n<title>Wine Tasting - QUINTA MADRE DE \u00c1GUA - HOTEL SERRA DA ESTRELA<\/title>\n<meta name=\"robots\" content=\"index, follow, max-snippet:-1, max-image-preview:large, max-video-preview:-1\" \/>\n<link rel=\"canonical\" href=\"https:\/\/quintamadredeagua.pt\/experiencias\/prova-de-vinhos\/\" \/>\n<meta property=\"og:locale\" content=\"en_US\" \/>\n<meta property=\"og:type\" content=\"article\" \/>\n<meta property=\"og:title\" content=\"Wine Tasting - QUINTA MADRE DE \u00c1GUA - HOTEL SERRA DA ESTRELA\" \/>\n<meta property=\"og:description\" content=\"RURAL HOTEL QUINTA MADRE DE \u00c1GUA Come and enjoy the best that D\u00e3o has to offer! LEARN MORE LEARN MORE In this experience, we invite you to come to D\u00e3o, Quinta Madre de \u00c1gua and taste the best D\u00e3o Wines. Come and enjoy the best flavors that D\u00e3o has to offer! Terras Madre de \u00c1gua [&hellip;]\" \/>\n<meta property=\"og:url\" content=\"https:\/\/quintamadredeagua.pt\/experiencias\/prova-de-vinhos\/\" \/>\n<meta property=\"og:site_name\" content=\"QUINTA MADRE DE \u00c1GUA - HOTEL SERRA DA ESTRELA\" \/>\n<meta property=\"article:publisher\" content=\"https:\/\/www.facebook.com\/QuintaMadreDeAgua\" \/>\n<meta property=\"article:modified_time\" content=\"2023-03-31T14:47:30+00:00\" \/>\n<meta name=\"twitter:card\" content=\"summary_large_image\" \/>\n<meta name=\"twitter:site\" content=\"@QuintaMadreAgua\" \/>\n<meta name=\"twitter:label1\" content=\"Est. reading time\" \/>\n\t<meta name=\"twitter:data1\" content=\"2 minutes\" \/>\n<script type=\"application\/ld+json\" class=\"yoast-schema-graph\">{\"@context\":\"https:\\\/\\\/schema.org\",\"@graph\":[{\"@type\":\"WebPage\",\"@id\":\"https:\\\/\\\/quintamadredeagua.pt\\\/experiencias\\\/prova-de-vinhos\\\/\",\"url\":\"https:\\\/\\\/quintamadredeagua.pt\\\/experiencias\\\/prova-de-vinhos\\\/\",\"name\":\"Wine Tasting - QUINTA MADRE DE \u00c1GUA - HOTEL SERRA DA ESTRELA\",\"isPartOf\":{\"@id\":\"https:\\\/\\\/quintamadredeagua.pt\\\/fr\\\/#website\"},\"datePublished\":\"2022-08-01T11:11:23+00:00\",\"dateModified\":\"2023-03-31T14:47:30+00:00\",\"breadcrumb\":{\"@id\":\"https:\\\/\\\/quintamadredeagua.pt\\\/experiencias\\\/prova-de-vinhos\\\/#breadcrumb\"},\"inLanguage\":\"en-US\",\"potentialAction\":[{\"@type\":\"ReadAction\",\"target\":[\"https:\\\/\\\/quintamadredeagua.pt\\\/experiencias\\\/prova-de-vinhos\\\/\"]}]},{\"@type\":\"BreadcrumbList\",\"@id\":\"https:\\\/\\\/quintamadredeagua.pt\\\/experiencias\\\/prova-de-vinhos\\\/#breadcrumb\",\"itemListElement\":[{\"@type\":\"ListItem\",\"position\":1,\"name\":\"In\u00edcio\",\"item\":\"https:\\\/\\\/quintamadredeagua.pt\\\/\"},{\"@type\":\"ListItem\",\"position\":2,\"name\":\"Experiences\",\"item\":\"https:\\\/\\\/quintamadredeagua.pt\\\/experiencias\\\/\"},{\"@type\":\"ListItem\",\"position\":3,\"name\":\"Wine Tasting\"}]},{\"@type\":\"WebSite\",\"@id\":\"https:\\\/\\\/quintamadredeagua.pt\\\/fr\\\/#website\",\"url\":\"https:\\\/\\\/quintamadredeagua.pt\\\/fr\\\/\",\"name\":\"QUINTA MADRE DE \u00c1GUA - HOTEL SERRA DA ESTRELA\",\"description\":\"QUINTA MADRE DE \u00c1GUA - HOTEL SERRA DA ESTRELA\",\"publisher\":{\"@id\":\"https:\\\/\\\/quintamadredeagua.pt\\\/fr\\\/#organization\"},\"potentialAction\":[{\"@type\":\"SearchAction\",\"target\":{\"@type\":\"EntryPoint\",\"urlTemplate\":\"https:\\\/\\\/quintamadredeagua.pt\\\/fr\\\/?s={search_term_string}\"},\"query-input\":{\"@type\":\"PropertyValueSpecification\",\"valueRequired\":true,\"valueName\":\"search_term_string\"}}],\"inLanguage\":\"en-US\"},{\"@type\":\"Organization\",\"@id\":\"https:\\\/\\\/quintamadredeagua.pt\\\/fr\\\/#organization\",\"name\":\"QUINTA MADRE DE \u00c1GUA - HOTEL SERRA DA ESTRELA\",\"url\":\"https:\\\/\\\/quintamadredeagua.pt\\\/fr\\\/\",\"logo\":{\"@type\":\"ImageObject\",\"inLanguage\":\"en-US\",\"@id\":\"https:\\\/\\\/quintamadredeagua.pt\\\/fr\\\/#\\\/schema\\\/logo\\\/image\\\/\",\"url\":\"https:\\\/\\\/quintamadredeagua.pt\\\/wp-content\\\/uploads\\\/2022\\\/06\\\/logo_qma.png\",\"contentUrl\":\"https:\\\/\\\/quintamadredeagua.pt\\\/wp-content\\\/uploads\\\/2022\\\/06\\\/logo_qma.png\",\"width\":420,\"height\":197,\"caption\":\"QUINTA MADRE DE \u00c1GUA - HOTEL SERRA DA ESTRELA\"},\"image\":{\"@id\":\"https:\\\/\\\/quintamadredeagua.pt\\\/fr\\\/#\\\/schema\\\/logo\\\/image\\\/\"},\"sameAs\":[\"https:\\\/\\\/www.facebook.com\\\/QuintaMadreDeAgua\",\"https:\\\/\\\/x.com\\\/QuintaMadreAgua\",\"https:\\\/\\\/www.linkedin.com\\\/company\\\/madre-de-gua-lda-\\\/\",\"https:\\\/\\\/www.youtube.com\\\/channel\\\/UCriZxfvunNRTk1gVO-jjr4g\",\"https:\\\/\\\/www.pinterest.pt\\\/quintamadredeagua\\\/\"]}]}<\/script>\n<!-- \/ Yoast SEO plugin. -->","yoast_head_json":{"title":"Wine Tasting - QUINTA MADRE DE \u00c1GUA - HOTEL SERRA DA ESTRELA","robots":{"index":"index","follow":"follow","max-snippet":"max-snippet:-1","max-image-preview":"max-image-preview:large","max-video-preview":"max-video-preview:-1"},"canonical":"https:\/\/quintamadredeagua.pt\/experiencias\/prova-de-vinhos\/","og_locale":"en_US","og_type":"article","og_title":"Wine Tasting - QUINTA MADRE DE \u00c1GUA - HOTEL SERRA DA ESTRELA","og_description":"RURAL HOTEL QUINTA MADRE DE \u00c1GUA Come and enjoy the best that D\u00e3o has to offer! LEARN MORE LEARN MORE In this experience, we invite you to come to D\u00e3o, Quinta Madre de \u00c1gua and taste the best D\u00e3o Wines. Come and enjoy the best flavors that D\u00e3o has to offer! Terras Madre de \u00c1gua [&hellip;]","og_url":"https:\/\/quintamadredeagua.pt\/experiencias\/prova-de-vinhos\/","og_site_name":"QUINTA MADRE DE \u00c1GUA - HOTEL SERRA DA ESTRELA","article_publisher":"https:\/\/www.facebook.com\/QuintaMadreDeAgua","article_modified_time":"2023-03-31T14:47:30+00:00","twitter_card":"summary_large_image","twitter_site":"@QuintaMadreAgua","twitter_misc":{"Est. reading time":"2 minutes"},"schema":{"@context":"https:\/\/schema.org","@graph":[{"@type":"WebPage","@id":"https:\/\/quintamadredeagua.pt\/experiencias\/prova-de-vinhos\/","url":"https:\/\/quintamadredeagua.pt\/experiencias\/prova-de-vinhos\/","name":"Wine Tasting - QUINTA MADRE DE \u00c1GUA - HOTEL SERRA DA ESTRELA","isPartOf":{"@id":"https:\/\/quintamadredeagua.pt\/fr\/#website"},"datePublished":"2022-08-01T11:11:23+00:00","dateModified":"2023-03-31T14:47:30+00:00","breadcrumb":{"@id":"https:\/\/quintamadredeagua.pt\/experiencias\/prova-de-vinhos\/#breadcrumb"},"inLanguage":"en-US","potentialAction":[{"@type":"ReadAction","target":["https:\/\/quintamadredeagua.pt\/experiencias\/prova-de-vinhos\/"]}]},{"@type":"BreadcrumbList","@id":"https:\/\/quintamadredeagua.pt\/experiencias\/prova-de-vinhos\/#breadcrumb","itemListElement":[{"@type":"ListItem","position":1,"name":"In\u00edcio","item":"https:\/\/quintamadredeagua.pt\/"},{"@type":"ListItem","position":2,"name":"Experiences","item":"https:\/\/quintamadredeagua.pt\/experiencias\/"},{"@type":"ListItem","position":3,"name":"Wine Tasting"}]},{"@type":"WebSite","@id":"https:\/\/quintamadredeagua.pt\/fr\/#website","url":"https:\/\/quintamadredeagua.pt\/fr\/","name":"QUINTA MADRE DE \u00c1GUA - HOTEL SERRA DA ESTRELA","description":"QUINTA MADRE DE \u00c1GUA - HOTEL SERRA DA ESTRELA","publisher":{"@id":"https:\/\/quintamadredeagua.pt\/fr\/#organization"},"potentialAction":[{"@type":"SearchAction","target":{"@type":"EntryPoint","urlTemplate":"https:\/\/quintamadredeagua.pt\/fr\/?s={search_term_string}"},"query-input":{"@type":"PropertyValueSpecification","valueRequired":true,"valueName":"search_term_string"}}],"inLanguage":"en-US"},{"@type":"Organization","@id":"https:\/\/quintamadredeagua.pt\/fr\/#organization","name":"QUINTA MADRE DE \u00c1GUA - HOTEL SERRA DA ESTRELA","url":"https:\/\/quintamadredeagua.pt\/fr\/","logo":{"@type":"ImageObject","inLanguage":"en-US","@id":"https:\/\/quintamadredeagua.pt\/fr\/#\/schema\/logo\/image\/","url":"https:\/\/quintamadredeagua.pt\/wp-content\/uploads\/2022\/06\/logo_qma.png","contentUrl":"https:\/\/quintamadredeagua.pt\/wp-content\/uploads\/2022\/06\/logo_qma.png","width":420,"height":197,"caption":"QUINTA MADRE DE \u00c1GUA - HOTEL SERRA DA ESTRELA"},"image":{"@id":"https:\/\/quintamadredeagua.pt\/fr\/#\/schema\/logo\/image\/"},"sameAs":["https:\/\/www.facebook.com\/QuintaMadreDeAgua","https:\/\/x.com\/QuintaMadreAgua","https:\/\/www.linkedin.com\/company\/madre-de-gua-lda-\/","https:\/\/www.youtube.com\/channel\/UCriZxfvunNRTk1gVO-jjr4g","https:\/\/www.pinterest.pt\/quintamadredeagua\/"]}]}},"_links":{"self":[{"href":"https:\/\/quintamadredeagua.pt\/en\/wp-json\/wp\/v2\/pages\/31762","targetHints":{"allow":["GET"]}}],"collection":[{"href":"https:\/\/quintamadredeagua.pt\/en\/wp-json\/wp\/v2\/pages"}],"about":[{"href":"https:\/\/quintamadredeagua.pt\/en\/wp-json\/wp\/v2\/types\/page"}],"author":[{"embeddable":true,"href":"https:\/\/quintamadredeagua.pt\/en\/wp-json\/wp\/v2\/users\/1"}],"replies":[{"embeddable":true,"href":"https:\/\/quintamadredeagua.pt\/en\/wp-json\/wp\/v2\/comments?post=31762"}],"version-history":[{"count":27,"href":"https:\/\/quintamadredeagua.pt\/en\/wp-json\/wp\/v2\/pages\/31762\/revisions"}],"predecessor-version":[{"id":34027,"href":"https:\/\/quintamadredeagua.pt\/en\/wp-json\/wp\/v2\/pages\/31762\/revisions\/34027"}],"up":[{"embeddable":true,"href":"https:\/\/quintamadredeagua.pt\/en\/wp-json\/wp\/v2\/pages\/31617"}],"wp:attachment":[{"href":"https:\/\/quintamadredeagua.pt\/en\/wp-json\/wp\/v2\/media?parent=31762"}],"curies":[{"name":"wp","href":"https:\/\/api.w.org\/{rel}","templated":true}]}}