{"id":31735,"date":"2022-08-01T10:31:41","date_gmt":"2022-08-01T10:31:41","guid":{"rendered":"https:\/\/quintamadredeagua.pt\/2022\/politique-de-confidentialite\/"},"modified":"2022-08-11T14:34:35","modified_gmt":"2022-08-11T14:34:35","slug":"politique-de-confidentialite","status":"publish","type":"page","link":"https:\/\/quintamadredeagua.pt\/fr\/politique-de-confidentialite\/","title":{"rendered":"Politique de confidentialit\u00e9"},"content":{"rendered":"\t\t<div data-elementor-type=\"wp-page\" data-elementor-id=\"31735\" class=\"elementor elementor-31735 elementor-29245\" data-elementor-post-type=\"page\">\n\t\t\t\t\t\t<section class=\"elementor-section elementor-top-section elementor-element elementor-element-cc5aefb elementor-section-full_width elementor-section-height-default elementor-section-height-default\" data-id=\"cc5aefb\" data-element_type=\"section\" data-e-type=\"section\" data-settings=\"{&quot;background_background&quot;:&quot;classic&quot;}\">\n\t\t\t\t\t\t\t<div class=\"elementor-background-overlay\"><\/div>\n\t\t\t\t\t\t\t<div class=\"elementor-container elementor-column-gap-default\">\n\t\t\t\t\t<div class=\"elementor-column elementor-col-100 elementor-top-column elementor-element elementor-element-c14c310\" data-id=\"c14c310\" data-element_type=\"column\" data-e-type=\"column\">\n\t\t\t<div class=\"elementor-widget-wrap elementor-element-populated\">\n\t\t\t\t\t\t<section class=\"elementor-section elementor-inner-section elementor-element elementor-element-d11bdbb elementor-section-boxed elementor-section-height-default elementor-section-height-default\" data-id=\"d11bdbb\" data-element_type=\"section\" data-e-type=\"section\">\n\t\t\t\t\t\t<div class=\"elementor-container elementor-column-gap-default\">\n\t\t\t\t\t<div class=\"elementor-column elementor-col-100 elementor-inner-column elementor-element elementor-element-ccda7fb\" data-id=\"ccda7fb\" data-element_type=\"column\" data-e-type=\"column\">\n\t\t\t<div class=\"elementor-widget-wrap elementor-element-populated\">\n\t\t\t\t\t\t<div class=\"elementor-element elementor-element-82f58f3 elementor-invisible elementor-widget elementor-widget-heading\" data-id=\"82f58f3\" data-element_type=\"widget\" data-e-type=\"widget\" data-settings=\"{&quot;_animation&quot;:&quot;fadeInDown&quot;}\" data-widget_type=\"heading.default\">\n\t\t\t\t<div class=\"elementor-widget-container\">\n\t\t\t\t\t<h2 class=\"elementor-heading-title elementor-size-default\">HOTEL RURAL QUINTA MADRE DE \u00c1GUA<\/h2>\t\t\t\t<\/div>\n\t\t\t\t<\/div>\n\t\t\t\t<div class=\"elementor-element elementor-element-1f87b2a elementor-widget elementor-widget-spacer\" data-id=\"1f87b2a\" data-element_type=\"widget\" data-e-type=\"widget\" data-widget_type=\"spacer.default\">\n\t\t\t\t<div class=\"elementor-widget-container\">\n\t\t\t\t\t\t\t<div class=\"elementor-spacer\">\n\t\t\t<div class=\"elementor-spacer-inner\"><\/div>\n\t\t<\/div>\n\t\t\t\t\t\t<\/div>\n\t\t\t\t<\/div>\n\t\t\t\t<div class=\"elementor-element elementor-element-25574d7 elementor-invisible elementor-widget elementor-widget-heading\" data-id=\"25574d7\" data-element_type=\"widget\" data-e-type=\"widget\" data-settings=\"{&quot;_animation&quot;:&quot;fadeInDown&quot;}\" data-widget_type=\"heading.default\">\n\t\t\t\t<div class=\"elementor-widget-container\">\n\t\t\t\t\t<h2 class=\"elementor-heading-title elementor-size-default\">Politique de <br> confidentialit\u00e9<\/h2>\t\t\t\t<\/div>\n\t\t\t\t<\/div>\n\t\t\t\t<div class=\"elementor-element elementor-element-53633cd elementor-widget elementor-widget-spacer\" data-id=\"53633cd\" data-element_type=\"widget\" data-e-type=\"widget\" data-widget_type=\"spacer.default\">\n\t\t\t\t<div class=\"elementor-widget-container\">\n\t\t\t\t\t\t\t<div class=\"elementor-spacer\">\n\t\t\t<div class=\"elementor-spacer-inner\"><\/div>\n\t\t<\/div>\n\t\t\t\t\t\t<\/div>\n\t\t\t\t<\/div>\n\t\t\t\t<div class=\"elementor-element elementor-element-4e98a67 text-about elementor-view-default elementor-widget elementor-widget-icon\" data-id=\"4e98a67\" data-element_type=\"widget\" data-e-type=\"widget\" data-widget_type=\"icon.default\">\n\t\t\t\t<div class=\"elementor-widget-container\">\n\t\t\t\t\t\t\t<div class=\"elementor-icon-wrapper\">\n\t\t\t<div class=\"elementor-icon\">\n\t\t\t\t\t\t<\/div>\n\t\t<\/div>\n\t\t\t\t\t\t<\/div>\n\t\t\t\t<\/div>\n\t\t\t\t\t<\/div>\n\t\t<\/div>\n\t\t\t\t\t<\/div>\n\t\t<\/section>\n\t\t\t\t\t<\/div>\n\t\t<\/div>\n\t\t\t\t\t<\/div>\n\t\t<\/section>\n\t\t\t\t<section class=\"elementor-section elementor-top-section elementor-element elementor-element-c0e4d69 elementor-section-boxed elementor-section-height-default elementor-section-height-default elementor-invisible\" data-id=\"c0e4d69\" data-element_type=\"section\" data-e-type=\"section\" data-settings=\"{&quot;animation&quot;:&quot;slideInUp&quot;}\">\n\t\t\t\t\t\t<div class=\"elementor-container elementor-column-gap-default\">\n\t\t\t\t\t<div class=\"elementor-column elementor-col-100 elementor-top-column elementor-element elementor-element-e5eefd0\" data-id=\"e5eefd0\" data-element_type=\"column\" data-e-type=\"column\">\n\t\t\t<div class=\"elementor-widget-wrap elementor-element-populated\">\n\t\t\t\t\t\t<div class=\"elementor-element elementor-element-de93b7f elementor-widget elementor-widget-text-editor\" data-id=\"de93b7f\" data-element_type=\"widget\" data-e-type=\"widget\" data-widget_type=\"text-editor.default\">\n\t\t\t\t<div class=\"elementor-widget-container\">\n\t\t\t\t\t\t\t\t\t<h4>I &#8211; Avertissement pr\u00e9alable<\/h4>\r\nL&#8217;utilisation du site Web Quinta Madre de \u00c1gua est r\u00e9gie par les termes et conditions contenus dans la pr\u00e9sente politique de confidentialit\u00e9 et que le visiteur (&#8220;Utilisateur&#8221;) s&#8217;engage \u00e0 respecter pleinement. L&#8217;Utilisateur ne doit pas utiliser ce site s&#8217;il n&#8217;est pas d&#8217;accord avec ces Termes et Conditions.\r\n\r\nLes informations contenues dans ce site sont la propri\u00e9t\u00e9 de Madre de \u00c1gua LDA.\r\n<h4>II &#8211; Propri\u00e9t\u00e9 intellectuelle et droit d&#8217;auteur et droits voisins<\/h4>\r\nTous les \u00e9l\u00e9ments du site Web de Quinta Madre de \u00c1gua, y compris la conception, les textes, les graphiques, les photographies et le contenu pr\u00e9sent\u00e9, constituent la propri\u00e9t\u00e9 intellectuelle de Madre de \u00c1gua LDA et sont \u00e9galement prot\u00e9g\u00e9s par le droit d&#8217;auteur. Il est strictement interdit de proc\u00e9der \u00e0 sa modification, reproduction, copie, duplication, vente, distribution ou toute autre forme d&#8217;exploitation, \u00e0 des fins commerciales ou non commerciales.\r\n\r\nL&#8217;utilisateur de ce site Web ne peut utiliser aucun logiciel ou application qui perturbe son fonctionnement normal, et l&#8217;utilisation de toute application ou m\u00e9canisme automatique ou manuel pour surveiller ou copier son contenu, de mani\u00e8re permanente, totale ou partielle, et de quelque mani\u00e8re que ce soit, sans le consentement de Madre de \u00c1gua LDA.\r\n<h4>III \u2013 Traitement des donn\u00e9es personnelles<\/h4>\r\nMadre de \u00c1gua LDA est l&#8217;entit\u00e9 responsable du traitement de vos donn\u00e9es personnelles.\r\n\r\nL&#8217;ad\u00e9quation de la mani\u00e8re dont nous traitons vos donn\u00e9es personnelles, conform\u00e9ment au nouveau R\u00e8glement G\u00e9n\u00e9ral sur la Protection des Donn\u00e9es \u2013 RGPD \u2013 en vigueur depuis le 25 mai 2018 est notre priorit\u00e9.\r\n\r\nParce que nous comprenons que le respect de la nouvelle r\u00e9glementation est une mission quotidienne, Madre de \u00c1gua LDA s&#8217;engage \u00e0 prot\u00e9ger vos informations personnelles et \u00e0 \u00eatre clair et transparent sur le type d&#8217;informations que nous collectons et la mani\u00e8re dont nous les utilisons.\r\n\r\nAinsi, Madre de \u00c1gua LDA n&#8217;utilisera les donn\u00e9es des clients que pour le marketing, la n\u00e9gociation, la conclusion et\/ou l&#8217;ex\u00e9cution d&#8217;un contrat, pour l&#8217;accomplissement des obligations l\u00e9gales qui lui sont impos\u00e9es ou pour la poursuite de ses int\u00e9r\u00eats l\u00e9gitimes.\r\n\r\nNous r\u00e9affirmons notre engagement envers votre vie priv\u00e9e et pour cette raison, nous vous demandons de nous aider \u00e0 garantir que vos donn\u00e9es sont correctes et \u00e0 jour et qu&#8217;elles ne seront utilis\u00e9es que conform\u00e9ment \u00e0 vos instructions.\r\n\r\nVeuillez le faire en nous donnant votre consentement.\r\n\r\nL&#8217;utilisateur se voit garantir l&#8217;acc\u00e8s, la rectification, la modification ou la suppression de ses donn\u00e9es personnelles. \u00c0 cette fin, l&#8217;utilisateur peut le faire via l&#8217;adresse e-mail suivante : geral@quintamadredeagua.pt\r\n<h4><\/h4>\r\n<h4>IV &#8211; Suspension ou interruption d&#8217;acc\u00e8s<\/h4>\r\nMadre de \u00c1gua LDA se r\u00e9serve le droit d&#8217;interrompre ou de suspendre l&#8217;acc\u00e8s au site Web de Quinta Madre de \u00c1gua aussi longtemps qu&#8217;elle le jugera n\u00e9cessaire, pour toute raison technique, administrative, de force majeure ou autre.\r\n\r\nMadre de \u00c1gua LDA ne peut \u00eatre tenue responsable de toute suspension ou interruption de l&#8217;acc\u00e8s pouvant survenir pour des raisons qui ne leur sont pas imputables ou qui sont imputables \u00e0 une simple n\u00e9gligence.\r\n<h4>V &#8211; Limitation de responsabilit\u00e9<\/h4>\r\nMadre de \u00c1gua LDA n&#8217;est pas responsable des dommages r\u00e9sultant de virus qui pourraient infecter l&#8217;ordinateur ou le r\u00e9seau de l&#8217;utilisateur, ou d&#8217;autres actifs, en raison de l&#8217;acc\u00e8s au site Web Quinta Madre de \u00c1gua avec transfert de contenu de celui-ci vers l&#8217;ordinateur ou le r\u00e9seau de l&#8217;utilisateur. .\r\n\r\nSans pr\u00e9judice de l&#8217;engagement de confidentialit\u00e9 concernant l&#8217;utilisation des donn\u00e9es personnelles, il existe des risques li\u00e9s \u00e0 Internet et il est possible que les donn\u00e9es contenues dans le site Web soient capt\u00e9es et\/ou transf\u00e9r\u00e9es par des tiers.\r\nEn acc\u00e9dant au site Web de Quinta Madre de \u00c1gua, l&#8217;utilisateur doit accepter les risques inh\u00e9rents \u00e0 son activit\u00e9 d&#8217;internaute, \u00e0 savoir le risque d&#8217;un \u00e9ventuel transfert de donn\u00e9es ouvertes.\r\n<h4>VI \u2013 Dispositions finales<\/h4>\r\nMadre de \u00c1gua LDA se r\u00e9serve le droit, \u00e0 tout moment et sans pr\u00e9avis, de modifier ces termes et conditions.\r\nLes conditions d&#8217;utilisation du site web Quinta Madre de \u00c1gua sont soumises \u00e0 la loi portugaise.\r\n\u00a9 Copyright 2022 Quinta Madre de \u00c1gua . Tous les droits sont r\u00e9serv\u00e9s\t\t\t\t\t\t\t\t<\/div>\n\t\t\t\t<\/div>\n\t\t\t\t\t<\/div>\n\t\t<\/div>\n\t\t\t\t\t<\/div>\n\t\t<\/section>\n\t\t\t\t<\/div>\n\t\t","protected":false},"excerpt":{"rendered":"<p>HOTEL RURAL QUINTA MADRE DE \u00c1GUA Politique de confidentialit\u00e9 I &#8211; Avertissement pr\u00e9alable L&#8217;utilisation du site Web Quinta Madre de \u00c1gua est r\u00e9gie par les termes et conditions contenus dans la pr\u00e9sente politique de confidentialit\u00e9 et que le visiteur (&#8220;Utilisateur&#8221;) s&#8217;engage \u00e0 respecter pleinement. L&#8217;Utilisateur ne doit pas utiliser ce site s&#8217;il n&#8217;est pas d&#8217;accord [&hellip;]<\/p>\n","protected":false},"author":1,"featured_media":0,"parent":0,"menu_order":0,"comment_status":"closed","ping_status":"closed","template":"page-templates\/homepage.php","meta":{"footnotes":""},"class_list":["post-31735","page","type-page","status-publish","hentry"],"yoast_head":"<!-- This site is optimized with the Yoast SEO plugin v27.4 - https:\/\/yoast.com\/product\/yoast-seo-wordpress\/ -->\n<title>Politique de confidentialit\u00e9 - QUINTA MADRE DE \u00c1GUA - HOTEL SERRA DA ESTRELA<\/title>\n<meta name=\"robots\" content=\"index, follow, max-snippet:-1, max-image-preview:large, max-video-preview:-1\" \/>\n<link rel=\"canonical\" href=\"https:\/\/quintamadredeagua.pt\/politica-de-privacidade\/\" \/>\n<meta property=\"og:locale\" content=\"fr_FR\" \/>\n<meta property=\"og:type\" content=\"article\" \/>\n<meta property=\"og:title\" content=\"Politique de confidentialit\u00e9 - QUINTA MADRE DE \u00c1GUA - HOTEL SERRA DA ESTRELA\" \/>\n<meta property=\"og:description\" content=\"HOTEL RURAL QUINTA MADRE DE \u00c1GUA Politique de confidentialit\u00e9 I &#8211; Avertissement pr\u00e9alable L&#8217;utilisation du site Web Quinta Madre de \u00c1gua est r\u00e9gie par les termes et conditions contenus dans la pr\u00e9sente politique de confidentialit\u00e9 et que le visiteur (&#8220;Utilisateur&#8221;) s&#8217;engage \u00e0 respecter pleinement. L&#8217;Utilisateur ne doit pas utiliser ce site s&#8217;il n&#8217;est pas d&#8217;accord [&hellip;]\" \/>\n<meta property=\"og:url\" content=\"https:\/\/quintamadredeagua.pt\/politica-de-privacidade\/\" \/>\n<meta property=\"og:site_name\" content=\"QUINTA MADRE DE \u00c1GUA - HOTEL SERRA DA ESTRELA\" \/>\n<meta property=\"article:publisher\" content=\"https:\/\/www.facebook.com\/QuintaMadreDeAgua\" \/>\n<meta property=\"article:modified_time\" content=\"2022-08-11T14:34:35+00:00\" \/>\n<meta name=\"twitter:card\" content=\"summary_large_image\" \/>\n<meta name=\"twitter:site\" content=\"@QuintaMadreAgua\" \/>\n<meta name=\"twitter:label1\" content=\"Dur\u00e9e de lecture estim\u00e9e\" \/>\n\t<meta name=\"twitter:data1\" content=\"4 minutes\" \/>\n<script type=\"application\/ld+json\" class=\"yoast-schema-graph\">{\"@context\":\"https:\\\/\\\/schema.org\",\"@graph\":[{\"@type\":\"WebPage\",\"@id\":\"https:\\\/\\\/quintamadredeagua.pt\\\/politica-de-privacidade\\\/\",\"url\":\"https:\\\/\\\/quintamadredeagua.pt\\\/politica-de-privacidade\\\/\",\"name\":\"Politique de confidentialit\u00e9 - QUINTA MADRE DE \u00c1GUA - HOTEL SERRA DA ESTRELA\",\"isPartOf\":{\"@id\":\"https:\\\/\\\/quintamadredeagua.pt\\\/fr\\\/#website\"},\"datePublished\":\"2022-08-01T10:31:41+00:00\",\"dateModified\":\"2022-08-11T14:34:35+00:00\",\"breadcrumb\":{\"@id\":\"https:\\\/\\\/quintamadredeagua.pt\\\/politica-de-privacidade\\\/#breadcrumb\"},\"inLanguage\":\"fr-FR\",\"potentialAction\":[{\"@type\":\"ReadAction\",\"target\":[\"https:\\\/\\\/quintamadredeagua.pt\\\/politica-de-privacidade\\\/\"]}]},{\"@type\":\"BreadcrumbList\",\"@id\":\"https:\\\/\\\/quintamadredeagua.pt\\\/politica-de-privacidade\\\/#breadcrumb\",\"itemListElement\":[{\"@type\":\"ListItem\",\"position\":1,\"name\":\"In\u00edcio\",\"item\":\"https:\\\/\\\/quintamadredeagua.pt\\\/\"},{\"@type\":\"ListItem\",\"position\":2,\"name\":\"Politique de confidentialit\u00e9\"}]},{\"@type\":\"WebSite\",\"@id\":\"https:\\\/\\\/quintamadredeagua.pt\\\/fr\\\/#website\",\"url\":\"https:\\\/\\\/quintamadredeagua.pt\\\/fr\\\/\",\"name\":\"QUINTA MADRE DE \u00c1GUA - HOTEL SERRA DA ESTRELA\",\"description\":\"QUINTA MADRE DE \u00c1GUA - HOTEL SERRA DA ESTRELA\",\"publisher\":{\"@id\":\"https:\\\/\\\/quintamadredeagua.pt\\\/fr\\\/#organization\"},\"potentialAction\":[{\"@type\":\"SearchAction\",\"target\":{\"@type\":\"EntryPoint\",\"urlTemplate\":\"https:\\\/\\\/quintamadredeagua.pt\\\/fr\\\/?s={search_term_string}\"},\"query-input\":{\"@type\":\"PropertyValueSpecification\",\"valueRequired\":true,\"valueName\":\"search_term_string\"}}],\"inLanguage\":\"fr-FR\"},{\"@type\":\"Organization\",\"@id\":\"https:\\\/\\\/quintamadredeagua.pt\\\/fr\\\/#organization\",\"name\":\"QUINTA MADRE DE \u00c1GUA - HOTEL SERRA DA ESTRELA\",\"url\":\"https:\\\/\\\/quintamadredeagua.pt\\\/fr\\\/\",\"logo\":{\"@type\":\"ImageObject\",\"inLanguage\":\"fr-FR\",\"@id\":\"https:\\\/\\\/quintamadredeagua.pt\\\/fr\\\/#\\\/schema\\\/logo\\\/image\\\/\",\"url\":\"https:\\\/\\\/quintamadredeagua.pt\\\/wp-content\\\/uploads\\\/2022\\\/06\\\/logo_qma.png\",\"contentUrl\":\"https:\\\/\\\/quintamadredeagua.pt\\\/wp-content\\\/uploads\\\/2022\\\/06\\\/logo_qma.png\",\"width\":420,\"height\":197,\"caption\":\"QUINTA MADRE DE \u00c1GUA - HOTEL SERRA DA ESTRELA\"},\"image\":{\"@id\":\"https:\\\/\\\/quintamadredeagua.pt\\\/fr\\\/#\\\/schema\\\/logo\\\/image\\\/\"},\"sameAs\":[\"https:\\\/\\\/www.facebook.com\\\/QuintaMadreDeAgua\",\"https:\\\/\\\/x.com\\\/QuintaMadreAgua\",\"https:\\\/\\\/www.linkedin.com\\\/company\\\/madre-de-gua-lda-\\\/\",\"https:\\\/\\\/www.youtube.com\\\/channel\\\/UCriZxfvunNRTk1gVO-jjr4g\",\"https:\\\/\\\/www.pinterest.pt\\\/quintamadredeagua\\\/\"]}]}<\/script>\n<!-- \/ Yoast SEO plugin. -->","yoast_head_json":{"title":"Politique de confidentialit\u00e9 - QUINTA MADRE DE \u00c1GUA - HOTEL SERRA DA ESTRELA","robots":{"index":"index","follow":"follow","max-snippet":"max-snippet:-1","max-image-preview":"max-image-preview:large","max-video-preview":"max-video-preview:-1"},"canonical":"https:\/\/quintamadredeagua.pt\/politica-de-privacidade\/","og_locale":"fr_FR","og_type":"article","og_title":"Politique de confidentialit\u00e9 - QUINTA MADRE DE \u00c1GUA - HOTEL SERRA DA ESTRELA","og_description":"HOTEL RURAL QUINTA MADRE DE \u00c1GUA Politique de confidentialit\u00e9 I &#8211; Avertissement pr\u00e9alable L&#8217;utilisation du site Web Quinta Madre de \u00c1gua est r\u00e9gie par les termes et conditions contenus dans la pr\u00e9sente politique de confidentialit\u00e9 et que le visiteur (&#8220;Utilisateur&#8221;) s&#8217;engage \u00e0 respecter pleinement. L&#8217;Utilisateur ne doit pas utiliser ce site s&#8217;il n&#8217;est pas d&#8217;accord [&hellip;]","og_url":"https:\/\/quintamadredeagua.pt\/politica-de-privacidade\/","og_site_name":"QUINTA MADRE DE \u00c1GUA - HOTEL SERRA DA ESTRELA","article_publisher":"https:\/\/www.facebook.com\/QuintaMadreDeAgua","article_modified_time":"2022-08-11T14:34:35+00:00","twitter_card":"summary_large_image","twitter_site":"@QuintaMadreAgua","twitter_misc":{"Dur\u00e9e de lecture estim\u00e9e":"4 minutes"},"schema":{"@context":"https:\/\/schema.org","@graph":[{"@type":"WebPage","@id":"https:\/\/quintamadredeagua.pt\/politica-de-privacidade\/","url":"https:\/\/quintamadredeagua.pt\/politica-de-privacidade\/","name":"Politique de confidentialit\u00e9 - QUINTA MADRE DE \u00c1GUA - HOTEL SERRA DA ESTRELA","isPartOf":{"@id":"https:\/\/quintamadredeagua.pt\/fr\/#website"},"datePublished":"2022-08-01T10:31:41+00:00","dateModified":"2022-08-11T14:34:35+00:00","breadcrumb":{"@id":"https:\/\/quintamadredeagua.pt\/politica-de-privacidade\/#breadcrumb"},"inLanguage":"fr-FR","potentialAction":[{"@type":"ReadAction","target":["https:\/\/quintamadredeagua.pt\/politica-de-privacidade\/"]}]},{"@type":"BreadcrumbList","@id":"https:\/\/quintamadredeagua.pt\/politica-de-privacidade\/#breadcrumb","itemListElement":[{"@type":"ListItem","position":1,"name":"In\u00edcio","item":"https:\/\/quintamadredeagua.pt\/"},{"@type":"ListItem","position":2,"name":"Politique de confidentialit\u00e9"}]},{"@type":"WebSite","@id":"https:\/\/quintamadredeagua.pt\/fr\/#website","url":"https:\/\/quintamadredeagua.pt\/fr\/","name":"QUINTA MADRE DE \u00c1GUA - HOTEL SERRA DA ESTRELA","description":"QUINTA MADRE DE \u00c1GUA - HOTEL SERRA DA ESTRELA","publisher":{"@id":"https:\/\/quintamadredeagua.pt\/fr\/#organization"},"potentialAction":[{"@type":"SearchAction","target":{"@type":"EntryPoint","urlTemplate":"https:\/\/quintamadredeagua.pt\/fr\/?s={search_term_string}"},"query-input":{"@type":"PropertyValueSpecification","valueRequired":true,"valueName":"search_term_string"}}],"inLanguage":"fr-FR"},{"@type":"Organization","@id":"https:\/\/quintamadredeagua.pt\/fr\/#organization","name":"QUINTA MADRE DE \u00c1GUA - HOTEL SERRA DA ESTRELA","url":"https:\/\/quintamadredeagua.pt\/fr\/","logo":{"@type":"ImageObject","inLanguage":"fr-FR","@id":"https:\/\/quintamadredeagua.pt\/fr\/#\/schema\/logo\/image\/","url":"https:\/\/quintamadredeagua.pt\/wp-content\/uploads\/2022\/06\/logo_qma.png","contentUrl":"https:\/\/quintamadredeagua.pt\/wp-content\/uploads\/2022\/06\/logo_qma.png","width":420,"height":197,"caption":"QUINTA MADRE DE \u00c1GUA - HOTEL SERRA DA ESTRELA"},"image":{"@id":"https:\/\/quintamadredeagua.pt\/fr\/#\/schema\/logo\/image\/"},"sameAs":["https:\/\/www.facebook.com\/QuintaMadreDeAgua","https:\/\/x.com\/QuintaMadreAgua","https:\/\/www.linkedin.com\/company\/madre-de-gua-lda-\/","https:\/\/www.youtube.com\/channel\/UCriZxfvunNRTk1gVO-jjr4g","https:\/\/www.pinterest.pt\/quintamadredeagua\/"]}]}},"_links":{"self":[{"href":"https:\/\/quintamadredeagua.pt\/fr\/wp-json\/wp\/v2\/pages\/31735","targetHints":{"allow":["GET"]}}],"collection":[{"href":"https:\/\/quintamadredeagua.pt\/fr\/wp-json\/wp\/v2\/pages"}],"about":[{"href":"https:\/\/quintamadredeagua.pt\/fr\/wp-json\/wp\/v2\/types\/page"}],"author":[{"embeddable":true,"href":"https:\/\/quintamadredeagua.pt\/fr\/wp-json\/wp\/v2\/users\/1"}],"replies":[{"embeddable":true,"href":"https:\/\/quintamadredeagua.pt\/fr\/wp-json\/wp\/v2\/comments?post=31735"}],"version-history":[{"count":3,"href":"https:\/\/quintamadredeagua.pt\/fr\/wp-json\/wp\/v2\/pages\/31735\/revisions"}],"predecessor-version":[{"id":32126,"href":"https:\/\/quintamadredeagua.pt\/fr\/wp-json\/wp\/v2\/pages\/31735\/revisions\/32126"}],"wp:attachment":[{"href":"https:\/\/quintamadredeagua.pt\/fr\/wp-json\/wp\/v2\/media?parent=31735"}],"curies":[{"name":"wp","href":"https:\/\/api.w.org\/{rel}","templated":true}]}}