{"id":31785,"date":"2022-08-01T14:37:19","date_gmt":"2022-08-01T14:37:19","guid":{"rendered":"https:\/\/quintamadredeagua.pt\/2022\/experiences\/itineraire-madre-de-agua\/"},"modified":"2022-08-11T14:29:52","modified_gmt":"2022-08-11T14:29:52","slug":"itineraire-madre-de-agua","status":"publish","type":"page","link":"https:\/\/quintamadredeagua.pt\/fr\/experiences\/itineraire-madre-de-agua\/","title":{"rendered":"Itin\u00e9raire Madre de \u00c1gua"},"content":{"rendered":"\t\t<div data-elementor-type=\"wp-page\" data-elementor-id=\"31785\" class=\"elementor elementor-31785 elementor-29492\" data-elementor-post-type=\"page\">\n\t\t\t\t\t\t<section class=\"elementor-section elementor-top-section elementor-element elementor-element-19448e0 elementor-section-full_width elementor-section-height-default elementor-section-height-default\" data-id=\"19448e0\" data-element_type=\"section\" data-settings=\"{&quot;background_background&quot;:&quot;classic&quot;}\">\n\t\t\t\t\t\t\t<div class=\"elementor-background-overlay\"><\/div>\n\t\t\t\t\t\t\t<div class=\"elementor-container elementor-column-gap-default\">\n\t\t\t\t\t<div class=\"elementor-column elementor-col-100 elementor-top-column elementor-element elementor-element-9393acb\" data-id=\"9393acb\" data-element_type=\"column\">\n\t\t\t<div class=\"elementor-widget-wrap elementor-element-populated\">\n\t\t\t\t\t\t<section class=\"elementor-section elementor-inner-section elementor-element elementor-element-b8bb046 elementor-section-boxed elementor-section-height-default elementor-section-height-default\" data-id=\"b8bb046\" data-element_type=\"section\">\n\t\t\t\t\t\t<div class=\"elementor-container elementor-column-gap-default\">\n\t\t\t\t\t<div class=\"elementor-column elementor-col-100 elementor-inner-column elementor-element elementor-element-cd778dc\" data-id=\"cd778dc\" data-element_type=\"column\">\n\t\t\t<div class=\"elementor-widget-wrap elementor-element-populated\">\n\t\t\t\t\t\t<div class=\"elementor-element elementor-element-278a8ea elementor-invisible elementor-widget elementor-widget-heading\" data-id=\"278a8ea\" data-element_type=\"widget\" data-settings=\"{&quot;_animation&quot;:&quot;fadeInDown&quot;}\" data-widget_type=\"heading.default\">\n\t\t\t\t<div class=\"elementor-widget-container\">\n\t\t\t\t\t<h2 class=\"elementor-heading-title elementor-size-default\">H\u00d4TEL RURAL QUINTA MADRE DE \u00c1GUA<\/h2>\t\t\t\t<\/div>\n\t\t\t\t<\/div>\n\t\t\t\t<div class=\"elementor-element elementor-element-5e00ad6 elementor-widget elementor-widget-spacer\" data-id=\"5e00ad6\" data-element_type=\"widget\" data-widget_type=\"spacer.default\">\n\t\t\t\t<div class=\"elementor-widget-container\">\n\t\t\t\t\t\t\t<div class=\"elementor-spacer\">\n\t\t\t<div class=\"elementor-spacer-inner\"><\/div>\n\t\t<\/div>\n\t\t\t\t\t\t<\/div>\n\t\t\t\t<\/div>\n\t\t\t\t<div class=\"elementor-element elementor-element-885bebe elementor-invisible elementor-widget elementor-widget-heading\" data-id=\"885bebe\" data-element_type=\"widget\" data-settings=\"{&quot;_animation&quot;:&quot;fadeInDown&quot;}\" data-widget_type=\"heading.default\">\n\t\t\t\t<div class=\"elementor-widget-container\">\n\t\t\t\t\t<h2 class=\"elementor-heading-title elementor-size-default\">Itin\u00e9raire Madre de \u00c1gua<\/h2>\t\t\t\t<\/div>\n\t\t\t\t<\/div>\n\t\t\t\t<div class=\"elementor-element elementor-element-d4e41e0 elementor-widget elementor-widget-spacer\" data-id=\"d4e41e0\" data-element_type=\"widget\" data-widget_type=\"spacer.default\">\n\t\t\t\t<div class=\"elementor-widget-container\">\n\t\t\t\t\t\t\t<div class=\"elementor-spacer\">\n\t\t\t<div class=\"elementor-spacer-inner\"><\/div>\n\t\t<\/div>\n\t\t\t\t\t\t<\/div>\n\t\t\t\t<\/div>\n\t\t\t\t<div class=\"elementor-element elementor-element-45bbbc3 text-about elementor-view-default elementor-widget elementor-widget-icon\" data-id=\"45bbbc3\" data-element_type=\"widget\" data-widget_type=\"icon.default\">\n\t\t\t\t<div class=\"elementor-widget-container\">\n\t\t\t\t\t\t\t<div class=\"elementor-icon-wrapper\">\n\t\t\t<div class=\"elementor-icon\">\n\t\t\t\t\t\t<\/div>\n\t\t<\/div>\n\t\t\t\t\t\t<\/div>\n\t\t\t\t<\/div>\n\t\t\t\t\t<\/div>\n\t\t<\/div>\n\t\t\t\t\t<\/div>\n\t\t<\/section>\n\t\t\t\t\t<\/div>\n\t\t<\/div>\n\t\t\t\t\t<\/div>\n\t\t<\/section>\n\t\t\t\t<section class=\"elementor-section elementor-top-section elementor-element elementor-element-135ea7d elementor-section-full_width elementor-section-height-default elementor-section-height-default\" data-id=\"135ea7d\" data-element_type=\"section\">\n\t\t\t\t\t\t<div class=\"elementor-container elementor-column-gap-default\">\n\t\t\t\t\t<div class=\"elementor-column elementor-col-50 elementor-top-column elementor-element elementor-element-e622219\" data-id=\"e622219\" data-element_type=\"column\">\n\t\t\t<div class=\"elementor-widget-wrap elementor-element-populated\">\n\t\t\t\t\t\t<div class=\"elementor-element elementor-element-dbcd634 elementor-widget elementor-widget-image\" data-id=\"dbcd634\" data-element_type=\"widget\" data-widget_type=\"image.default\">\n\t\t\t\t<div class=\"elementor-widget-container\">\n\t\t\t\t\t\t\t\t\t\t\t\t\t\t\t\t<a href=\"https:\/\/quintamadredeagua.pt\/wp-content\/uploads\/2022\/08\/Percurso_Madre_Agua.jpeg\" data-elementor-open-lightbox=\"yes\" data-elementor-lightbox-title=\"Percurso_Madre_Agua\" data-elementor-lightbox-description=\"Quinta Madre de Agua\" data-e-action-hash=\"#elementor-action%3Aaction%3Dlightbox%26settings%3DeyJpZCI6MzE1NTcsInVybCI6Imh0dHBzOlwvXC9xdWludGFtYWRyZWRlYWd1YS5wdFwvd3AtY29udGVudFwvdXBsb2Fkc1wvMjAyMlwvMDhcL1BlcmN1cnNvX01hZHJlX0FndWEuanBlZyJ9\">\n\t\t\t\t\t\t\t<img fetchpriority=\"high\" decoding=\"async\" width=\"595\" height=\"842\" src=\"https:\/\/quintamadredeagua.pt\/wp-content\/uploads\/2022\/08\/Percurso_Madre_Agua.jpeg\" class=\"elementor-animation-float attachment-large size-large wp-image-31557\" alt=\"\" \/>\t\t\t\t\t\t\t\t<\/a>\n\t\t\t\t\t\t\t\t\t\t\t\t\t\t\t<\/div>\n\t\t\t\t<\/div>\n\t\t\t\t\t<\/div>\n\t\t<\/div>\n\t\t\t\t<div class=\"elementor-column elementor-col-50 elementor-top-column elementor-element elementor-element-6439af7\" data-id=\"6439af7\" data-element_type=\"column\">\n\t\t\t<div class=\"elementor-widget-wrap elementor-element-populated\">\n\t\t\t\t\t\t<div class=\"elementor-element elementor-element-3cbffab elementor-widget elementor-widget-image\" data-id=\"3cbffab\" data-element_type=\"widget\" data-widget_type=\"image.default\">\n\t\t\t\t<div class=\"elementor-widget-container\">\n\t\t\t\t\t\t\t\t\t\t\t\t\t\t\t\t<a href=\"https:\/\/quintamadredeagua.pt\/wp-content\/uploads\/2022\/08\/Percurso_Madre_Agua_1.jpeg\" data-elementor-open-lightbox=\"yes\" data-elementor-lightbox-title=\"Percurso_Madre_Agua_1\" data-elementor-lightbox-description=\"Quinta Madre de Agua\" data-e-action-hash=\"#elementor-action%3Aaction%3Dlightbox%26settings%3DeyJpZCI6MzE1NTYsInVybCI6Imh0dHBzOlwvXC9xdWludGFtYWRyZWRlYWd1YS5wdFwvd3AtY29udGVudFwvdXBsb2Fkc1wvMjAyMlwvMDhcL1BlcmN1cnNvX01hZHJlX0FndWFfMS5qcGVnIn0%3D\">\n\t\t\t\t\t\t\t<img decoding=\"async\" width=\"595\" height=\"842\" data-src=\"https:\/\/quintamadredeagua.pt\/wp-content\/uploads\/2022\/08\/Percurso_Madre_Agua_1.jpeg\" class=\"elementor-animation-float attachment-large size-large wp-image-31556 lazyload\" alt=\"\" src=\"data:image\/gif;base64,R0lGODlhAQABAAAAACH5BAEKAAEALAAAAAABAAEAAAICTAEAOw==\" style=\"--smush-placeholder-width: 595px; --smush-placeholder-aspect-ratio: 595\/842;\" \/>\t\t\t\t\t\t\t\t<\/a>\n\t\t\t\t\t\t\t\t\t\t\t\t\t\t\t<\/div>\n\t\t\t\t<\/div>\n\t\t\t\t\t<\/div>\n\t\t<\/div>\n\t\t\t\t\t<\/div>\n\t\t<\/section>\n\t\t\t\t<\/div>\n\t\t","protected":false},"excerpt":{"rendered":"<p>H\u00d4TEL RURAL QUINTA MADRE DE \u00c1GUA<\/p>\n","protected":false},"author":1,"featured_media":0,"parent":31619,"menu_order":0,"comment_status":"closed","ping_status":"closed","template":"page-templates\/homepage.php","meta":{"footnotes":""},"class_list":["post-31785","page","type-page","status-publish","hentry"],"yoast_head":"<!-- This site is optimized with the Yoast SEO plugin v25.2 - https:\/\/yoast.com\/wordpress\/plugins\/seo\/ -->\n<title>Itin\u00e9raire Madre de \u00c1gua - QUINTA MADRE DE \u00c1GUA - HOTEL SERRA DA ESTRELA<\/title>\n<meta name=\"robots\" content=\"index, follow, max-snippet:-1, max-image-preview:large, max-video-preview:-1\" \/>\n<link rel=\"canonical\" href=\"https:\/\/quintamadredeagua.pt\/fr\/experiences\/itineraire-madre-de-agua\/\" \/>\n<meta property=\"og:locale\" content=\"fr_FR\" \/>\n<meta property=\"og:type\" content=\"article\" \/>\n<meta property=\"og:title\" content=\"Itin\u00e9raire Madre de \u00c1gua - QUINTA MADRE DE \u00c1GUA - HOTEL SERRA DA ESTRELA\" \/>\n<meta property=\"og:description\" content=\"H\u00d4TEL RURAL QUINTA MADRE DE \u00c1GUA\" \/>\n<meta property=\"og:url\" content=\"https:\/\/quintamadredeagua.pt\/fr\/experiences\/itineraire-madre-de-agua\/\" \/>\n<meta property=\"og:site_name\" content=\"QUINTA MADRE DE \u00c1GUA - HOTEL SERRA DA ESTRELA\" \/>\n<meta property=\"article:publisher\" content=\"https:\/\/www.facebook.com\/QuintaMadreDeAgua\" \/>\n<meta property=\"article:modified_time\" content=\"2022-08-11T14:29:52+00:00\" \/>\n<meta property=\"og:image\" content=\"https:\/\/quintamadredeagua.pt\/2022\/wp-content\/uploads\/2022\/08\/Percurso_Madre_Agua.jpeg\" \/>\n<meta name=\"twitter:card\" content=\"summary_large_image\" \/>\n<meta name=\"twitter:site\" content=\"@QuintaMadreAgua\" \/>\n<meta name=\"twitter:label1\" content=\"Dur\u00e9e de lecture estim\u00e9e\" \/>\n\t<meta name=\"twitter:data1\" content=\"1 minute\" \/>\n<script type=\"application\/ld+json\" class=\"yoast-schema-graph\">{\"@context\":\"https:\/\/schema.org\",\"@graph\":[{\"@type\":\"WebPage\",\"@id\":\"https:\/\/quintamadredeagua.pt\/fr\/experiences\/itineraire-madre-de-agua\/\",\"url\":\"https:\/\/quintamadredeagua.pt\/fr\/experiences\/itineraire-madre-de-agua\/\",\"name\":\"Itin\u00e9raire Madre de \u00c1gua - QUINTA MADRE DE \u00c1GUA - HOTEL SERRA DA ESTRELA\",\"isPartOf\":{\"@id\":\"https:\/\/quintamadredeagua.pt\/fr\/#website\"},\"primaryImageOfPage\":{\"@id\":\"https:\/\/quintamadredeagua.pt\/fr\/experiences\/itineraire-madre-de-agua\/#primaryimage\"},\"image\":{\"@id\":\"https:\/\/quintamadredeagua.pt\/fr\/experiences\/itineraire-madre-de-agua\/#primaryimage\"},\"thumbnailUrl\":\"https:\/\/quintamadredeagua.pt\/2022\/wp-content\/uploads\/2022\/08\/Percurso_Madre_Agua.jpeg\",\"datePublished\":\"2022-08-01T14:37:19+00:00\",\"dateModified\":\"2022-08-11T14:29:52+00:00\",\"breadcrumb\":{\"@id\":\"https:\/\/quintamadredeagua.pt\/fr\/experiences\/itineraire-madre-de-agua\/#breadcrumb\"},\"inLanguage\":\"fr-FR\",\"potentialAction\":[{\"@type\":\"ReadAction\",\"target\":[\"https:\/\/quintamadredeagua.pt\/fr\/experiences\/itineraire-madre-de-agua\/\"]}]},{\"@type\":\"ImageObject\",\"inLanguage\":\"fr-FR\",\"@id\":\"https:\/\/quintamadredeagua.pt\/fr\/experiences\/itineraire-madre-de-agua\/#primaryimage\",\"url\":\"https:\/\/quintamadredeagua.pt\/2022\/wp-content\/uploads\/2022\/08\/Percurso_Madre_Agua.jpeg\",\"contentUrl\":\"https:\/\/quintamadredeagua.pt\/2022\/wp-content\/uploads\/2022\/08\/Percurso_Madre_Agua.jpeg\"},{\"@type\":\"BreadcrumbList\",\"@id\":\"https:\/\/quintamadredeagua.pt\/fr\/experiences\/itineraire-madre-de-agua\/#breadcrumb\",\"itemListElement\":[{\"@type\":\"ListItem\",\"position\":1,\"name\":\"In\u00edcio\",\"item\":\"https:\/\/quintamadredeagua.pt\/\"},{\"@type\":\"ListItem\",\"position\":2,\"name\":\"Exp\u00e9riences\",\"item\":\"https:\/\/quintamadredeagua.pt\/fr\/experiences\/\"},{\"@type\":\"ListItem\",\"position\":3,\"name\":\"Itin\u00e9raire Madre de \u00c1gua\"}]},{\"@type\":\"WebSite\",\"@id\":\"https:\/\/quintamadredeagua.pt\/fr\/#website\",\"url\":\"https:\/\/quintamadredeagua.pt\/fr\/\",\"name\":\"QUINTA MADRE DE \u00c1GUA - HOTEL SERRA DA ESTRELA\",\"description\":\"QUINTA MADRE DE \u00c1GUA - HOTEL SERRA DA ESTRELA\",\"publisher\":{\"@id\":\"https:\/\/quintamadredeagua.pt\/fr\/#organization\"},\"potentialAction\":[{\"@type\":\"SearchAction\",\"target\":{\"@type\":\"EntryPoint\",\"urlTemplate\":\"https:\/\/quintamadredeagua.pt\/fr\/?s={search_term_string}\"},\"query-input\":{\"@type\":\"PropertyValueSpecification\",\"valueRequired\":true,\"valueName\":\"search_term_string\"}}],\"inLanguage\":\"fr-FR\"},{\"@type\":\"Organization\",\"@id\":\"https:\/\/quintamadredeagua.pt\/fr\/#organization\",\"name\":\"QUINTA MADRE DE \u00c1GUA - HOTEL SERRA DA ESTRELA\",\"url\":\"https:\/\/quintamadredeagua.pt\/fr\/\",\"logo\":{\"@type\":\"ImageObject\",\"inLanguage\":\"fr-FR\",\"@id\":\"https:\/\/quintamadredeagua.pt\/fr\/#\/schema\/logo\/image\/\",\"url\":\"https:\/\/quintamadredeagua.pt\/wp-content\/uploads\/2022\/06\/logo_qma.png\",\"contentUrl\":\"https:\/\/quintamadredeagua.pt\/wp-content\/uploads\/2022\/06\/logo_qma.png\",\"width\":420,\"height\":197,\"caption\":\"QUINTA MADRE DE \u00c1GUA - HOTEL SERRA DA ESTRELA\"},\"image\":{\"@id\":\"https:\/\/quintamadredeagua.pt\/fr\/#\/schema\/logo\/image\/\"},\"sameAs\":[\"https:\/\/www.facebook.com\/QuintaMadreDeAgua\",\"https:\/\/x.com\/QuintaMadreAgua\",\"https:\/\/www.linkedin.com\/company\/madre-de-gua-lda-\/\",\"https:\/\/www.youtube.com\/channel\/UCriZxfvunNRTk1gVO-jjr4g\",\"https:\/\/www.pinterest.pt\/quintamadredeagua\/\"]}]}<\/script>\n<!-- \/ Yoast SEO plugin. -->","yoast_head_json":{"title":"Itin\u00e9raire Madre de \u00c1gua - QUINTA MADRE DE \u00c1GUA - HOTEL SERRA DA ESTRELA","robots":{"index":"index","follow":"follow","max-snippet":"max-snippet:-1","max-image-preview":"max-image-preview:large","max-video-preview":"max-video-preview:-1"},"canonical":"https:\/\/quintamadredeagua.pt\/fr\/experiences\/itineraire-madre-de-agua\/","og_locale":"fr_FR","og_type":"article","og_title":"Itin\u00e9raire Madre de \u00c1gua - QUINTA MADRE DE \u00c1GUA - HOTEL SERRA DA ESTRELA","og_description":"H\u00d4TEL RURAL QUINTA MADRE DE \u00c1GUA","og_url":"https:\/\/quintamadredeagua.pt\/fr\/experiences\/itineraire-madre-de-agua\/","og_site_name":"QUINTA MADRE DE \u00c1GUA - HOTEL SERRA DA ESTRELA","article_publisher":"https:\/\/www.facebook.com\/QuintaMadreDeAgua","article_modified_time":"2022-08-11T14:29:52+00:00","og_image":[{"url":"https:\/\/quintamadredeagua.pt\/2022\/wp-content\/uploads\/2022\/08\/Percurso_Madre_Agua.jpeg","type":"","width":"","height":""}],"twitter_card":"summary_large_image","twitter_site":"@QuintaMadreAgua","twitter_misc":{"Dur\u00e9e de lecture estim\u00e9e":"1 minute"},"schema":{"@context":"https:\/\/schema.org","@graph":[{"@type":"WebPage","@id":"https:\/\/quintamadredeagua.pt\/fr\/experiences\/itineraire-madre-de-agua\/","url":"https:\/\/quintamadredeagua.pt\/fr\/experiences\/itineraire-madre-de-agua\/","name":"Itin\u00e9raire Madre de \u00c1gua - QUINTA MADRE DE \u00c1GUA - HOTEL SERRA DA ESTRELA","isPartOf":{"@id":"https:\/\/quintamadredeagua.pt\/fr\/#website"},"primaryImageOfPage":{"@id":"https:\/\/quintamadredeagua.pt\/fr\/experiences\/itineraire-madre-de-agua\/#primaryimage"},"image":{"@id":"https:\/\/quintamadredeagua.pt\/fr\/experiences\/itineraire-madre-de-agua\/#primaryimage"},"thumbnailUrl":"https:\/\/quintamadredeagua.pt\/2022\/wp-content\/uploads\/2022\/08\/Percurso_Madre_Agua.jpeg","datePublished":"2022-08-01T14:37:19+00:00","dateModified":"2022-08-11T14:29:52+00:00","breadcrumb":{"@id":"https:\/\/quintamadredeagua.pt\/fr\/experiences\/itineraire-madre-de-agua\/#breadcrumb"},"inLanguage":"fr-FR","potentialAction":[{"@type":"ReadAction","target":["https:\/\/quintamadredeagua.pt\/fr\/experiences\/itineraire-madre-de-agua\/"]}]},{"@type":"ImageObject","inLanguage":"fr-FR","@id":"https:\/\/quintamadredeagua.pt\/fr\/experiences\/itineraire-madre-de-agua\/#primaryimage","url":"https:\/\/quintamadredeagua.pt\/2022\/wp-content\/uploads\/2022\/08\/Percurso_Madre_Agua.jpeg","contentUrl":"https:\/\/quintamadredeagua.pt\/2022\/wp-content\/uploads\/2022\/08\/Percurso_Madre_Agua.jpeg"},{"@type":"BreadcrumbList","@id":"https:\/\/quintamadredeagua.pt\/fr\/experiences\/itineraire-madre-de-agua\/#breadcrumb","itemListElement":[{"@type":"ListItem","position":1,"name":"In\u00edcio","item":"https:\/\/quintamadredeagua.pt\/"},{"@type":"ListItem","position":2,"name":"Exp\u00e9riences","item":"https:\/\/quintamadredeagua.pt\/fr\/experiences\/"},{"@type":"ListItem","position":3,"name":"Itin\u00e9raire Madre de \u00c1gua"}]},{"@type":"WebSite","@id":"https:\/\/quintamadredeagua.pt\/fr\/#website","url":"https:\/\/quintamadredeagua.pt\/fr\/","name":"QUINTA MADRE DE \u00c1GUA - HOTEL SERRA DA ESTRELA","description":"QUINTA MADRE DE \u00c1GUA - HOTEL SERRA DA ESTRELA","publisher":{"@id":"https:\/\/quintamadredeagua.pt\/fr\/#organization"},"potentialAction":[{"@type":"SearchAction","target":{"@type":"EntryPoint","urlTemplate":"https:\/\/quintamadredeagua.pt\/fr\/?s={search_term_string}"},"query-input":{"@type":"PropertyValueSpecification","valueRequired":true,"valueName":"search_term_string"}}],"inLanguage":"fr-FR"},{"@type":"Organization","@id":"https:\/\/quintamadredeagua.pt\/fr\/#organization","name":"QUINTA MADRE DE \u00c1GUA - HOTEL SERRA DA ESTRELA","url":"https:\/\/quintamadredeagua.pt\/fr\/","logo":{"@type":"ImageObject","inLanguage":"fr-FR","@id":"https:\/\/quintamadredeagua.pt\/fr\/#\/schema\/logo\/image\/","url":"https:\/\/quintamadredeagua.pt\/wp-content\/uploads\/2022\/06\/logo_qma.png","contentUrl":"https:\/\/quintamadredeagua.pt\/wp-content\/uploads\/2022\/06\/logo_qma.png","width":420,"height":197,"caption":"QUINTA MADRE DE \u00c1GUA - HOTEL SERRA DA ESTRELA"},"image":{"@id":"https:\/\/quintamadredeagua.pt\/fr\/#\/schema\/logo\/image\/"},"sameAs":["https:\/\/www.facebook.com\/QuintaMadreDeAgua","https:\/\/x.com\/QuintaMadreAgua","https:\/\/www.linkedin.com\/company\/madre-de-gua-lda-\/","https:\/\/www.youtube.com\/channel\/UCriZxfvunNRTk1gVO-jjr4g","https:\/\/www.pinterest.pt\/quintamadredeagua\/"]}]}},"_links":{"self":[{"href":"https:\/\/quintamadredeagua.pt\/fr\/wp-json\/wp\/v2\/pages\/31785","targetHints":{"allow":["GET"]}}],"collection":[{"href":"https:\/\/quintamadredeagua.pt\/fr\/wp-json\/wp\/v2\/pages"}],"about":[{"href":"https:\/\/quintamadredeagua.pt\/fr\/wp-json\/wp\/v2\/types\/page"}],"author":[{"embeddable":true,"href":"https:\/\/quintamadredeagua.pt\/fr\/wp-json\/wp\/v2\/users\/1"}],"replies":[{"embeddable":true,"href":"https:\/\/quintamadredeagua.pt\/fr\/wp-json\/wp\/v2\/comments?post=31785"}],"version-history":[{"count":3,"href":"https:\/\/quintamadredeagua.pt\/fr\/wp-json\/wp\/v2\/pages\/31785\/revisions"}],"predecessor-version":[{"id":32115,"href":"https:\/\/quintamadredeagua.pt\/fr\/wp-json\/wp\/v2\/pages\/31785\/revisions\/32115"}],"up":[{"embeddable":true,"href":"https:\/\/quintamadredeagua.pt\/fr\/wp-json\/wp\/v2\/pages\/31619"}],"wp:attachment":[{"href":"https:\/\/quintamadredeagua.pt\/fr\/wp-json\/wp\/v2\/media?parent=31785"}],"curies":[{"name":"wp","href":"https:\/\/api.w.org\/{rel}","templated":true}]}}