{"id":32087,"date":"2022-08-01T11:16:47","date_gmt":"2022-08-01T11:16:47","guid":{"rendered":"https:\/\/quintamadredeagua.pt\/2022\/experiences\/degustation-de-fromages\/"},"modified":"2025-11-20T14:31:55","modified_gmt":"2025-11-20T14:31:55","slug":"degustation-de-fromages","status":"publish","type":"page","link":"https:\/\/quintamadredeagua.pt\/fr\/experiences\/degustation-de-fromages\/","title":{"rendered":"D\u00e9gustation de Fromages"},"content":{"rendered":"\t\t<div data-elementor-type=\"wp-page\" data-elementor-id=\"32087\" class=\"elementor elementor-32087 elementor-29320\" data-elementor-post-type=\"page\">\n\t\t\t\t\t\t<section class=\"elementor-section elementor-top-section elementor-element elementor-element-1dbff6c elementor-section-full_width elementor-section-height-default elementor-section-height-default\" data-id=\"1dbff6c\" data-element_type=\"section\" data-e-type=\"section\" data-settings=\"{&quot;background_background&quot;:&quot;classic&quot;}\">\n\t\t\t\t\t\t\t<div class=\"elementor-background-overlay\"><\/div>\n\t\t\t\t\t\t\t<div class=\"elementor-container elementor-column-gap-default\">\n\t\t\t\t\t<div class=\"elementor-column elementor-col-100 elementor-top-column elementor-element elementor-element-0924ec6\" data-id=\"0924ec6\" data-element_type=\"column\" data-e-type=\"column\">\n\t\t\t<div class=\"elementor-widget-wrap elementor-element-populated\">\n\t\t\t\t\t\t<section class=\"elementor-section elementor-inner-section elementor-element elementor-element-bfb42b5 elementor-section-boxed elementor-section-height-default elementor-section-height-default\" data-id=\"bfb42b5\" data-element_type=\"section\" data-e-type=\"section\">\n\t\t\t\t\t\t<div class=\"elementor-container elementor-column-gap-default\">\n\t\t\t\t\t<div class=\"elementor-column elementor-col-100 elementor-inner-column elementor-element elementor-element-84c1466\" data-id=\"84c1466\" data-element_type=\"column\" data-e-type=\"column\">\n\t\t\t<div class=\"elementor-widget-wrap elementor-element-populated\">\n\t\t\t\t\t\t<div class=\"elementor-element elementor-element-e22d13b elementor-invisible elementor-widget elementor-widget-heading\" data-id=\"e22d13b\" data-element_type=\"widget\" data-e-type=\"widget\" data-settings=\"{&quot;_animation&quot;:&quot;fadeInDown&quot;}\" data-widget_type=\"heading.default\">\n\t\t\t\t<div class=\"elementor-widget-container\">\n\t\t\t\t\t<h2 class=\"elementor-heading-title elementor-size-default\">H\u00d4TEL RURAL QUINTA MADRE DE \u00c1GUA<\/h2>\t\t\t\t<\/div>\n\t\t\t\t<\/div>\n\t\t\t\t<div class=\"elementor-element elementor-element-94b9dbe elementor-widget elementor-widget-spacer\" data-id=\"94b9dbe\" data-element_type=\"widget\" data-e-type=\"widget\" data-widget_type=\"spacer.default\">\n\t\t\t\t<div class=\"elementor-widget-container\">\n\t\t\t\t\t\t\t<div class=\"elementor-spacer\">\n\t\t\t<div class=\"elementor-spacer-inner\"><\/div>\n\t\t<\/div>\n\t\t\t\t\t\t<\/div>\n\t\t\t\t<\/div>\n\t\t\t\t<div class=\"elementor-element elementor-element-4e10187 elementor-invisible elementor-widget elementor-widget-heading\" data-id=\"4e10187\" data-element_type=\"widget\" data-e-type=\"widget\" data-settings=\"{&quot;_animation&quot;:&quot;fadeInDown&quot;}\" data-widget_type=\"heading.default\">\n\t\t\t\t<div class=\"elementor-widget-container\">\n\t\t\t\t\t<h2 class=\"elementor-heading-title elementor-size-default\">D\u00e9gustation de Fromages<\/h2>\t\t\t\t<\/div>\n\t\t\t\t<\/div>\n\t\t\t\t<div class=\"elementor-element elementor-element-70db4f5 elementor-widget elementor-widget-spacer\" data-id=\"70db4f5\" data-element_type=\"widget\" data-e-type=\"widget\" data-widget_type=\"spacer.default\">\n\t\t\t\t<div class=\"elementor-widget-container\">\n\t\t\t\t\t\t\t<div class=\"elementor-spacer\">\n\t\t\t<div class=\"elementor-spacer-inner\"><\/div>\n\t\t<\/div>\n\t\t\t\t\t\t<\/div>\n\t\t\t\t<\/div>\n\t\t\t\t<div class=\"elementor-element elementor-element-0d4fbc6 text-about elementor-view-default elementor-widget elementor-widget-icon\" data-id=\"0d4fbc6\" data-element_type=\"widget\" data-e-type=\"widget\" data-widget_type=\"icon.default\">\n\t\t\t\t<div class=\"elementor-widget-container\">\n\t\t\t\t\t\t\t<div class=\"elementor-icon-wrapper\">\n\t\t\t<div class=\"elementor-icon\">\n\t\t\t\t\t\t<\/div>\n\t\t<\/div>\n\t\t\t\t\t\t<\/div>\n\t\t\t\t<\/div>\n\t\t\t\t\t<\/div>\n\t\t<\/div>\n\t\t\t\t\t<\/div>\n\t\t<\/section>\n\t\t\t\t\t<\/div>\n\t\t<\/div>\n\t\t\t\t\t<\/div>\n\t\t<\/section>\n\t\t\t\t<section class=\"elementor-section elementor-top-section elementor-element elementor-element-8eaa2d6 elementor-section-boxed elementor-section-height-default elementor-section-height-default\" data-id=\"8eaa2d6\" data-element_type=\"section\" data-e-type=\"section\" data-settings=\"{&quot;background_background&quot;:&quot;classic&quot;}\">\n\t\t\t\t\t\t<div class=\"elementor-container elementor-column-gap-extended\">\n\t\t\t\t\t<div class=\"elementor-column elementor-col-50 elementor-top-column elementor-element elementor-element-3416054 elementor-invisible\" data-id=\"3416054\" data-element_type=\"column\" data-e-type=\"column\" data-settings=\"{&quot;animation&quot;:&quot;slideInLeft&quot;}\">\n\t\t\t<div class=\"elementor-widget-wrap elementor-element-populated\">\n\t\t\t\t\t\t<div class=\"elementor-element elementor-element-7934738 title-block-1 elementor-widget elementor-widget-text-editor\" data-id=\"7934738\" data-element_type=\"widget\" data-e-type=\"widget\" data-settings=\"{&quot;_animation&quot;:&quot;none&quot;}\" data-widget_type=\"text-editor.default\">\n\t\t\t\t<div class=\"elementor-widget-container\">\n\t\t\t\t\t\t\t\t\t<p class=\"boc_heading center \">Venez profiter du meilleur que D\u00e3o a \u00e0 offrir !<\/p>\n\t\t\t\t\t\t\t\t<\/div>\n\t\t\t\t<\/div>\n\t\t\t\t<div class=\"elementor-element elementor-element-17576eb elementor-widget elementor-widget-spacer\" data-id=\"17576eb\" data-element_type=\"widget\" data-e-type=\"widget\" data-widget_type=\"spacer.default\">\n\t\t\t\t<div class=\"elementor-widget-container\">\n\t\t\t\t\t\t\t<div class=\"elementor-spacer\">\n\t\t\t<div class=\"elementor-spacer-inner\"><\/div>\n\t\t<\/div>\n\t\t\t\t\t\t<\/div>\n\t\t\t\t<\/div>\n\t\t\t\t<div class=\"elementor-element elementor-element-718b7e3 elementor-tabs-alignment-center elementor-tabs-view-horizontal elementor-widget elementor-widget-tabs\" data-id=\"718b7e3\" data-element_type=\"widget\" data-e-type=\"widget\" data-widget_type=\"tabs.default\">\n\t\t\t\t<div class=\"elementor-widget-container\">\n\t\t\t\t\t\t\t<div class=\"elementor-tabs\">\n\t\t\t<div class=\"elementor-tabs-wrapper\" role=\"tablist\" >\n\t\t\t\t\t\t\t\t\t<div id=\"elementor-tab-title-1191\" class=\"elementor-tab-title elementor-tab-desktop-title\" aria-selected=\"true\" data-tab=\"1\" role=\"tab\" tabindex=\"0\" aria-controls=\"elementor-tab-content-1191\" aria-expanded=\"false\">EN SAVOIR PLUS<\/div>\n\t\t\t\t\t\t\t<\/div>\n\t\t\t<div class=\"elementor-tabs-content-wrapper\" role=\"tablist\" aria-orientation=\"vertical\">\n\t\t\t\t\t\t\t\t\t<div class=\"elementor-tab-title elementor-tab-mobile-title\" aria-selected=\"true\" data-tab=\"1\" role=\"tab\" tabindex=\"0\" aria-controls=\"elementor-tab-content-1191\" aria-expanded=\"false\">EN SAVOIR PLUS<\/div>\n\t\t\t\t\t<div id=\"elementor-tab-content-1191\" class=\"elementor-tab-content elementor-clearfix\" data-tab=\"1\" role=\"tabpanel\" aria-labelledby=\"elementor-tab-title-1191\" tabindex=\"0\" hidden=\"false\"><p>Dans cette exp\u00e9rience, nous vous invitons \u00e0 venir \u00e0 D\u00e3o, \u00e0 la Queijaria Madre de \u00c1gua et \u00e0 d\u00e9guster les meilleurs fromages Serra da Estrela du monde !<\/p>\n<div>\n<p>Lors de cette d\u00e9gustation, vous aurez une d\u00e9gustation de fromages r\u00e9gionaux, \u00e0 savoir le c\u00e9l\u00e8bre fromage Serra da Estrela, le fromage de ch\u00e8vre et le requeij\u00e3o.<\/p>\n<p>Venez profiter du meilleur que D\u00e3o a \u00e0 offrir!<\/p>\n<div><\/div>\n<p><\/p>\n<div><b>Points forts de l&#8217;exp\u00e9rience :<\/b><\/div>\n<p><\/p>\n<div>\n<ul>\n<li>Exp\u00e9rience d&#8217;une dur\u00e9e de 1h \u00e0 la Quinta Madre de \u00c1gua, situ\u00e9e \u00e0 Gouveia ;<\/li>\n<li>D\u00e9gustation de 5 fromages Madre de Agua :\n<ul>\n<li>Queijo da Serra da Estrela- Amanteigado,<\/li>\n<li>Queijo da Serra da Estrela- Velho<\/li>\n<li>Queijo de Cabra<\/li>\n<li>Requeij\u00e3o (Sazonal)<\/li>\n<\/ul>\n<\/li>\n<\/ul>\n<p>Prix par personne : 20,00 \u20ac<\/p>\n<\/div>\n<p><\/div>\n<\/div>\n\t\t\t\t\t\t\t<\/div>\n\t\t<\/div>\n\t\t\t\t\t\t<\/div>\n\t\t\t\t<\/div>\n\t\t\t\t\t<\/div>\n\t\t<\/div>\n\t\t\t\t<div class=\"elementor-column elementor-col-50 elementor-top-column elementor-element elementor-element-a4002e3 elementor-invisible\" data-id=\"a4002e3\" data-element_type=\"column\" data-e-type=\"column\" data-settings=\"{&quot;background_background&quot;:&quot;classic&quot;,&quot;animation&quot;:&quot;slideInRight&quot;}\">\n\t\t\t<div class=\"elementor-widget-wrap elementor-element-populated\">\n\t\t\t\t\t\t<div class=\"elementor-element elementor-element-42be490 elementor-view-default elementor-widget elementor-widget-icon\" data-id=\"42be490\" data-element_type=\"widget\" data-e-type=\"widget\" data-widget_type=\"icon.default\">\n\t\t\t\t<div class=\"elementor-widget-container\">\n\t\t\t\t\t\t\t<div class=\"elementor-icon-wrapper\">\n\t\t\t<div class=\"elementor-icon\">\n\t\t\t\t\t\t<\/div>\n\t\t<\/div>\n\t\t\t\t\t\t<\/div>\n\t\t\t\t<\/div>\n\t\t\t\t<div class=\"elementor-element elementor-element-98b764f elementor-widget elementor-widget-heading\" data-id=\"98b764f\" data-element_type=\"widget\" data-e-type=\"widget\" data-widget_type=\"heading.default\">\n\t\t\t\t<div class=\"elementor-widget-container\">\n\t\t\t\t\t<h2 class=\"elementor-heading-title elementor-size-default\">Pour plus d'informations contactez-nous !<\/h2>\t\t\t\t<\/div>\n\t\t\t\t<\/div>\n\t\t\t\t<div class=\"elementor-element elementor-element-5c770b0 elementor-widget elementor-widget-spacer\" data-id=\"5c770b0\" data-element_type=\"widget\" data-e-type=\"widget\" data-widget_type=\"spacer.default\">\n\t\t\t\t<div class=\"elementor-widget-container\">\n\t\t\t\t\t\t\t<div class=\"elementor-spacer\">\n\t\t\t<div class=\"elementor-spacer-inner\"><\/div>\n\t\t<\/div>\n\t\t\t\t\t\t<\/div>\n\t\t\t\t<\/div>\n\t\t\t\t<div class=\"elementor-element elementor-element-e464b64 elementor-widget elementor-widget-shortcode\" data-id=\"e464b64\" data-element_type=\"widget\" data-e-type=\"widget\" data-widget_type=\"shortcode.default\">\n\t\t\t\t<div class=\"elementor-widget-container\">\n\t\t\t\t\t\t\t<div class=\"elementor-shortcode\">\n<div class=\"wpcf7 no-js\" id=\"wpcf7-f31815-o1\" lang=\"fr-FR\" dir=\"ltr\" data-wpcf7-id=\"31815\">\n<div class=\"screen-reader-response\"><p role=\"status\" aria-live=\"polite\" aria-atomic=\"true\"><\/p> <ul><\/ul><\/div>\n<form action=\"\/fr\/wp-json\/wp\/v2\/pages\/32087#wpcf7-f31815-o1\" method=\"post\" class=\"wpcf7-form init\" aria-label=\"Formulaire de contact\" novalidate=\"novalidate\" data-status=\"init\">\n<fieldset class=\"hidden-fields-container\"><input type=\"hidden\" name=\"_wpcf7\" value=\"31815\" \/><input type=\"hidden\" name=\"_wpcf7_version\" value=\"6.1.5\" \/><input type=\"hidden\" name=\"_wpcf7_locale\" value=\"fr_FR\" \/><input type=\"hidden\" name=\"_wpcf7_unit_tag\" value=\"wpcf7-f31815-o1\" \/><input type=\"hidden\" name=\"_wpcf7_container_post\" value=\"0\" \/><input type=\"hidden\" name=\"_wpcf7_posted_data_hash\" value=\"\" \/>\n<\/fieldset>\n<div class=\"contact-us-form\">\n\t<div class=\"row\">\n\t\t<div class=\"col-sm-12 col-md-6\">\n\t\t\t<p><span class=\"wpcf7-form-control-wrap\" data-name=\"nome\"><input size=\"40\" maxlength=\"400\" class=\"wpcf7-form-control wpcf7-text wpcf7-validates-as-required\" aria-required=\"true\" aria-invalid=\"false\" placeholder=\"Nom *\" value=\"\" type=\"text\" name=\"nome\" \/><\/span>\n\t\t\t<\/p>\n\t\t<\/div>\n\t\t<div class=\"col-sm-12 col-md-6\">\n\t\t\t<p><span class=\"wpcf7-form-control-wrap\" data-name=\"email\"><input size=\"40\" maxlength=\"400\" class=\"wpcf7-form-control wpcf7-email wpcf7-validates-as-required wpcf7-text wpcf7-validates-as-email\" aria-required=\"true\" aria-invalid=\"false\" placeholder=\"Email *\" value=\"\" type=\"email\" name=\"email\" \/><\/span>\n\t\t\t<\/p>\n\t\t<\/div>\n\t<\/div>\n\t<div class=\"row\">\n\t\t<div class=\"col-sm-12\">\n\t\t\t<p><span class=\"wpcf7-form-control-wrap\" data-name=\"assunto\"><input size=\"40\" maxlength=\"400\" class=\"wpcf7-form-control wpcf7-text\" aria-invalid=\"false\" placeholder=\"Mati\u00e8re\" value=\"\" type=\"text\" name=\"assunto\" \/><\/span>\n\t\t\t<\/p>\n\t\t<\/div>\n\t<\/div>\n\t<div class=\"row\">\n\t\t<div class=\"col-sm-12\">\n\t\t\t<p><span class=\"wpcf7-form-control-wrap\" data-name=\"textarea-982\"><textarea cols=\"40\" rows=\"10\" maxlength=\"2000\" class=\"wpcf7-form-control wpcf7-textarea\" aria-invalid=\"false\" placeholder=\"Message\" name=\"textarea-982\"><\/textarea><\/span>\n\t\t\t<\/p>\n\t\t<\/div>\n\t<\/div>\n\t<div class=\"form-row\">\n\t\t<div class=\"column-full aceitacao\">\n\t\t\t<p><span class=\"wpcf7-form-control-wrap\" data-name=\"acceptance-839\"><span class=\"wpcf7-form-control wpcf7-acceptance\"><span class=\"wpcf7-list-item\"><label><input type=\"checkbox\" name=\"acceptance-839\" value=\"1\" aria-invalid=\"false\" \/><span class=\"wpcf7-list-item-label\"><span>En utilisant nos formulaires de contact, vous acceptez nos politiques de confidentialit\u00e9, nos conditions d'utilisation des donn\u00e9es et notre RAL.<\/span><\/span><\/label><\/span><\/span><\/span>\n\t\t\t<\/p>\n\t\t<\/div>\n\t<\/div>\n\t<div class=\"button\">\n\t\t<p><input class=\"wpcf7-form-control wpcf7-submit has-spinner\" type=\"submit\" value=\"ENVOYER\" \/>\n\t\t<\/p>\n\t<\/div>\n<\/div><input type='hidden' class='wpcf7-pum' value='{\"closepopup\":false,\"closedelay\":0,\"openpopup\":false,\"openpopup_id\":0}' \/><div class=\"wpcf7-response-output\" aria-hidden=\"true\"><\/div>\n<\/form>\n<\/div>\n<\/div>\n\t\t\t\t\t\t<\/div>\n\t\t\t\t<\/div>\n\t\t\t\t\t<\/div>\n\t\t<\/div>\n\t\t\t\t\t<\/div>\n\t\t<\/section>\n\t\t\t\t<\/div>\n\t\t","protected":false},"excerpt":{"rendered":"<p>H\u00d4TEL RURAL QUINTA MADRE DE \u00c1GUA Venez profiter du meilleur que D\u00e3o a \u00e0 offrir ! EN SAVOIR PLUS EN SAVOIR PLUS Dans cette exp\u00e9rience, nous vous invitons \u00e0 venir \u00e0 D\u00e3o, \u00e0 la Queijaria Madre de \u00c1gua et \u00e0 d\u00e9guster les meilleurs fromages Serra da Estrela du monde ! Lors de cette d\u00e9gustation, vous [&hellip;]<\/p>\n","protected":false},"author":1,"featured_media":0,"parent":31619,"menu_order":0,"comment_status":"closed","ping_status":"closed","template":"page-templates\/homepage.php","meta":{"footnotes":""},"class_list":["post-32087","page","type-page","status-publish","hentry"],"yoast_head":"<!-- This site is optimized with the Yoast SEO plugin v27.4 - https:\/\/yoast.com\/product\/yoast-seo-wordpress\/ -->\n<title>D\u00e9gustation de Fromages - QUINTA MADRE DE \u00c1GUA - HOTEL SERRA DA ESTRELA<\/title>\n<meta name=\"robots\" content=\"index, follow, max-snippet:-1, max-image-preview:large, max-video-preview:-1\" \/>\n<link rel=\"canonical\" href=\"https:\/\/quintamadredeagua.pt\/fr\/experiences\/degustation-de-fromages\/\" \/>\n<meta property=\"og:locale\" content=\"fr_FR\" \/>\n<meta property=\"og:type\" content=\"article\" \/>\n<meta property=\"og:title\" content=\"D\u00e9gustation de Fromages - QUINTA MADRE DE \u00c1GUA - HOTEL SERRA DA ESTRELA\" \/>\n<meta property=\"og:description\" content=\"H\u00d4TEL RURAL QUINTA MADRE DE \u00c1GUA Venez profiter du meilleur que D\u00e3o a \u00e0 offrir ! EN SAVOIR PLUS EN SAVOIR PLUS Dans cette exp\u00e9rience, nous vous invitons \u00e0 venir \u00e0 D\u00e3o, \u00e0 la Queijaria Madre de \u00c1gua et \u00e0 d\u00e9guster les meilleurs fromages Serra da Estrela du monde ! Lors de cette d\u00e9gustation, vous [&hellip;]\" \/>\n<meta property=\"og:url\" content=\"https:\/\/quintamadredeagua.pt\/fr\/experiences\/degustation-de-fromages\/\" \/>\n<meta property=\"og:site_name\" content=\"QUINTA MADRE DE \u00c1GUA - HOTEL SERRA DA ESTRELA\" \/>\n<meta property=\"article:publisher\" content=\"https:\/\/www.facebook.com\/QuintaMadreDeAgua\" \/>\n<meta property=\"article:modified_time\" content=\"2025-11-20T14:31:55+00:00\" \/>\n<meta name=\"twitter:card\" content=\"summary_large_image\" \/>\n<meta name=\"twitter:site\" content=\"@QuintaMadreAgua\" \/>\n<meta name=\"twitter:label1\" content=\"Dur\u00e9e de lecture estim\u00e9e\" \/>\n\t<meta name=\"twitter:data1\" content=\"1 minute\" \/>\n<script type=\"application\/ld+json\" class=\"yoast-schema-graph\">{\"@context\":\"https:\\\/\\\/schema.org\",\"@graph\":[{\"@type\":\"WebPage\",\"@id\":\"https:\\\/\\\/quintamadredeagua.pt\\\/fr\\\/experiences\\\/degustation-de-fromages\\\/\",\"url\":\"https:\\\/\\\/quintamadredeagua.pt\\\/fr\\\/experiences\\\/degustation-de-fromages\\\/\",\"name\":\"D\u00e9gustation de Fromages - QUINTA MADRE DE \u00c1GUA - HOTEL SERRA DA ESTRELA\",\"isPartOf\":{\"@id\":\"https:\\\/\\\/quintamadredeagua.pt\\\/fr\\\/#website\"},\"datePublished\":\"2022-08-01T11:16:47+00:00\",\"dateModified\":\"2025-11-20T14:31:55+00:00\",\"breadcrumb\":{\"@id\":\"https:\\\/\\\/quintamadredeagua.pt\\\/fr\\\/experiences\\\/degustation-de-fromages\\\/#breadcrumb\"},\"inLanguage\":\"fr-FR\",\"potentialAction\":[{\"@type\":\"ReadAction\",\"target\":[\"https:\\\/\\\/quintamadredeagua.pt\\\/fr\\\/experiences\\\/degustation-de-fromages\\\/\"]}]},{\"@type\":\"BreadcrumbList\",\"@id\":\"https:\\\/\\\/quintamadredeagua.pt\\\/fr\\\/experiences\\\/degustation-de-fromages\\\/#breadcrumb\",\"itemListElement\":[{\"@type\":\"ListItem\",\"position\":1,\"name\":\"In\u00edcio\",\"item\":\"https:\\\/\\\/quintamadredeagua.pt\\\/\"},{\"@type\":\"ListItem\",\"position\":2,\"name\":\"Exp\u00e9riences\",\"item\":\"https:\\\/\\\/quintamadredeagua.pt\\\/fr\\\/experiences\\\/\"},{\"@type\":\"ListItem\",\"position\":3,\"name\":\"D\u00e9gustation de Fromages\"}]},{\"@type\":\"WebSite\",\"@id\":\"https:\\\/\\\/quintamadredeagua.pt\\\/fr\\\/#website\",\"url\":\"https:\\\/\\\/quintamadredeagua.pt\\\/fr\\\/\",\"name\":\"QUINTA MADRE DE \u00c1GUA - HOTEL SERRA DA ESTRELA\",\"description\":\"QUINTA MADRE DE \u00c1GUA - HOTEL SERRA DA ESTRELA\",\"publisher\":{\"@id\":\"https:\\\/\\\/quintamadredeagua.pt\\\/fr\\\/#organization\"},\"potentialAction\":[{\"@type\":\"SearchAction\",\"target\":{\"@type\":\"EntryPoint\",\"urlTemplate\":\"https:\\\/\\\/quintamadredeagua.pt\\\/fr\\\/?s={search_term_string}\"},\"query-input\":{\"@type\":\"PropertyValueSpecification\",\"valueRequired\":true,\"valueName\":\"search_term_string\"}}],\"inLanguage\":\"fr-FR\"},{\"@type\":\"Organization\",\"@id\":\"https:\\\/\\\/quintamadredeagua.pt\\\/fr\\\/#organization\",\"name\":\"QUINTA MADRE DE \u00c1GUA - HOTEL SERRA DA ESTRELA\",\"url\":\"https:\\\/\\\/quintamadredeagua.pt\\\/fr\\\/\",\"logo\":{\"@type\":\"ImageObject\",\"inLanguage\":\"fr-FR\",\"@id\":\"https:\\\/\\\/quintamadredeagua.pt\\\/fr\\\/#\\\/schema\\\/logo\\\/image\\\/\",\"url\":\"https:\\\/\\\/quintamadredeagua.pt\\\/wp-content\\\/uploads\\\/2022\\\/06\\\/logo_qma.png\",\"contentUrl\":\"https:\\\/\\\/quintamadredeagua.pt\\\/wp-content\\\/uploads\\\/2022\\\/06\\\/logo_qma.png\",\"width\":420,\"height\":197,\"caption\":\"QUINTA MADRE DE \u00c1GUA - HOTEL SERRA DA ESTRELA\"},\"image\":{\"@id\":\"https:\\\/\\\/quintamadredeagua.pt\\\/fr\\\/#\\\/schema\\\/logo\\\/image\\\/\"},\"sameAs\":[\"https:\\\/\\\/www.facebook.com\\\/QuintaMadreDeAgua\",\"https:\\\/\\\/x.com\\\/QuintaMadreAgua\",\"https:\\\/\\\/www.linkedin.com\\\/company\\\/madre-de-gua-lda-\\\/\",\"https:\\\/\\\/www.youtube.com\\\/channel\\\/UCriZxfvunNRTk1gVO-jjr4g\",\"https:\\\/\\\/www.pinterest.pt\\\/quintamadredeagua\\\/\"]}]}<\/script>\n<!-- \/ Yoast SEO plugin. -->","yoast_head_json":{"title":"D\u00e9gustation de Fromages - QUINTA MADRE DE \u00c1GUA - HOTEL SERRA DA ESTRELA","robots":{"index":"index","follow":"follow","max-snippet":"max-snippet:-1","max-image-preview":"max-image-preview:large","max-video-preview":"max-video-preview:-1"},"canonical":"https:\/\/quintamadredeagua.pt\/fr\/experiences\/degustation-de-fromages\/","og_locale":"fr_FR","og_type":"article","og_title":"D\u00e9gustation de Fromages - QUINTA MADRE DE \u00c1GUA - HOTEL SERRA DA ESTRELA","og_description":"H\u00d4TEL RURAL QUINTA MADRE DE \u00c1GUA Venez profiter du meilleur que D\u00e3o a \u00e0 offrir ! EN SAVOIR PLUS EN SAVOIR PLUS Dans cette exp\u00e9rience, nous vous invitons \u00e0 venir \u00e0 D\u00e3o, \u00e0 la Queijaria Madre de \u00c1gua et \u00e0 d\u00e9guster les meilleurs fromages Serra da Estrela du monde ! Lors de cette d\u00e9gustation, vous [&hellip;]","og_url":"https:\/\/quintamadredeagua.pt\/fr\/experiences\/degustation-de-fromages\/","og_site_name":"QUINTA MADRE DE \u00c1GUA - HOTEL SERRA DA ESTRELA","article_publisher":"https:\/\/www.facebook.com\/QuintaMadreDeAgua","article_modified_time":"2025-11-20T14:31:55+00:00","twitter_card":"summary_large_image","twitter_site":"@QuintaMadreAgua","twitter_misc":{"Dur\u00e9e de lecture estim\u00e9e":"1 minute"},"schema":{"@context":"https:\/\/schema.org","@graph":[{"@type":"WebPage","@id":"https:\/\/quintamadredeagua.pt\/fr\/experiences\/degustation-de-fromages\/","url":"https:\/\/quintamadredeagua.pt\/fr\/experiences\/degustation-de-fromages\/","name":"D\u00e9gustation de Fromages - QUINTA MADRE DE \u00c1GUA - HOTEL SERRA DA ESTRELA","isPartOf":{"@id":"https:\/\/quintamadredeagua.pt\/fr\/#website"},"datePublished":"2022-08-01T11:16:47+00:00","dateModified":"2025-11-20T14:31:55+00:00","breadcrumb":{"@id":"https:\/\/quintamadredeagua.pt\/fr\/experiences\/degustation-de-fromages\/#breadcrumb"},"inLanguage":"fr-FR","potentialAction":[{"@type":"ReadAction","target":["https:\/\/quintamadredeagua.pt\/fr\/experiences\/degustation-de-fromages\/"]}]},{"@type":"BreadcrumbList","@id":"https:\/\/quintamadredeagua.pt\/fr\/experiences\/degustation-de-fromages\/#breadcrumb","itemListElement":[{"@type":"ListItem","position":1,"name":"In\u00edcio","item":"https:\/\/quintamadredeagua.pt\/"},{"@type":"ListItem","position":2,"name":"Exp\u00e9riences","item":"https:\/\/quintamadredeagua.pt\/fr\/experiences\/"},{"@type":"ListItem","position":3,"name":"D\u00e9gustation de Fromages"}]},{"@type":"WebSite","@id":"https:\/\/quintamadredeagua.pt\/fr\/#website","url":"https:\/\/quintamadredeagua.pt\/fr\/","name":"QUINTA MADRE DE \u00c1GUA - HOTEL SERRA DA ESTRELA","description":"QUINTA MADRE DE \u00c1GUA - HOTEL SERRA DA ESTRELA","publisher":{"@id":"https:\/\/quintamadredeagua.pt\/fr\/#organization"},"potentialAction":[{"@type":"SearchAction","target":{"@type":"EntryPoint","urlTemplate":"https:\/\/quintamadredeagua.pt\/fr\/?s={search_term_string}"},"query-input":{"@type":"PropertyValueSpecification","valueRequired":true,"valueName":"search_term_string"}}],"inLanguage":"fr-FR"},{"@type":"Organization","@id":"https:\/\/quintamadredeagua.pt\/fr\/#organization","name":"QUINTA MADRE DE \u00c1GUA - HOTEL SERRA DA ESTRELA","url":"https:\/\/quintamadredeagua.pt\/fr\/","logo":{"@type":"ImageObject","inLanguage":"fr-FR","@id":"https:\/\/quintamadredeagua.pt\/fr\/#\/schema\/logo\/image\/","url":"https:\/\/quintamadredeagua.pt\/wp-content\/uploads\/2022\/06\/logo_qma.png","contentUrl":"https:\/\/quintamadredeagua.pt\/wp-content\/uploads\/2022\/06\/logo_qma.png","width":420,"height":197,"caption":"QUINTA MADRE DE \u00c1GUA - HOTEL SERRA DA ESTRELA"},"image":{"@id":"https:\/\/quintamadredeagua.pt\/fr\/#\/schema\/logo\/image\/"},"sameAs":["https:\/\/www.facebook.com\/QuintaMadreDeAgua","https:\/\/x.com\/QuintaMadreAgua","https:\/\/www.linkedin.com\/company\/madre-de-gua-lda-\/","https:\/\/www.youtube.com\/channel\/UCriZxfvunNRTk1gVO-jjr4g","https:\/\/www.pinterest.pt\/quintamadredeagua\/"]}]}},"_links":{"self":[{"href":"https:\/\/quintamadredeagua.pt\/fr\/wp-json\/wp\/v2\/pages\/32087","targetHints":{"allow":["GET"]}}],"collection":[{"href":"https:\/\/quintamadredeagua.pt\/fr\/wp-json\/wp\/v2\/pages"}],"about":[{"href":"https:\/\/quintamadredeagua.pt\/fr\/wp-json\/wp\/v2\/types\/page"}],"author":[{"embeddable":true,"href":"https:\/\/quintamadredeagua.pt\/fr\/wp-json\/wp\/v2\/users\/1"}],"replies":[{"embeddable":true,"href":"https:\/\/quintamadredeagua.pt\/fr\/wp-json\/wp\/v2\/comments?post=32087"}],"version-history":[{"count":14,"href":"https:\/\/quintamadredeagua.pt\/fr\/wp-json\/wp\/v2\/pages\/32087\/revisions"}],"predecessor-version":[{"id":37402,"href":"https:\/\/quintamadredeagua.pt\/fr\/wp-json\/wp\/v2\/pages\/32087\/revisions\/37402"}],"up":[{"embeddable":true,"href":"https:\/\/quintamadredeagua.pt\/fr\/wp-json\/wp\/v2\/pages\/31619"}],"wp:attachment":[{"href":"https:\/\/quintamadredeagua.pt\/fr\/wp-json\/wp\/v2\/media?parent=32087"}],"curies":[{"name":"wp","href":"https:\/\/api.w.org\/{rel}","templated":true}]}}