{"id":32001,"date":"2022-06-14T22:19:20","date_gmt":"2022-06-14T22:19:20","guid":{"rendered":"https:\/\/quintamadredeagua.pt\/2022\/product\/da-lurdes-madre-de-agua-encruzado-2014\/"},"modified":"2022-08-11T10:18:33","modified_gmt":"2022-08-11T10:18:33","slug":"da-lurdes-madre-de-agua-encruzado-2014","status":"publish","type":"product","link":"https:\/\/quintamadredeagua.pt\/fr\/produit\/da-lurdes-madre-de-agua-encruzado-2014\/","title":{"rendered":"D\u00aa Lurdes Madre de \u00c1gua Encruzado 2014"},"content":{"rendered":"","protected":false},"excerpt":{"rendered":"<p><img decoding=\"async\" class=\"alignnone wp-image-27343 lazyload\" data-src=\"https:\/\/quintamadredeagua.pt\/wp-content\/uploads\/2018\/12\/Simbolos.png\" alt=\"\" width=\"27\" height=\"25\" src=\"data:image\/gif;base64,R0lGODlhAQABAAAAACH5BAEKAAEALAAAAAABAAEAAAICTAEAOw==\" style=\"--smush-placeholder-width: 27px; --smush-placeholder-aspect-ratio: 27\/25;\" \/> \u00a0D\u00c3O\u00a0 <img decoding=\"async\" class=\"wp-image-27346 alignnone lazyload\" data-src=\"https:\/\/quintamadredeagua.pt\/wp-content\/uploads\/2018\/12\/Simbolo.png\" alt=\"\" width=\"23\" height=\"26\" src=\"data:image\/gif;base64,R0lGODlhAQABAAAAACH5BAEKAAEALAAAAAABAAEAAAICTAEAOw==\" style=\"--smush-placeholder-width: 23px; --smush-placeholder-aspect-ratio: 23\/26;\" \/>13.00\u00a0 <img decoding=\"async\" class=\"alignnone wp-image-27349 lazyload\" data-src=\"https:\/\/quintamadredeagua.pt\/wp-content\/uploads\/2018\/12\/Simbolo_garrafa.png\" alt=\"\" width=\"28\" height=\"30\" src=\"data:image\/gif;base64,R0lGODlhAQABAAAAACH5BAEKAAEALAAAAAABAAEAAAICTAEAOw==\" style=\"--smush-placeholder-width: 28px; --smush-placeholder-aspect-ratio: 28\/30;\" \/>0.750L<\/p>\n<p><strong>Pays:<\/strong> Portugal<br \/>\n<strong>Couleur:<\/strong> Blanc<br \/>\n<strong>Ann\u00e9e:<\/strong> 2014<br \/>\n<strong>Castes:<\/strong> Encruzado<br \/>\n<strong>Produit par:<\/strong> Madre de \u00c1gua<br \/>\n<strong>Oenologie par:<\/strong> Paulo Nunes<\/p>\n<p style=\"text-align: justify;\">Lors de la cr\u00e9ation de ce vin idyllique, avec des raisins de notre vari\u00e9t\u00e9 indig\u00e8ne Encruzado, nous avons l&#8217;intention d&#8217;honorer cette Grande Dame, pour ses belles attitudes et actions. Nous vous invitons \u00e0 faire partie de cet hommage, en partageant ce superbe nectar, au go\u00fbt d&#8217;agrumes et de menthol des hautes terres, si granitique de la Serra da Estrela.<\/p>\n<p><a href=\"https:\/\/quintamadredeagua.pt\/wp-content\/uploads\/2022\/01\/Ficha-Tecnica_Da-Lurdes_Madre_de_Agua_Encruzado.pdf\"><strong>Ficha T\u00e9cnica<\/strong><\/a><\/p>\n","protected":false},"featured_media":31204,"comment_status":"closed","ping_status":"closed","template":"","meta":[],"product_brand":[],"product_cat":[191,196,187],"product_tag":[],"class_list":{"0":"post-32001","1":"product","2":"type-product","3":"status-publish","4":"has-post-thumbnail","6":"product_cat-da-lurdes-madre-de-agua-fr","7":"product_cat-madre-de-agua-fr","8":"product_cat-vins","11":"first","12":"outofstock","13":"shipping-taxable","14":"purchasable","15":"product-type-simple"},"yoast_head":"<!-- This site is optimized with the Yoast SEO plugin v25.2 - https:\/\/yoast.com\/wordpress\/plugins\/seo\/ -->\n<title>D\u00aa Lurdes Madre de \u00c1gua Encruzado<\/title>\n<meta name=\"description\" content=\"Lors de la cr\u00e9ation de ce vin idyllique, avec des raisins de notre vari\u00e9t\u00e9 indig\u00e8ne Encruzado, nous avons l&#039;intention d&#039;honorer cette Grande Dame, pour ses belles attitudes et actions. Nous vous invitons \u00e0 faire partie de cet hommage, en partageant ce superbe nectar, au go\u00fbt d&#039;agrumes et de menthol des hautes terres, si granitique de la Serra da Estrela.\" \/>\n<meta name=\"robots\" content=\"index, follow, max-snippet:-1, max-image-preview:large, max-video-preview:-1\" \/>\n<link rel=\"canonical\" href=\"https:\/\/quintamadredeagua.pt\/fr\/produit\/da-lurdes-madre-de-agua-encruzado-2014\/\" \/>\n<meta property=\"og:locale\" content=\"fr_FR\" \/>\n<meta property=\"og:type\" content=\"article\" \/>\n<meta property=\"og:title\" content=\"D\u00aa Lurdes Madre de \u00c1gua Encruzado\" \/>\n<meta property=\"og:description\" content=\"Lors de la cr\u00e9ation de ce vin idyllique, avec des raisins de notre vari\u00e9t\u00e9 indig\u00e8ne Encruzado, nous avons l&#039;intention d&#039;honorer cette Grande Dame, pour ses belles attitudes et actions. Nous vous invitons \u00e0 faire partie de cet hommage, en partageant ce superbe nectar, au go\u00fbt d&#039;agrumes et de menthol des hautes terres, si granitique de la Serra da Estrela.\" \/>\n<meta property=\"og:url\" content=\"https:\/\/quintamadredeagua.pt\/fr\/produit\/da-lurdes-madre-de-agua-encruzado-2014\/\" \/>\n<meta property=\"og:site_name\" content=\"QUINTA MADRE DE \u00c1GUA - HOTEL SERRA DA ESTRELA\" \/>\n<meta property=\"article:publisher\" content=\"https:\/\/www.facebook.com\/QuintaMadreDeAgua\" \/>\n<meta property=\"article:modified_time\" content=\"2022-08-11T10:18:33+00:00\" \/>\n<meta property=\"og:image\" content=\"https:\/\/quintamadredeagua.pt\/wp-content\/uploads\/2022\/06\/Da-Lurdes-01.jpg\" \/>\n\t<meta property=\"og:image:width\" content=\"1806\" \/>\n\t<meta property=\"og:image:height\" content=\"1806\" \/>\n\t<meta property=\"og:image:type\" content=\"image\/jpeg\" \/>\n<meta name=\"twitter:card\" content=\"summary_large_image\" \/>\n<meta name=\"twitter:site\" content=\"@QuintaMadreAgua\" \/>\n<script type=\"application\/ld+json\" class=\"yoast-schema-graph\">{\"@context\":\"https:\/\/schema.org\",\"@graph\":[{\"@type\":\"WebPage\",\"@id\":\"https:\/\/quintamadredeagua.pt\/fr\/produit\/da-lurdes-madre-de-agua-encruzado-2014\/\",\"url\":\"https:\/\/quintamadredeagua.pt\/fr\/produit\/da-lurdes-madre-de-agua-encruzado-2014\/\",\"name\":\"D\u00aa Lurdes Madre de \u00c1gua Encruzado\",\"isPartOf\":{\"@id\":\"https:\/\/quintamadredeagua.pt\/fr\/#website\"},\"primaryImageOfPage\":{\"@id\":\"https:\/\/quintamadredeagua.pt\/fr\/produit\/da-lurdes-madre-de-agua-encruzado-2014\/#primaryimage\"},\"image\":{\"@id\":\"https:\/\/quintamadredeagua.pt\/fr\/produit\/da-lurdes-madre-de-agua-encruzado-2014\/#primaryimage\"},\"thumbnailUrl\":\"https:\/\/quintamadredeagua.pt\/wp-content\/uploads\/2022\/06\/Da-Lurdes-01.jpg\",\"datePublished\":\"2022-06-14T22:19:20+00:00\",\"dateModified\":\"2022-08-11T10:18:33+00:00\",\"description\":\"Lors de la cr\u00e9ation de ce vin idyllique, avec des raisins de notre vari\u00e9t\u00e9 indig\u00e8ne Encruzado, nous avons l'intention d'honorer cette Grande Dame, pour ses belles attitudes et actions. Nous vous invitons \u00e0 faire partie de cet hommage, en partageant ce superbe nectar, au go\u00fbt d'agrumes et de menthol des hautes terres, si granitique de la Serra da Estrela.\",\"breadcrumb\":{\"@id\":\"https:\/\/quintamadredeagua.pt\/fr\/produit\/da-lurdes-madre-de-agua-encruzado-2014\/#breadcrumb\"},\"inLanguage\":\"fr-FR\",\"potentialAction\":[{\"@type\":\"ReadAction\",\"target\":[\"https:\/\/quintamadredeagua.pt\/fr\/produit\/da-lurdes-madre-de-agua-encruzado-2014\/\"]}]},{\"@type\":\"ImageObject\",\"inLanguage\":\"fr-FR\",\"@id\":\"https:\/\/quintamadredeagua.pt\/fr\/produit\/da-lurdes-madre-de-agua-encruzado-2014\/#primaryimage\",\"url\":\"https:\/\/quintamadredeagua.pt\/wp-content\/uploads\/2022\/06\/Da-Lurdes-01.jpg\",\"contentUrl\":\"https:\/\/quintamadredeagua.pt\/wp-content\/uploads\/2022\/06\/Da-Lurdes-01.jpg\",\"width\":1806,\"height\":1806},{\"@type\":\"BreadcrumbList\",\"@id\":\"https:\/\/quintamadredeagua.pt\/fr\/produit\/da-lurdes-madre-de-agua-encruzado-2014\/#breadcrumb\",\"itemListElement\":[{\"@type\":\"ListItem\",\"position\":1,\"name\":\"In\u00edcio\",\"item\":\"https:\/\/quintamadredeagua.pt\/\"},{\"@type\":\"ListItem\",\"position\":2,\"name\":\"BOUTIQUE\",\"item\":\"https:\/\/quintamadredeagua.pt\/fr\/boutique\/\"},{\"@type\":\"ListItem\",\"position\":3,\"name\":\"D\u00aa Lurdes Madre de \u00c1gua Encruzado 2014\"}]},{\"@type\":\"WebSite\",\"@id\":\"https:\/\/quintamadredeagua.pt\/fr\/#website\",\"url\":\"https:\/\/quintamadredeagua.pt\/fr\/\",\"name\":\"QUINTA MADRE DE \u00c1GUA - HOTEL SERRA DA ESTRELA\",\"description\":\"QUINTA MADRE DE \u00c1GUA - HOTEL SERRA DA ESTRELA\",\"publisher\":{\"@id\":\"https:\/\/quintamadredeagua.pt\/fr\/#organization\"},\"potentialAction\":[{\"@type\":\"SearchAction\",\"target\":{\"@type\":\"EntryPoint\",\"urlTemplate\":\"https:\/\/quintamadredeagua.pt\/fr\/?s={search_term_string}\"},\"query-input\":{\"@type\":\"PropertyValueSpecification\",\"valueRequired\":true,\"valueName\":\"search_term_string\"}}],\"inLanguage\":\"fr-FR\"},{\"@type\":\"Organization\",\"@id\":\"https:\/\/quintamadredeagua.pt\/fr\/#organization\",\"name\":\"QUINTA MADRE DE \u00c1GUA - HOTEL SERRA DA ESTRELA\",\"url\":\"https:\/\/quintamadredeagua.pt\/fr\/\",\"logo\":{\"@type\":\"ImageObject\",\"inLanguage\":\"fr-FR\",\"@id\":\"https:\/\/quintamadredeagua.pt\/fr\/#\/schema\/logo\/image\/\",\"url\":\"https:\/\/quintamadredeagua.pt\/wp-content\/uploads\/2022\/06\/logo_qma.png\",\"contentUrl\":\"https:\/\/quintamadredeagua.pt\/wp-content\/uploads\/2022\/06\/logo_qma.png\",\"width\":420,\"height\":197,\"caption\":\"QUINTA MADRE DE \u00c1GUA - HOTEL SERRA DA ESTRELA\"},\"image\":{\"@id\":\"https:\/\/quintamadredeagua.pt\/fr\/#\/schema\/logo\/image\/\"},\"sameAs\":[\"https:\/\/www.facebook.com\/QuintaMadreDeAgua\",\"https:\/\/x.com\/QuintaMadreAgua\",\"https:\/\/www.linkedin.com\/company\/madre-de-gua-lda-\/\",\"https:\/\/www.youtube.com\/channel\/UCriZxfvunNRTk1gVO-jjr4g\",\"https:\/\/www.pinterest.pt\/quintamadredeagua\/\"]}]}<\/script>\n<!-- \/ Yoast SEO plugin. -->","yoast_head_json":{"title":"D\u00aa Lurdes Madre de \u00c1gua Encruzado","description":"Lors de la cr\u00e9ation de ce vin idyllique, avec des raisins de notre vari\u00e9t\u00e9 indig\u00e8ne Encruzado, nous avons l'intention d'honorer cette Grande Dame, pour ses belles attitudes et actions. Nous vous invitons \u00e0 faire partie de cet hommage, en partageant ce superbe nectar, au go\u00fbt d'agrumes et de menthol des hautes terres, si granitique de la Serra da Estrela.","robots":{"index":"index","follow":"follow","max-snippet":"max-snippet:-1","max-image-preview":"max-image-preview:large","max-video-preview":"max-video-preview:-1"},"canonical":"https:\/\/quintamadredeagua.pt\/fr\/produit\/da-lurdes-madre-de-agua-encruzado-2014\/","og_locale":"fr_FR","og_type":"article","og_title":"D\u00aa Lurdes Madre de \u00c1gua Encruzado","og_description":"Lors de la cr\u00e9ation de ce vin idyllique, avec des raisins de notre vari\u00e9t\u00e9 indig\u00e8ne Encruzado, nous avons l'intention d'honorer cette Grande Dame, pour ses belles attitudes et actions. Nous vous invitons \u00e0 faire partie de cet hommage, en partageant ce superbe nectar, au go\u00fbt d'agrumes et de menthol des hautes terres, si granitique de la Serra da Estrela.","og_url":"https:\/\/quintamadredeagua.pt\/fr\/produit\/da-lurdes-madre-de-agua-encruzado-2014\/","og_site_name":"QUINTA MADRE DE \u00c1GUA - HOTEL SERRA DA ESTRELA","article_publisher":"https:\/\/www.facebook.com\/QuintaMadreDeAgua","article_modified_time":"2022-08-11T10:18:33+00:00","og_image":[{"width":1806,"height":1806,"url":"https:\/\/quintamadredeagua.pt\/wp-content\/uploads\/2022\/06\/Da-Lurdes-01.jpg","type":"image\/jpeg"}],"twitter_card":"summary_large_image","twitter_site":"@QuintaMadreAgua","schema":{"@context":"https:\/\/schema.org","@graph":[{"@type":"WebPage","@id":"https:\/\/quintamadredeagua.pt\/fr\/produit\/da-lurdes-madre-de-agua-encruzado-2014\/","url":"https:\/\/quintamadredeagua.pt\/fr\/produit\/da-lurdes-madre-de-agua-encruzado-2014\/","name":"D\u00aa Lurdes Madre de \u00c1gua Encruzado","isPartOf":{"@id":"https:\/\/quintamadredeagua.pt\/fr\/#website"},"primaryImageOfPage":{"@id":"https:\/\/quintamadredeagua.pt\/fr\/produit\/da-lurdes-madre-de-agua-encruzado-2014\/#primaryimage"},"image":{"@id":"https:\/\/quintamadredeagua.pt\/fr\/produit\/da-lurdes-madre-de-agua-encruzado-2014\/#primaryimage"},"thumbnailUrl":"https:\/\/quintamadredeagua.pt\/wp-content\/uploads\/2022\/06\/Da-Lurdes-01.jpg","datePublished":"2022-06-14T22:19:20+00:00","dateModified":"2022-08-11T10:18:33+00:00","description":"Lors de la cr\u00e9ation de ce vin idyllique, avec des raisins de notre vari\u00e9t\u00e9 indig\u00e8ne Encruzado, nous avons l'intention d'honorer cette Grande Dame, pour ses belles attitudes et actions. Nous vous invitons \u00e0 faire partie de cet hommage, en partageant ce superbe nectar, au go\u00fbt d'agrumes et de menthol des hautes terres, si granitique de la Serra da Estrela.","breadcrumb":{"@id":"https:\/\/quintamadredeagua.pt\/fr\/produit\/da-lurdes-madre-de-agua-encruzado-2014\/#breadcrumb"},"inLanguage":"fr-FR","potentialAction":[{"@type":"ReadAction","target":["https:\/\/quintamadredeagua.pt\/fr\/produit\/da-lurdes-madre-de-agua-encruzado-2014\/"]}]},{"@type":"ImageObject","inLanguage":"fr-FR","@id":"https:\/\/quintamadredeagua.pt\/fr\/produit\/da-lurdes-madre-de-agua-encruzado-2014\/#primaryimage","url":"https:\/\/quintamadredeagua.pt\/wp-content\/uploads\/2022\/06\/Da-Lurdes-01.jpg","contentUrl":"https:\/\/quintamadredeagua.pt\/wp-content\/uploads\/2022\/06\/Da-Lurdes-01.jpg","width":1806,"height":1806},{"@type":"BreadcrumbList","@id":"https:\/\/quintamadredeagua.pt\/fr\/produit\/da-lurdes-madre-de-agua-encruzado-2014\/#breadcrumb","itemListElement":[{"@type":"ListItem","position":1,"name":"In\u00edcio","item":"https:\/\/quintamadredeagua.pt\/"},{"@type":"ListItem","position":2,"name":"BOUTIQUE","item":"https:\/\/quintamadredeagua.pt\/fr\/boutique\/"},{"@type":"ListItem","position":3,"name":"D\u00aa Lurdes Madre de \u00c1gua Encruzado 2014"}]},{"@type":"WebSite","@id":"https:\/\/quintamadredeagua.pt\/fr\/#website","url":"https:\/\/quintamadredeagua.pt\/fr\/","name":"QUINTA MADRE DE \u00c1GUA - HOTEL SERRA DA ESTRELA","description":"QUINTA MADRE DE \u00c1GUA - HOTEL SERRA DA ESTRELA","publisher":{"@id":"https:\/\/quintamadredeagua.pt\/fr\/#organization"},"potentialAction":[{"@type":"SearchAction","target":{"@type":"EntryPoint","urlTemplate":"https:\/\/quintamadredeagua.pt\/fr\/?s={search_term_string}"},"query-input":{"@type":"PropertyValueSpecification","valueRequired":true,"valueName":"search_term_string"}}],"inLanguage":"fr-FR"},{"@type":"Organization","@id":"https:\/\/quintamadredeagua.pt\/fr\/#organization","name":"QUINTA MADRE DE \u00c1GUA - HOTEL SERRA DA ESTRELA","url":"https:\/\/quintamadredeagua.pt\/fr\/","logo":{"@type":"ImageObject","inLanguage":"fr-FR","@id":"https:\/\/quintamadredeagua.pt\/fr\/#\/schema\/logo\/image\/","url":"https:\/\/quintamadredeagua.pt\/wp-content\/uploads\/2022\/06\/logo_qma.png","contentUrl":"https:\/\/quintamadredeagua.pt\/wp-content\/uploads\/2022\/06\/logo_qma.png","width":420,"height":197,"caption":"QUINTA MADRE DE \u00c1GUA - HOTEL SERRA DA ESTRELA"},"image":{"@id":"https:\/\/quintamadredeagua.pt\/fr\/#\/schema\/logo\/image\/"},"sameAs":["https:\/\/www.facebook.com\/QuintaMadreDeAgua","https:\/\/x.com\/QuintaMadreAgua","https:\/\/www.linkedin.com\/company\/madre-de-gua-lda-\/","https:\/\/www.youtube.com\/channel\/UCriZxfvunNRTk1gVO-jjr4g","https:\/\/www.pinterest.pt\/quintamadredeagua\/"]}]}},"_links":{"self":[{"href":"https:\/\/quintamadredeagua.pt\/fr\/wp-json\/wp\/v2\/product\/32001","targetHints":{"allow":["GET"]}}],"collection":[{"href":"https:\/\/quintamadredeagua.pt\/fr\/wp-json\/wp\/v2\/product"}],"about":[{"href":"https:\/\/quintamadredeagua.pt\/fr\/wp-json\/wp\/v2\/types\/product"}],"replies":[{"embeddable":true,"href":"https:\/\/quintamadredeagua.pt\/fr\/wp-json\/wp\/v2\/comments?post=32001"}],"wp:featuredmedia":[{"embeddable":true,"href":"https:\/\/quintamadredeagua.pt\/fr\/wp-json\/wp\/v2\/media\/31204"}],"wp:attachment":[{"href":"https:\/\/quintamadredeagua.pt\/fr\/wp-json\/wp\/v2\/media?parent=32001"}],"wp:term":[{"taxonomy":"product_brand","embeddable":true,"href":"https:\/\/quintamadredeagua.pt\/fr\/wp-json\/wp\/v2\/product_brand?post=32001"},{"taxonomy":"product_cat","embeddable":true,"href":"https:\/\/quintamadredeagua.pt\/fr\/wp-json\/wp\/v2\/product_cat?post=32001"},{"taxonomy":"product_tag","embeddable":true,"href":"https:\/\/quintamadredeagua.pt\/fr\/wp-json\/wp\/v2\/product_tag?post=32001"}],"curies":[{"name":"wp","href":"https:\/\/api.w.org\/{rel}","templated":true}]}}