{"id":32003,"date":"2022-06-14T22:19:18","date_gmt":"2022-06-14T22:19:18","guid":{"rendered":"https:\/\/quintamadredeagua.pt\/2022\/product\/terras-madre-de-agua-assemblage-rouge-2019\/"},"modified":"2024-05-31T17:43:54","modified_gmt":"2024-05-31T17:43:54","slug":"terras-madre-de-agua-assemblage-rouge-2022","status":"publish","type":"product","link":"https:\/\/quintamadredeagua.pt\/fr\/produit\/terras-madre-de-agua-assemblage-rouge-2022\/","title":{"rendered":"TERRAS MADRE DE \u00c1GUA ASSEMBLAGE ROUGE 2022"},"content":{"rendered":"","protected":false},"excerpt":{"rendered":"<p><img decoding=\"async\" class=\"alignnone wp-image-27343 lazyload\" data-src=\"https:\/\/quintamadredeagua.pt\/wp-content\/uploads\/2018\/12\/Simbolos.png\" alt=\"\" width=\"27\" height=\"25\" src=\"data:image\/gif;base64,R0lGODlhAQABAAAAACH5BAEKAAEALAAAAAABAAEAAAICTAEAOw==\" style=\"--smush-placeholder-width: 27px; --smush-placeholder-aspect-ratio: 27\/25;\" \/> \u00a0D\u00c3O\u00a0 <img decoding=\"async\" class=\"wp-image-27346 alignnone lazyload\" data-src=\"https:\/\/quintamadredeagua.pt\/wp-content\/uploads\/2018\/12\/Simbolo.png\" alt=\"\" width=\"23\" height=\"26\" src=\"data:image\/gif;base64,R0lGODlhAQABAAAAACH5BAEKAAEALAAAAAABAAEAAAICTAEAOw==\" style=\"--smush-placeholder-width: 23px; --smush-placeholder-aspect-ratio: 23\/26;\" \/>14.00 <img decoding=\"async\" class=\"alignnone wp-image-27349 lazyload\" data-src=\"https:\/\/quintamadredeagua.pt\/wp-content\/uploads\/2018\/12\/Simbolo_garrafa.png\" alt=\"\" width=\"28\" height=\"30\" src=\"data:image\/gif;base64,R0lGODlhAQABAAAAACH5BAEKAAEALAAAAAABAAEAAAICTAEAOw==\" style=\"--smush-placeholder-width: 28px; --smush-placeholder-aspect-ratio: 28\/30;\" \/>0.750L<\/p>\n<p><strong>Pays:<\/strong> Portugal<br \/>\n<strong>Couleur:<\/strong> Rouge<br \/>\n<strong>Ann\u00e9e:<\/strong> 2022<br \/>\n<strong>C\u00e9pages:<\/strong> Touriga National e Jaen<br \/>\n<strong>Produit par:<\/strong> Madre de \u00c1gua<br \/>\n<strong>Oenologie par:<\/strong> Paulo Nunes<\/p>\n<p>Un vin attrayant dans l\u2019ar\u00f4me compl\u00e9ment\u00e9 avec des touches florales et des notes d\u2019\u00e9pices. \u00c9l\u00e9gant et min\u00e9ral d\u2019une fra\u00eecheur naturelle.<\/p>\n","protected":false},"featured_media":34816,"comment_status":"closed","ping_status":"closed","template":"","meta":[],"product_brand":[],"product_cat":[198],"product_tag":[],"class_list":{"0":"post-32003","1":"product","2":"type-product","3":"status-publish","4":"has-post-thumbnail","6":"product_cat-terras-madre-de-agua-fr","9":"first","10":"instock","11":"shipping-taxable","12":"purchasable","13":"product-type-simple"},"yoast_head":"<!-- This site is optimized with the Yoast SEO plugin v25.2 - https:\/\/yoast.com\/wordpress\/plugins\/seo\/ -->\n<title>TERRAS MADRE DE \u00c1GUA ASSEMBLAGE ROUGE 2022 - QUINTA MADRE DE \u00c1GUA - HOTEL SERRA DA ESTRELA<\/title>\n<meta name=\"robots\" content=\"index, follow, max-snippet:-1, max-image-preview:large, max-video-preview:-1\" \/>\n<link rel=\"canonical\" href=\"https:\/\/quintamadredeagua.pt\/fr\/produit\/terras-madre-de-agua-assemblage-rouge-2022\/\" \/>\n<meta property=\"og:locale\" content=\"fr_FR\" \/>\n<meta property=\"og:type\" content=\"article\" \/>\n<meta property=\"og:title\" content=\"TERRAS MADRE DE \u00c1GUA ASSEMBLAGE ROUGE 2022 - QUINTA MADRE DE \u00c1GUA - HOTEL SERRA DA ESTRELA\" \/>\n<meta property=\"og:description\" content=\"\u00a0D\u00c3O\u00a0 14.00 0.750L  Pays: Portugal Couleur: Rouge Ann\u00e9e: 2022 C\u00e9pages: Touriga National e Jaen Produit par: Madre de \u00c1gua Oenologie par: Paulo Nunes  Un vin attrayant dans l\u2019ar\u00f4me compl\u00e9ment\u00e9 avec des touches florales et des notes d\u2019\u00e9pices. \u00c9l\u00e9gant et min\u00e9ral d\u2019une fra\u00eecheur naturelle.\" \/>\n<meta property=\"og:url\" content=\"https:\/\/quintamadredeagua.pt\/fr\/produit\/terras-madre-de-agua-assemblage-rouge-2022\/\" \/>\n<meta property=\"og:site_name\" content=\"QUINTA MADRE DE \u00c1GUA - HOTEL SERRA DA ESTRELA\" \/>\n<meta property=\"article:publisher\" content=\"https:\/\/www.facebook.com\/QuintaMadreDeAgua\" \/>\n<meta property=\"article:modified_time\" content=\"2024-05-31T17:43:54+00:00\" \/>\n<meta property=\"og:image\" content=\"https:\/\/quintamadredeagua.pt\/wp-content\/uploads\/2022\/06\/Terras_Madre_de_Agua_Colheita_Tinto_2022-scaled.jpg\" \/>\n\t<meta property=\"og:image:width\" content=\"2368\" \/>\n\t<meta property=\"og:image:height\" content=\"2560\" \/>\n\t<meta property=\"og:image:type\" content=\"image\/jpeg\" \/>\n<meta name=\"twitter:card\" content=\"summary_large_image\" \/>\n<meta name=\"twitter:site\" content=\"@QuintaMadreAgua\" \/>\n<meta name=\"twitter:label1\" content=\"Dur\u00e9e de lecture estim\u00e9e\" \/>\n\t<meta name=\"twitter:data1\" content=\"1 minute\" \/>\n<script type=\"application\/ld+json\" class=\"yoast-schema-graph\">{\"@context\":\"https:\/\/schema.org\",\"@graph\":[{\"@type\":\"WebPage\",\"@id\":\"https:\/\/quintamadredeagua.pt\/fr\/produit\/terras-madre-de-agua-assemblage-rouge-2022\/\",\"url\":\"https:\/\/quintamadredeagua.pt\/fr\/produit\/terras-madre-de-agua-assemblage-rouge-2022\/\",\"name\":\"TERRAS MADRE DE \u00c1GUA ASSEMBLAGE ROUGE 2022 - QUINTA MADRE DE \u00c1GUA - HOTEL SERRA DA ESTRELA\",\"isPartOf\":{\"@id\":\"https:\/\/quintamadredeagua.pt\/fr\/#website\"},\"primaryImageOfPage\":{\"@id\":\"https:\/\/quintamadredeagua.pt\/fr\/produit\/terras-madre-de-agua-assemblage-rouge-2022\/#primaryimage\"},\"image\":{\"@id\":\"https:\/\/quintamadredeagua.pt\/fr\/produit\/terras-madre-de-agua-assemblage-rouge-2022\/#primaryimage\"},\"thumbnailUrl\":\"https:\/\/quintamadredeagua.pt\/wp-content\/uploads\/2022\/06\/Terras_Madre_de_Agua_Colheita_Tinto_2022-scaled.jpg\",\"datePublished\":\"2022-06-14T22:19:18+00:00\",\"dateModified\":\"2024-05-31T17:43:54+00:00\",\"breadcrumb\":{\"@id\":\"https:\/\/quintamadredeagua.pt\/fr\/produit\/terras-madre-de-agua-assemblage-rouge-2022\/#breadcrumb\"},\"inLanguage\":\"fr-FR\",\"potentialAction\":[{\"@type\":\"ReadAction\",\"target\":[\"https:\/\/quintamadredeagua.pt\/fr\/produit\/terras-madre-de-agua-assemblage-rouge-2022\/\"]}]},{\"@type\":\"ImageObject\",\"inLanguage\":\"fr-FR\",\"@id\":\"https:\/\/quintamadredeagua.pt\/fr\/produit\/terras-madre-de-agua-assemblage-rouge-2022\/#primaryimage\",\"url\":\"https:\/\/quintamadredeagua.pt\/wp-content\/uploads\/2022\/06\/Terras_Madre_de_Agua_Colheita_Tinto_2022-scaled.jpg\",\"contentUrl\":\"https:\/\/quintamadredeagua.pt\/wp-content\/uploads\/2022\/06\/Terras_Madre_de_Agua_Colheita_Tinto_2022-scaled.jpg\",\"width\":2368,\"height\":2560},{\"@type\":\"BreadcrumbList\",\"@id\":\"https:\/\/quintamadredeagua.pt\/fr\/produit\/terras-madre-de-agua-assemblage-rouge-2022\/#breadcrumb\",\"itemListElement\":[{\"@type\":\"ListItem\",\"position\":1,\"name\":\"In\u00edcio\",\"item\":\"https:\/\/quintamadredeagua.pt\/\"},{\"@type\":\"ListItem\",\"position\":2,\"name\":\"BOUTIQUE\",\"item\":\"https:\/\/quintamadredeagua.pt\/fr\/boutique\/\"},{\"@type\":\"ListItem\",\"position\":3,\"name\":\"TERRAS MADRE DE \u00c1GUA ASSEMBLAGE ROUGE 2022\"}]},{\"@type\":\"WebSite\",\"@id\":\"https:\/\/quintamadredeagua.pt\/fr\/#website\",\"url\":\"https:\/\/quintamadredeagua.pt\/fr\/\",\"name\":\"QUINTA MADRE DE \u00c1GUA - HOTEL SERRA DA ESTRELA\",\"description\":\"QUINTA MADRE DE \u00c1GUA - HOTEL SERRA DA ESTRELA\",\"publisher\":{\"@id\":\"https:\/\/quintamadredeagua.pt\/fr\/#organization\"},\"potentialAction\":[{\"@type\":\"SearchAction\",\"target\":{\"@type\":\"EntryPoint\",\"urlTemplate\":\"https:\/\/quintamadredeagua.pt\/fr\/?s={search_term_string}\"},\"query-input\":{\"@type\":\"PropertyValueSpecification\",\"valueRequired\":true,\"valueName\":\"search_term_string\"}}],\"inLanguage\":\"fr-FR\"},{\"@type\":\"Organization\",\"@id\":\"https:\/\/quintamadredeagua.pt\/fr\/#organization\",\"name\":\"QUINTA MADRE DE \u00c1GUA - HOTEL SERRA DA ESTRELA\",\"url\":\"https:\/\/quintamadredeagua.pt\/fr\/\",\"logo\":{\"@type\":\"ImageObject\",\"inLanguage\":\"fr-FR\",\"@id\":\"https:\/\/quintamadredeagua.pt\/fr\/#\/schema\/logo\/image\/\",\"url\":\"https:\/\/quintamadredeagua.pt\/wp-content\/uploads\/2022\/06\/logo_qma.png\",\"contentUrl\":\"https:\/\/quintamadredeagua.pt\/wp-content\/uploads\/2022\/06\/logo_qma.png\",\"width\":420,\"height\":197,\"caption\":\"QUINTA MADRE DE \u00c1GUA - HOTEL SERRA DA ESTRELA\"},\"image\":{\"@id\":\"https:\/\/quintamadredeagua.pt\/fr\/#\/schema\/logo\/image\/\"},\"sameAs\":[\"https:\/\/www.facebook.com\/QuintaMadreDeAgua\",\"https:\/\/x.com\/QuintaMadreAgua\",\"https:\/\/www.linkedin.com\/company\/madre-de-gua-lda-\/\",\"https:\/\/www.youtube.com\/channel\/UCriZxfvunNRTk1gVO-jjr4g\",\"https:\/\/www.pinterest.pt\/quintamadredeagua\/\"]}]}<\/script>\n<!-- \/ Yoast SEO plugin. -->","yoast_head_json":{"title":"TERRAS MADRE DE \u00c1GUA ASSEMBLAGE ROUGE 2022 - QUINTA MADRE DE \u00c1GUA - HOTEL SERRA DA ESTRELA","robots":{"index":"index","follow":"follow","max-snippet":"max-snippet:-1","max-image-preview":"max-image-preview:large","max-video-preview":"max-video-preview:-1"},"canonical":"https:\/\/quintamadredeagua.pt\/fr\/produit\/terras-madre-de-agua-assemblage-rouge-2022\/","og_locale":"fr_FR","og_type":"article","og_title":"TERRAS MADRE DE \u00c1GUA ASSEMBLAGE ROUGE 2022 - QUINTA MADRE DE \u00c1GUA - HOTEL SERRA DA ESTRELA","og_description":"\u00a0D\u00c3O\u00a0 14.00 0.750L  Pays: Portugal Couleur: Rouge Ann\u00e9e: 2022 C\u00e9pages: Touriga National e Jaen Produit par: Madre de \u00c1gua Oenologie par: Paulo Nunes  Un vin attrayant dans l\u2019ar\u00f4me compl\u00e9ment\u00e9 avec des touches florales et des notes d\u2019\u00e9pices. \u00c9l\u00e9gant et min\u00e9ral d\u2019une fra\u00eecheur naturelle.","og_url":"https:\/\/quintamadredeagua.pt\/fr\/produit\/terras-madre-de-agua-assemblage-rouge-2022\/","og_site_name":"QUINTA MADRE DE \u00c1GUA - HOTEL SERRA DA ESTRELA","article_publisher":"https:\/\/www.facebook.com\/QuintaMadreDeAgua","article_modified_time":"2024-05-31T17:43:54+00:00","og_image":[{"width":2368,"height":2560,"url":"https:\/\/quintamadredeagua.pt\/wp-content\/uploads\/2022\/06\/Terras_Madre_de_Agua_Colheita_Tinto_2022-scaled.jpg","type":"image\/jpeg"}],"twitter_card":"summary_large_image","twitter_site":"@QuintaMadreAgua","twitter_misc":{"Dur\u00e9e de lecture estim\u00e9e":"1 minute"},"schema":{"@context":"https:\/\/schema.org","@graph":[{"@type":"WebPage","@id":"https:\/\/quintamadredeagua.pt\/fr\/produit\/terras-madre-de-agua-assemblage-rouge-2022\/","url":"https:\/\/quintamadredeagua.pt\/fr\/produit\/terras-madre-de-agua-assemblage-rouge-2022\/","name":"TERRAS MADRE DE \u00c1GUA ASSEMBLAGE ROUGE 2022 - QUINTA MADRE DE \u00c1GUA - HOTEL SERRA DA ESTRELA","isPartOf":{"@id":"https:\/\/quintamadredeagua.pt\/fr\/#website"},"primaryImageOfPage":{"@id":"https:\/\/quintamadredeagua.pt\/fr\/produit\/terras-madre-de-agua-assemblage-rouge-2022\/#primaryimage"},"image":{"@id":"https:\/\/quintamadredeagua.pt\/fr\/produit\/terras-madre-de-agua-assemblage-rouge-2022\/#primaryimage"},"thumbnailUrl":"https:\/\/quintamadredeagua.pt\/wp-content\/uploads\/2022\/06\/Terras_Madre_de_Agua_Colheita_Tinto_2022-scaled.jpg","datePublished":"2022-06-14T22:19:18+00:00","dateModified":"2024-05-31T17:43:54+00:00","breadcrumb":{"@id":"https:\/\/quintamadredeagua.pt\/fr\/produit\/terras-madre-de-agua-assemblage-rouge-2022\/#breadcrumb"},"inLanguage":"fr-FR","potentialAction":[{"@type":"ReadAction","target":["https:\/\/quintamadredeagua.pt\/fr\/produit\/terras-madre-de-agua-assemblage-rouge-2022\/"]}]},{"@type":"ImageObject","inLanguage":"fr-FR","@id":"https:\/\/quintamadredeagua.pt\/fr\/produit\/terras-madre-de-agua-assemblage-rouge-2022\/#primaryimage","url":"https:\/\/quintamadredeagua.pt\/wp-content\/uploads\/2022\/06\/Terras_Madre_de_Agua_Colheita_Tinto_2022-scaled.jpg","contentUrl":"https:\/\/quintamadredeagua.pt\/wp-content\/uploads\/2022\/06\/Terras_Madre_de_Agua_Colheita_Tinto_2022-scaled.jpg","width":2368,"height":2560},{"@type":"BreadcrumbList","@id":"https:\/\/quintamadredeagua.pt\/fr\/produit\/terras-madre-de-agua-assemblage-rouge-2022\/#breadcrumb","itemListElement":[{"@type":"ListItem","position":1,"name":"In\u00edcio","item":"https:\/\/quintamadredeagua.pt\/"},{"@type":"ListItem","position":2,"name":"BOUTIQUE","item":"https:\/\/quintamadredeagua.pt\/fr\/boutique\/"},{"@type":"ListItem","position":3,"name":"TERRAS MADRE DE \u00c1GUA ASSEMBLAGE ROUGE 2022"}]},{"@type":"WebSite","@id":"https:\/\/quintamadredeagua.pt\/fr\/#website","url":"https:\/\/quintamadredeagua.pt\/fr\/","name":"QUINTA MADRE DE \u00c1GUA - HOTEL SERRA DA ESTRELA","description":"QUINTA MADRE DE \u00c1GUA - HOTEL SERRA DA ESTRELA","publisher":{"@id":"https:\/\/quintamadredeagua.pt\/fr\/#organization"},"potentialAction":[{"@type":"SearchAction","target":{"@type":"EntryPoint","urlTemplate":"https:\/\/quintamadredeagua.pt\/fr\/?s={search_term_string}"},"query-input":{"@type":"PropertyValueSpecification","valueRequired":true,"valueName":"search_term_string"}}],"inLanguage":"fr-FR"},{"@type":"Organization","@id":"https:\/\/quintamadredeagua.pt\/fr\/#organization","name":"QUINTA MADRE DE \u00c1GUA - HOTEL SERRA DA ESTRELA","url":"https:\/\/quintamadredeagua.pt\/fr\/","logo":{"@type":"ImageObject","inLanguage":"fr-FR","@id":"https:\/\/quintamadredeagua.pt\/fr\/#\/schema\/logo\/image\/","url":"https:\/\/quintamadredeagua.pt\/wp-content\/uploads\/2022\/06\/logo_qma.png","contentUrl":"https:\/\/quintamadredeagua.pt\/wp-content\/uploads\/2022\/06\/logo_qma.png","width":420,"height":197,"caption":"QUINTA MADRE DE \u00c1GUA - HOTEL SERRA DA ESTRELA"},"image":{"@id":"https:\/\/quintamadredeagua.pt\/fr\/#\/schema\/logo\/image\/"},"sameAs":["https:\/\/www.facebook.com\/QuintaMadreDeAgua","https:\/\/x.com\/QuintaMadreAgua","https:\/\/www.linkedin.com\/company\/madre-de-gua-lda-\/","https:\/\/www.youtube.com\/channel\/UCriZxfvunNRTk1gVO-jjr4g","https:\/\/www.pinterest.pt\/quintamadredeagua\/"]}]}},"_links":{"self":[{"href":"https:\/\/quintamadredeagua.pt\/fr\/wp-json\/wp\/v2\/product\/32003","targetHints":{"allow":["GET"]}}],"collection":[{"href":"https:\/\/quintamadredeagua.pt\/fr\/wp-json\/wp\/v2\/product"}],"about":[{"href":"https:\/\/quintamadredeagua.pt\/fr\/wp-json\/wp\/v2\/types\/product"}],"replies":[{"embeddable":true,"href":"https:\/\/quintamadredeagua.pt\/fr\/wp-json\/wp\/v2\/comments?post=32003"}],"wp:featuredmedia":[{"embeddable":true,"href":"https:\/\/quintamadredeagua.pt\/fr\/wp-json\/wp\/v2\/media\/34816"}],"wp:attachment":[{"href":"https:\/\/quintamadredeagua.pt\/fr\/wp-json\/wp\/v2\/media?parent=32003"}],"wp:term":[{"taxonomy":"product_brand","embeddable":true,"href":"https:\/\/quintamadredeagua.pt\/fr\/wp-json\/wp\/v2\/product_brand?post=32003"},{"taxonomy":"product_cat","embeddable":true,"href":"https:\/\/quintamadredeagua.pt\/fr\/wp-json\/wp\/v2\/product_cat?post=32003"},{"taxonomy":"product_tag","embeddable":true,"href":"https:\/\/quintamadredeagua.pt\/fr\/wp-json\/wp\/v2\/product_tag?post=32003"}],"curies":[{"name":"wp","href":"https:\/\/api.w.org\/{rel}","templated":true}]}}