{"id":32061,"date":"2022-06-14T22:19:19","date_gmt":"2022-06-14T22:19:19","guid":{"rendered":"https:\/\/quintamadredeagua.pt\/2022\/product\/experimentum-syrah-2018\/"},"modified":"2024-05-31T17:04:47","modified_gmt":"2024-05-31T17:04:47","slug":"experimentum-syrah-2021","status":"publish","type":"product","link":"https:\/\/quintamadredeagua.pt\/fr\/produit\/experimentum-syrah-2021\/","title":{"rendered":"EXPERIMENTUM SYRAH 2021"},"content":{"rendered":"","protected":false},"excerpt":{"rendered":"<p><img decoding=\"async\" class=\"alignnone wp-image-27343 lazyload\" data-src=\"https:\/\/quintamadredeagua.pt\/wp-content\/uploads\/2018\/12\/Simbolos.png\" alt=\"\" width=\"27\" height=\"25\" src=\"data:image\/gif;base64,R0lGODlhAQABAAAAACH5BAEKAAEALAAAAAABAAEAAAICTAEAOw==\" style=\"--smush-placeholder-width: 27px; --smush-placeholder-aspect-ratio: 27\/25;\" \/>\u00a0 IGP &#8211; TERRAS DO D\u00c3O\u00a0 <img decoding=\"async\" class=\"wp-image-27346 alignnone lazyload\" data-src=\"https:\/\/quintamadredeagua.pt\/wp-content\/uploads\/2018\/12\/Simbolo.png\" alt=\"\" width=\"23\" height=\"26\" src=\"data:image\/gif;base64,R0lGODlhAQABAAAAACH5BAEKAAEALAAAAAABAAEAAAICTAEAOw==\" style=\"--smush-placeholder-width: 23px; --smush-placeholder-aspect-ratio: 23\/26;\" \/>13.00\u00a0 <img decoding=\"async\" class=\"alignnone wp-image-27349 lazyload\" data-src=\"https:\/\/quintamadredeagua.pt\/wp-content\/uploads\/2018\/12\/Simbolo_garrafa.png\" alt=\"\" width=\"28\" height=\"30\" src=\"data:image\/gif;base64,R0lGODlhAQABAAAAACH5BAEKAAEALAAAAAABAAEAAAICTAEAOw==\" style=\"--smush-placeholder-width: 28px; --smush-placeholder-aspect-ratio: 28\/30;\" \/>0.750L<\/p>\n<p><strong>Pays:<\/strong> Portugal<br \/>\n<strong>Couleur:<\/strong> Rouge<br \/>\n<strong>Ann\u00e9e:<\/strong> 2021<br \/>\n<strong>Castes:<\/strong> Syrah<br \/>\n<strong>Produit par:<\/strong> Madre de \u00c1gua<br \/>\n<strong>Oenologie par:<\/strong> Paulo Nunes<\/p>\n<p>Un vin avec un corps moyen et une l\u00e9g\u00e8re acidit\u00e9, typiquement chapard\u00e9, avec un ar\u00f4me de prune et une touche de menthe poivr\u00e9e.<\/p>\n<p><a href=\"https:\/\/quintamadredeagua.pt\/wp-content\/uploads\/2021\/02\/Ficha-Tecnica_Experimentum_Syrah_2018.pdf\"><strong>Fiche de donn\u00e9es<\/strong><\/a><\/p>\n","protected":false},"featured_media":36735,"comment_status":"closed","ping_status":"closed","template":"","meta":[],"product_brand":[],"product_cat":[193,187],"product_tag":[],"class_list":{"0":"post-32061","1":"product","2":"type-product","3":"status-publish","4":"has-post-thumbnail","6":"product_cat-experimentum-fr","7":"product_cat-vins","10":"first","11":"instock","12":"shipping-taxable","13":"purchasable","14":"product-type-simple"},"yoast_head":"<!-- This site is optimized with the Yoast SEO plugin v25.2 - https:\/\/yoast.com\/wordpress\/plugins\/seo\/ -->\n<title>EXPERIMENTUM SYRAH 2021 - QUINTA MADRE DE \u00c1GUA - HOTEL SERRA DA ESTRELA<\/title>\n<meta name=\"robots\" content=\"index, follow, max-snippet:-1, max-image-preview:large, max-video-preview:-1\" \/>\n<link rel=\"canonical\" href=\"https:\/\/quintamadredeagua.pt\/fr\/produit\/experimentum-syrah-2021\/\" \/>\n<meta property=\"og:locale\" content=\"fr_FR\" \/>\n<meta property=\"og:type\" content=\"article\" \/>\n<meta property=\"og:title\" content=\"EXPERIMENTUM SYRAH 2021 - QUINTA MADRE DE \u00c1GUA - HOTEL SERRA DA ESTRELA\" \/>\n<meta property=\"og:description\" content=\"\u00a0 IGP - TERRAS DO D\u00c3O\u00a0 13.00\u00a0 0.750L  Pays: Portugal Couleur: Rouge Ann\u00e9e: 2021 Castes: Syrah Produit par: Madre de \u00c1gua Oenologie par: Paulo Nunes  Un vin avec un corps moyen et une l\u00e9g\u00e8re acidit\u00e9, typiquement chapard\u00e9, avec un ar\u00f4me de prune et une touche de menthe poivr\u00e9e.  Fiche de donn\u00e9es\" \/>\n<meta property=\"og:url\" content=\"https:\/\/quintamadredeagua.pt\/fr\/produit\/experimentum-syrah-2021\/\" \/>\n<meta property=\"og:site_name\" content=\"QUINTA MADRE DE \u00c1GUA - HOTEL SERRA DA ESTRELA\" \/>\n<meta property=\"article:publisher\" content=\"https:\/\/www.facebook.com\/QuintaMadreDeAgua\" \/>\n<meta property=\"article:modified_time\" content=\"2024-05-31T17:04:47+00:00\" \/>\n<meta property=\"og:image\" content=\"https:\/\/quintamadredeagua.pt\/wp-content\/uploads\/2022\/06\/WhatsApp-Image-2023-11-23-at-11.59.36.jpeg\" \/>\n\t<meta property=\"og:image:width\" content=\"867\" \/>\n\t<meta property=\"og:image:height\" content=\"867\" \/>\n\t<meta property=\"og:image:type\" content=\"image\/jpeg\" \/>\n<meta name=\"twitter:card\" content=\"summary_large_image\" \/>\n<meta name=\"twitter:site\" content=\"@QuintaMadreAgua\" \/>\n<meta name=\"twitter:label1\" content=\"Dur\u00e9e de lecture estim\u00e9e\" \/>\n\t<meta name=\"twitter:data1\" content=\"1 minute\" \/>\n<script type=\"application\/ld+json\" class=\"yoast-schema-graph\">{\"@context\":\"https:\/\/schema.org\",\"@graph\":[{\"@type\":\"WebPage\",\"@id\":\"https:\/\/quintamadredeagua.pt\/fr\/produit\/experimentum-syrah-2021\/\",\"url\":\"https:\/\/quintamadredeagua.pt\/fr\/produit\/experimentum-syrah-2021\/\",\"name\":\"EXPERIMENTUM SYRAH 2021 - QUINTA MADRE DE \u00c1GUA - HOTEL SERRA DA ESTRELA\",\"isPartOf\":{\"@id\":\"https:\/\/quintamadredeagua.pt\/fr\/#website\"},\"primaryImageOfPage\":{\"@id\":\"https:\/\/quintamadredeagua.pt\/fr\/produit\/experimentum-syrah-2021\/#primaryimage\"},\"image\":{\"@id\":\"https:\/\/quintamadredeagua.pt\/fr\/produit\/experimentum-syrah-2021\/#primaryimage\"},\"thumbnailUrl\":\"https:\/\/quintamadredeagua.pt\/wp-content\/uploads\/2022\/06\/Experimentum_Syrah_2022-scaled.jpg\",\"datePublished\":\"2022-06-14T22:19:19+00:00\",\"dateModified\":\"2024-05-31T17:04:47+00:00\",\"breadcrumb\":{\"@id\":\"https:\/\/quintamadredeagua.pt\/fr\/produit\/experimentum-syrah-2021\/#breadcrumb\"},\"inLanguage\":\"fr-FR\",\"potentialAction\":[{\"@type\":\"ReadAction\",\"target\":[\"https:\/\/quintamadredeagua.pt\/fr\/produit\/experimentum-syrah-2021\/\"]}]},{\"@type\":\"ImageObject\",\"inLanguage\":\"fr-FR\",\"@id\":\"https:\/\/quintamadredeagua.pt\/fr\/produit\/experimentum-syrah-2021\/#primaryimage\",\"url\":\"https:\/\/quintamadredeagua.pt\/wp-content\/uploads\/2022\/06\/Experimentum_Syrah_2022-scaled.jpg\",\"contentUrl\":\"https:\/\/quintamadredeagua.pt\/wp-content\/uploads\/2022\/06\/Experimentum_Syrah_2022-scaled.jpg\",\"width\":2368,\"height\":2560},{\"@type\":\"BreadcrumbList\",\"@id\":\"https:\/\/quintamadredeagua.pt\/fr\/produit\/experimentum-syrah-2021\/#breadcrumb\",\"itemListElement\":[{\"@type\":\"ListItem\",\"position\":1,\"name\":\"In\u00edcio\",\"item\":\"https:\/\/quintamadredeagua.pt\/\"},{\"@type\":\"ListItem\",\"position\":2,\"name\":\"BOUTIQUE\",\"item\":\"https:\/\/quintamadredeagua.pt\/fr\/boutique\/\"},{\"@type\":\"ListItem\",\"position\":3,\"name\":\"EXPERIMENTUM SYRAH 2021\"}]},{\"@type\":\"WebSite\",\"@id\":\"https:\/\/quintamadredeagua.pt\/fr\/#website\",\"url\":\"https:\/\/quintamadredeagua.pt\/fr\/\",\"name\":\"QUINTA MADRE DE \u00c1GUA - HOTEL SERRA DA ESTRELA\",\"description\":\"QUINTA MADRE DE \u00c1GUA - HOTEL SERRA DA ESTRELA\",\"publisher\":{\"@id\":\"https:\/\/quintamadredeagua.pt\/fr\/#organization\"},\"potentialAction\":[{\"@type\":\"SearchAction\",\"target\":{\"@type\":\"EntryPoint\",\"urlTemplate\":\"https:\/\/quintamadredeagua.pt\/fr\/?s={search_term_string}\"},\"query-input\":{\"@type\":\"PropertyValueSpecification\",\"valueRequired\":true,\"valueName\":\"search_term_string\"}}],\"inLanguage\":\"fr-FR\"},{\"@type\":\"Organization\",\"@id\":\"https:\/\/quintamadredeagua.pt\/fr\/#organization\",\"name\":\"QUINTA MADRE DE \u00c1GUA - HOTEL SERRA DA ESTRELA\",\"url\":\"https:\/\/quintamadredeagua.pt\/fr\/\",\"logo\":{\"@type\":\"ImageObject\",\"inLanguage\":\"fr-FR\",\"@id\":\"https:\/\/quintamadredeagua.pt\/fr\/#\/schema\/logo\/image\/\",\"url\":\"https:\/\/quintamadredeagua.pt\/wp-content\/uploads\/2022\/06\/logo_qma.png\",\"contentUrl\":\"https:\/\/quintamadredeagua.pt\/wp-content\/uploads\/2022\/06\/logo_qma.png\",\"width\":420,\"height\":197,\"caption\":\"QUINTA MADRE DE \u00c1GUA - HOTEL SERRA DA ESTRELA\"},\"image\":{\"@id\":\"https:\/\/quintamadredeagua.pt\/fr\/#\/schema\/logo\/image\/\"},\"sameAs\":[\"https:\/\/www.facebook.com\/QuintaMadreDeAgua\",\"https:\/\/x.com\/QuintaMadreAgua\",\"https:\/\/www.linkedin.com\/company\/madre-de-gua-lda-\/\",\"https:\/\/www.youtube.com\/channel\/UCriZxfvunNRTk1gVO-jjr4g\",\"https:\/\/www.pinterest.pt\/quintamadredeagua\/\"]}]}<\/script>\n<!-- \/ Yoast SEO plugin. -->","yoast_head_json":{"title":"EXPERIMENTUM SYRAH 2021 - QUINTA MADRE DE \u00c1GUA - HOTEL SERRA DA ESTRELA","robots":{"index":"index","follow":"follow","max-snippet":"max-snippet:-1","max-image-preview":"max-image-preview:large","max-video-preview":"max-video-preview:-1"},"canonical":"https:\/\/quintamadredeagua.pt\/fr\/produit\/experimentum-syrah-2021\/","og_locale":"fr_FR","og_type":"article","og_title":"EXPERIMENTUM SYRAH 2021 - QUINTA MADRE DE \u00c1GUA - HOTEL SERRA DA ESTRELA","og_description":"\u00a0 IGP - TERRAS DO D\u00c3O\u00a0 13.00\u00a0 0.750L  Pays: Portugal Couleur: Rouge Ann\u00e9e: 2021 Castes: Syrah Produit par: Madre de \u00c1gua Oenologie par: Paulo Nunes  Un vin avec un corps moyen et une l\u00e9g\u00e8re acidit\u00e9, typiquement chapard\u00e9, avec un ar\u00f4me de prune et une touche de menthe poivr\u00e9e.  Fiche de donn\u00e9es","og_url":"https:\/\/quintamadredeagua.pt\/fr\/produit\/experimentum-syrah-2021\/","og_site_name":"QUINTA MADRE DE \u00c1GUA - HOTEL SERRA DA ESTRELA","article_publisher":"https:\/\/www.facebook.com\/QuintaMadreDeAgua","article_modified_time":"2024-05-31T17:04:47+00:00","og_image":[{"width":867,"height":867,"url":"https:\/\/quintamadredeagua.pt\/wp-content\/uploads\/2022\/06\/WhatsApp-Image-2023-11-23-at-11.59.36.jpeg","type":"image\/jpeg"}],"twitter_card":"summary_large_image","twitter_site":"@QuintaMadreAgua","twitter_misc":{"Dur\u00e9e de lecture estim\u00e9e":"1 minute"},"schema":{"@context":"https:\/\/schema.org","@graph":[{"@type":"WebPage","@id":"https:\/\/quintamadredeagua.pt\/fr\/produit\/experimentum-syrah-2021\/","url":"https:\/\/quintamadredeagua.pt\/fr\/produit\/experimentum-syrah-2021\/","name":"EXPERIMENTUM SYRAH 2021 - QUINTA MADRE DE \u00c1GUA - HOTEL SERRA DA ESTRELA","isPartOf":{"@id":"https:\/\/quintamadredeagua.pt\/fr\/#website"},"primaryImageOfPage":{"@id":"https:\/\/quintamadredeagua.pt\/fr\/produit\/experimentum-syrah-2021\/#primaryimage"},"image":{"@id":"https:\/\/quintamadredeagua.pt\/fr\/produit\/experimentum-syrah-2021\/#primaryimage"},"thumbnailUrl":"https:\/\/quintamadredeagua.pt\/wp-content\/uploads\/2022\/06\/Experimentum_Syrah_2022-scaled.jpg","datePublished":"2022-06-14T22:19:19+00:00","dateModified":"2024-05-31T17:04:47+00:00","breadcrumb":{"@id":"https:\/\/quintamadredeagua.pt\/fr\/produit\/experimentum-syrah-2021\/#breadcrumb"},"inLanguage":"fr-FR","potentialAction":[{"@type":"ReadAction","target":["https:\/\/quintamadredeagua.pt\/fr\/produit\/experimentum-syrah-2021\/"]}]},{"@type":"ImageObject","inLanguage":"fr-FR","@id":"https:\/\/quintamadredeagua.pt\/fr\/produit\/experimentum-syrah-2021\/#primaryimage","url":"https:\/\/quintamadredeagua.pt\/wp-content\/uploads\/2022\/06\/Experimentum_Syrah_2022-scaled.jpg","contentUrl":"https:\/\/quintamadredeagua.pt\/wp-content\/uploads\/2022\/06\/Experimentum_Syrah_2022-scaled.jpg","width":2368,"height":2560},{"@type":"BreadcrumbList","@id":"https:\/\/quintamadredeagua.pt\/fr\/produit\/experimentum-syrah-2021\/#breadcrumb","itemListElement":[{"@type":"ListItem","position":1,"name":"In\u00edcio","item":"https:\/\/quintamadredeagua.pt\/"},{"@type":"ListItem","position":2,"name":"BOUTIQUE","item":"https:\/\/quintamadredeagua.pt\/fr\/boutique\/"},{"@type":"ListItem","position":3,"name":"EXPERIMENTUM SYRAH 2021"}]},{"@type":"WebSite","@id":"https:\/\/quintamadredeagua.pt\/fr\/#website","url":"https:\/\/quintamadredeagua.pt\/fr\/","name":"QUINTA MADRE DE \u00c1GUA - HOTEL SERRA DA ESTRELA","description":"QUINTA MADRE DE \u00c1GUA - HOTEL SERRA DA ESTRELA","publisher":{"@id":"https:\/\/quintamadredeagua.pt\/fr\/#organization"},"potentialAction":[{"@type":"SearchAction","target":{"@type":"EntryPoint","urlTemplate":"https:\/\/quintamadredeagua.pt\/fr\/?s={search_term_string}"},"query-input":{"@type":"PropertyValueSpecification","valueRequired":true,"valueName":"search_term_string"}}],"inLanguage":"fr-FR"},{"@type":"Organization","@id":"https:\/\/quintamadredeagua.pt\/fr\/#organization","name":"QUINTA MADRE DE \u00c1GUA - HOTEL SERRA DA ESTRELA","url":"https:\/\/quintamadredeagua.pt\/fr\/","logo":{"@type":"ImageObject","inLanguage":"fr-FR","@id":"https:\/\/quintamadredeagua.pt\/fr\/#\/schema\/logo\/image\/","url":"https:\/\/quintamadredeagua.pt\/wp-content\/uploads\/2022\/06\/logo_qma.png","contentUrl":"https:\/\/quintamadredeagua.pt\/wp-content\/uploads\/2022\/06\/logo_qma.png","width":420,"height":197,"caption":"QUINTA MADRE DE \u00c1GUA - HOTEL SERRA DA ESTRELA"},"image":{"@id":"https:\/\/quintamadredeagua.pt\/fr\/#\/schema\/logo\/image\/"},"sameAs":["https:\/\/www.facebook.com\/QuintaMadreDeAgua","https:\/\/x.com\/QuintaMadreAgua","https:\/\/www.linkedin.com\/company\/madre-de-gua-lda-\/","https:\/\/www.youtube.com\/channel\/UCriZxfvunNRTk1gVO-jjr4g","https:\/\/www.pinterest.pt\/quintamadredeagua\/"]}]}},"_links":{"self":[{"href":"https:\/\/quintamadredeagua.pt\/fr\/wp-json\/wp\/v2\/product\/32061","targetHints":{"allow":["GET"]}}],"collection":[{"href":"https:\/\/quintamadredeagua.pt\/fr\/wp-json\/wp\/v2\/product"}],"about":[{"href":"https:\/\/quintamadredeagua.pt\/fr\/wp-json\/wp\/v2\/types\/product"}],"replies":[{"embeddable":true,"href":"https:\/\/quintamadredeagua.pt\/fr\/wp-json\/wp\/v2\/comments?post=32061"}],"wp:featuredmedia":[{"embeddable":true,"href":"https:\/\/quintamadredeagua.pt\/fr\/wp-json\/wp\/v2\/media\/36735"}],"wp:attachment":[{"href":"https:\/\/quintamadredeagua.pt\/fr\/wp-json\/wp\/v2\/media?parent=32061"}],"wp:term":[{"taxonomy":"product_brand","embeddable":true,"href":"https:\/\/quintamadredeagua.pt\/fr\/wp-json\/wp\/v2\/product_brand?post=32061"},{"taxonomy":"product_cat","embeddable":true,"href":"https:\/\/quintamadredeagua.pt\/fr\/wp-json\/wp\/v2\/product_cat?post=32061"},{"taxonomy":"product_tag","embeddable":true,"href":"https:\/\/quintamadredeagua.pt\/fr\/wp-json\/wp\/v2\/product_tag?post=32061"}],"curies":[{"name":"wp","href":"https:\/\/api.w.org\/{rel}","templated":true}]}}