{"id":32341,"date":"2022-06-14T22:19:19","date_gmt":"2022-06-14T22:19:19","guid":{"rendered":"https:\/\/quintamadredeagua.pt\/2022\/product\/huile-dolive-madre-de-agua\/"},"modified":"2022-06-14T22:19:19","modified_gmt":"2022-06-14T22:19:19","slug":"huile-dolive-madre-de-agua","status":"publish","type":"product","link":"https:\/\/quintamadredeagua.pt\/fr\/produit\/huile-dolive-madre-de-agua\/","title":{"rendered":"HUILE D&#8217;OLIVE MADRE DE \u00c1GUA"},"content":{"rendered":"","protected":false},"excerpt":{"rendered":"<p>Dans nos fermes, les olives ont \u00e9t\u00e9 r\u00e9colt\u00e9es \u00e0 la main, ce qui, apr\u00e8s avoir \u00e9t\u00e9 trait\u00e9 selon des m\u00e9thodes traditionnelles, a donn\u00e9 naissance \u00e0 cette huile d&#8217;olive vierge Madre de \u00c1gua. L&#8217;huile d&#8217;olive, de cat\u00e9gorie sup\u00e9rieure, a \u00e9t\u00e9 obtenue directement de l&#8217;olive par des moyens exclusivement m\u00e9caniques.<\/p>\n<p><strong>Origine :<\/strong> 100% portugais<\/p>\n<p><strong>Ingr\u00e9dients :<\/strong> Olives de Galice<\/p>\n<p><strong>D\u00e9claration nutritionnelle moyenne pour 100gr :<\/strong><br \/>\nValeur \u00e9nerg\u00e9tique : 446Kj \/ 107Kcal<br \/>\nAcidit\u00e9 : 0,3 %<br \/>\nGlucides : 0g<br \/>\nProt\u00e9ines : 0g<br \/>\nGraisses totales\u00a0: 12\u00a0g<br \/>\nGraisses satur\u00e9es\u00a0: 1,2\u00a0g<br \/>\nGras trans : 0g<br \/>\nFibres Alimentaires : 0g<br \/>\nSodium : 0mg<br \/>\nVitamine E : 1,8 g<\/p>\n<p><a href=\"https:\/\/quintamadredeagua.pt\/2022\/fr\/avertissement-allergene\/\"><strong>Avertissement Allerg\u00e8ne<\/strong><\/a><\/p>\n<p><strong>Conditions particuli\u00e8res de stockage :<\/strong> Conserver \u00e0 l&#8217;abri du soleil et de la chaleur.<\/p>\n<p><strong>Entreprise responsable :<\/strong> Madre de \u00c1gua, LDA<\/p>\n","protected":false},"featured_media":31180,"comment_status":"closed","ping_status":"closed","template":"","meta":[],"product_brand":[],"product_cat":[181],"product_tag":[],"class_list":{"0":"post-32341","1":"product","2":"type-product","3":"status-publish","4":"has-post-thumbnail","6":"product_cat-huile-dolive","9":"first","10":"instock","11":"shipping-taxable","12":"purchasable","13":"product-type-simple"},"yoast_head":"<!-- This site is optimized with the Yoast SEO plugin v25.2 - https:\/\/yoast.com\/wordpress\/plugins\/seo\/ -->\n<title>HUILE D&#039;OLIVE MADRE DE \u00c1GUA - QUINTA MADRE DE \u00c1GUA - HOTEL SERRA DA ESTRELA<\/title>\n<meta name=\"robots\" content=\"index, follow, max-snippet:-1, max-image-preview:large, max-video-preview:-1\" \/>\n<link rel=\"canonical\" href=\"https:\/\/quintamadredeagua.pt\/fr\/produit\/huile-dolive-madre-de-agua\/\" \/>\n<meta property=\"og:locale\" content=\"fr_FR\" \/>\n<meta property=\"og:type\" content=\"article\" \/>\n<meta property=\"og:title\" content=\"HUILE D&#039;OLIVE MADRE DE \u00c1GUA - QUINTA MADRE DE \u00c1GUA - HOTEL SERRA DA ESTRELA\" \/>\n<meta property=\"og:description\" content=\"Dans nos fermes, les olives ont \u00e9t\u00e9 r\u00e9colt\u00e9es \u00e0 la main, ce qui, apr\u00e8s avoir \u00e9t\u00e9 trait\u00e9 selon des m\u00e9thodes traditionnelles, a donn\u00e9 naissance \u00e0 cette huile d&#039;olive vierge Madre de \u00c1gua. L&#039;huile d&#039;olive, de cat\u00e9gorie sup\u00e9rieure, a \u00e9t\u00e9 obtenue directement de l&#039;olive par des moyens exclusivement m\u00e9caniques.  Origine : 100% portugais  Ingr\u00e9dients : Olives de Galice  D\u00e9claration nutritionnelle moyenne pour 100gr : Valeur \u00e9nerg\u00e9tique : 446Kj \/ 107Kcal Acidit\u00e9 : 0,3 % Glucides : 0g Prot\u00e9ines : 0g Graisses totales\u00a0: 12\u00a0g Graisses satur\u00e9es\u00a0: 1,2\u00a0g Gras trans : 0g Fibres Alimentaires : 0g Sodium : 0mg Vitamine E : 1,8 g  Avertissement Allerg\u00e8ne  Conditions particuli\u00e8res de stockage : Conserver \u00e0 l&#039;abri du soleil et de la chaleur.  Entreprise responsable : Madre de \u00c1gua, LDA\" \/>\n<meta property=\"og:url\" content=\"https:\/\/quintamadredeagua.pt\/fr\/produit\/huile-dolive-madre-de-agua\/\" \/>\n<meta property=\"og:site_name\" content=\"QUINTA MADRE DE \u00c1GUA - HOTEL SERRA DA ESTRELA\" \/>\n<meta property=\"article:publisher\" content=\"https:\/\/www.facebook.com\/QuintaMadreDeAgua\" \/>\n<meta property=\"og:image\" content=\"https:\/\/quintamadredeagua.pt\/wp-content\/uploads\/2022\/06\/azeite1.jpg\" \/>\n\t<meta property=\"og:image:width\" content=\"557\" \/>\n\t<meta property=\"og:image:height\" content=\"557\" \/>\n\t<meta property=\"og:image:type\" content=\"image\/jpeg\" \/>\n<meta name=\"twitter:card\" content=\"summary_large_image\" \/>\n<meta name=\"twitter:site\" content=\"@QuintaMadreAgua\" \/>\n<script type=\"application\/ld+json\" class=\"yoast-schema-graph\">{\"@context\":\"https:\/\/schema.org\",\"@graph\":[{\"@type\":\"WebPage\",\"@id\":\"https:\/\/quintamadredeagua.pt\/fr\/produit\/huile-dolive-madre-de-agua\/\",\"url\":\"https:\/\/quintamadredeagua.pt\/fr\/produit\/huile-dolive-madre-de-agua\/\",\"name\":\"HUILE D'OLIVE MADRE DE \u00c1GUA - QUINTA MADRE DE \u00c1GUA - HOTEL SERRA DA ESTRELA\",\"isPartOf\":{\"@id\":\"https:\/\/quintamadredeagua.pt\/fr\/#website\"},\"primaryImageOfPage\":{\"@id\":\"https:\/\/quintamadredeagua.pt\/fr\/produit\/huile-dolive-madre-de-agua\/#primaryimage\"},\"image\":{\"@id\":\"https:\/\/quintamadredeagua.pt\/fr\/produit\/huile-dolive-madre-de-agua\/#primaryimage\"},\"thumbnailUrl\":\"https:\/\/quintamadredeagua.pt\/wp-content\/uploads\/2022\/06\/azeite1.jpg\",\"datePublished\":\"2022-06-14T22:19:19+00:00\",\"breadcrumb\":{\"@id\":\"https:\/\/quintamadredeagua.pt\/fr\/produit\/huile-dolive-madre-de-agua\/#breadcrumb\"},\"inLanguage\":\"fr-FR\",\"potentialAction\":[{\"@type\":\"ReadAction\",\"target\":[\"https:\/\/quintamadredeagua.pt\/fr\/produit\/huile-dolive-madre-de-agua\/\"]}]},{\"@type\":\"ImageObject\",\"inLanguage\":\"fr-FR\",\"@id\":\"https:\/\/quintamadredeagua.pt\/fr\/produit\/huile-dolive-madre-de-agua\/#primaryimage\",\"url\":\"https:\/\/quintamadredeagua.pt\/wp-content\/uploads\/2022\/06\/azeite1.jpg\",\"contentUrl\":\"https:\/\/quintamadredeagua.pt\/wp-content\/uploads\/2022\/06\/azeite1.jpg\",\"width\":557,\"height\":557},{\"@type\":\"BreadcrumbList\",\"@id\":\"https:\/\/quintamadredeagua.pt\/fr\/produit\/huile-dolive-madre-de-agua\/#breadcrumb\",\"itemListElement\":[{\"@type\":\"ListItem\",\"position\":1,\"name\":\"In\u00edcio\",\"item\":\"https:\/\/quintamadredeagua.pt\/\"},{\"@type\":\"ListItem\",\"position\":2,\"name\":\"BOUTIQUE\",\"item\":\"https:\/\/quintamadredeagua.pt\/fr\/boutique\/\"},{\"@type\":\"ListItem\",\"position\":3,\"name\":\"HUILE D&rsquo;OLIVE MADRE DE \u00c1GUA\"}]},{\"@type\":\"WebSite\",\"@id\":\"https:\/\/quintamadredeagua.pt\/fr\/#website\",\"url\":\"https:\/\/quintamadredeagua.pt\/fr\/\",\"name\":\"QUINTA MADRE DE \u00c1GUA - HOTEL SERRA DA ESTRELA\",\"description\":\"QUINTA MADRE DE \u00c1GUA - HOTEL SERRA DA ESTRELA\",\"publisher\":{\"@id\":\"https:\/\/quintamadredeagua.pt\/fr\/#organization\"},\"potentialAction\":[{\"@type\":\"SearchAction\",\"target\":{\"@type\":\"EntryPoint\",\"urlTemplate\":\"https:\/\/quintamadredeagua.pt\/fr\/?s={search_term_string}\"},\"query-input\":{\"@type\":\"PropertyValueSpecification\",\"valueRequired\":true,\"valueName\":\"search_term_string\"}}],\"inLanguage\":\"fr-FR\"},{\"@type\":\"Organization\",\"@id\":\"https:\/\/quintamadredeagua.pt\/fr\/#organization\",\"name\":\"QUINTA MADRE DE \u00c1GUA - HOTEL SERRA DA ESTRELA\",\"url\":\"https:\/\/quintamadredeagua.pt\/fr\/\",\"logo\":{\"@type\":\"ImageObject\",\"inLanguage\":\"fr-FR\",\"@id\":\"https:\/\/quintamadredeagua.pt\/fr\/#\/schema\/logo\/image\/\",\"url\":\"https:\/\/quintamadredeagua.pt\/wp-content\/uploads\/2022\/06\/logo_qma.png\",\"contentUrl\":\"https:\/\/quintamadredeagua.pt\/wp-content\/uploads\/2022\/06\/logo_qma.png\",\"width\":420,\"height\":197,\"caption\":\"QUINTA MADRE DE \u00c1GUA - HOTEL SERRA DA ESTRELA\"},\"image\":{\"@id\":\"https:\/\/quintamadredeagua.pt\/fr\/#\/schema\/logo\/image\/\"},\"sameAs\":[\"https:\/\/www.facebook.com\/QuintaMadreDeAgua\",\"https:\/\/x.com\/QuintaMadreAgua\",\"https:\/\/www.linkedin.com\/company\/madre-de-gua-lda-\/\",\"https:\/\/www.youtube.com\/channel\/UCriZxfvunNRTk1gVO-jjr4g\",\"https:\/\/www.pinterest.pt\/quintamadredeagua\/\"]}]}<\/script>\n<!-- \/ Yoast SEO plugin. -->","yoast_head_json":{"title":"HUILE D'OLIVE MADRE DE \u00c1GUA - QUINTA MADRE DE \u00c1GUA - HOTEL SERRA DA ESTRELA","robots":{"index":"index","follow":"follow","max-snippet":"max-snippet:-1","max-image-preview":"max-image-preview:large","max-video-preview":"max-video-preview:-1"},"canonical":"https:\/\/quintamadredeagua.pt\/fr\/produit\/huile-dolive-madre-de-agua\/","og_locale":"fr_FR","og_type":"article","og_title":"HUILE D'OLIVE MADRE DE \u00c1GUA - QUINTA MADRE DE \u00c1GUA - HOTEL SERRA DA ESTRELA","og_description":"Dans nos fermes, les olives ont \u00e9t\u00e9 r\u00e9colt\u00e9es \u00e0 la main, ce qui, apr\u00e8s avoir \u00e9t\u00e9 trait\u00e9 selon des m\u00e9thodes traditionnelles, a donn\u00e9 naissance \u00e0 cette huile d'olive vierge Madre de \u00c1gua. L'huile d'olive, de cat\u00e9gorie sup\u00e9rieure, a \u00e9t\u00e9 obtenue directement de l'olive par des moyens exclusivement m\u00e9caniques.  Origine : 100% portugais  Ingr\u00e9dients : Olives de Galice  D\u00e9claration nutritionnelle moyenne pour 100gr : Valeur \u00e9nerg\u00e9tique : 446Kj \/ 107Kcal Acidit\u00e9 : 0,3 % Glucides : 0g Prot\u00e9ines : 0g Graisses totales\u00a0: 12\u00a0g Graisses satur\u00e9es\u00a0: 1,2\u00a0g Gras trans : 0g Fibres Alimentaires : 0g Sodium : 0mg Vitamine E : 1,8 g  Avertissement Allerg\u00e8ne  Conditions particuli\u00e8res de stockage : Conserver \u00e0 l'abri du soleil et de la chaleur.  Entreprise responsable : Madre de \u00c1gua, LDA","og_url":"https:\/\/quintamadredeagua.pt\/fr\/produit\/huile-dolive-madre-de-agua\/","og_site_name":"QUINTA MADRE DE \u00c1GUA - HOTEL SERRA DA ESTRELA","article_publisher":"https:\/\/www.facebook.com\/QuintaMadreDeAgua","og_image":[{"width":557,"height":557,"url":"https:\/\/quintamadredeagua.pt\/wp-content\/uploads\/2022\/06\/azeite1.jpg","type":"image\/jpeg"}],"twitter_card":"summary_large_image","twitter_site":"@QuintaMadreAgua","schema":{"@context":"https:\/\/schema.org","@graph":[{"@type":"WebPage","@id":"https:\/\/quintamadredeagua.pt\/fr\/produit\/huile-dolive-madre-de-agua\/","url":"https:\/\/quintamadredeagua.pt\/fr\/produit\/huile-dolive-madre-de-agua\/","name":"HUILE D'OLIVE MADRE DE \u00c1GUA - QUINTA MADRE DE \u00c1GUA - HOTEL SERRA DA ESTRELA","isPartOf":{"@id":"https:\/\/quintamadredeagua.pt\/fr\/#website"},"primaryImageOfPage":{"@id":"https:\/\/quintamadredeagua.pt\/fr\/produit\/huile-dolive-madre-de-agua\/#primaryimage"},"image":{"@id":"https:\/\/quintamadredeagua.pt\/fr\/produit\/huile-dolive-madre-de-agua\/#primaryimage"},"thumbnailUrl":"https:\/\/quintamadredeagua.pt\/wp-content\/uploads\/2022\/06\/azeite1.jpg","datePublished":"2022-06-14T22:19:19+00:00","breadcrumb":{"@id":"https:\/\/quintamadredeagua.pt\/fr\/produit\/huile-dolive-madre-de-agua\/#breadcrumb"},"inLanguage":"fr-FR","potentialAction":[{"@type":"ReadAction","target":["https:\/\/quintamadredeagua.pt\/fr\/produit\/huile-dolive-madre-de-agua\/"]}]},{"@type":"ImageObject","inLanguage":"fr-FR","@id":"https:\/\/quintamadredeagua.pt\/fr\/produit\/huile-dolive-madre-de-agua\/#primaryimage","url":"https:\/\/quintamadredeagua.pt\/wp-content\/uploads\/2022\/06\/azeite1.jpg","contentUrl":"https:\/\/quintamadredeagua.pt\/wp-content\/uploads\/2022\/06\/azeite1.jpg","width":557,"height":557},{"@type":"BreadcrumbList","@id":"https:\/\/quintamadredeagua.pt\/fr\/produit\/huile-dolive-madre-de-agua\/#breadcrumb","itemListElement":[{"@type":"ListItem","position":1,"name":"In\u00edcio","item":"https:\/\/quintamadredeagua.pt\/"},{"@type":"ListItem","position":2,"name":"BOUTIQUE","item":"https:\/\/quintamadredeagua.pt\/fr\/boutique\/"},{"@type":"ListItem","position":3,"name":"HUILE D&rsquo;OLIVE MADRE DE \u00c1GUA"}]},{"@type":"WebSite","@id":"https:\/\/quintamadredeagua.pt\/fr\/#website","url":"https:\/\/quintamadredeagua.pt\/fr\/","name":"QUINTA MADRE DE \u00c1GUA - HOTEL SERRA DA ESTRELA","description":"QUINTA MADRE DE \u00c1GUA - HOTEL SERRA DA ESTRELA","publisher":{"@id":"https:\/\/quintamadredeagua.pt\/fr\/#organization"},"potentialAction":[{"@type":"SearchAction","target":{"@type":"EntryPoint","urlTemplate":"https:\/\/quintamadredeagua.pt\/fr\/?s={search_term_string}"},"query-input":{"@type":"PropertyValueSpecification","valueRequired":true,"valueName":"search_term_string"}}],"inLanguage":"fr-FR"},{"@type":"Organization","@id":"https:\/\/quintamadredeagua.pt\/fr\/#organization","name":"QUINTA MADRE DE \u00c1GUA - HOTEL SERRA DA ESTRELA","url":"https:\/\/quintamadredeagua.pt\/fr\/","logo":{"@type":"ImageObject","inLanguage":"fr-FR","@id":"https:\/\/quintamadredeagua.pt\/fr\/#\/schema\/logo\/image\/","url":"https:\/\/quintamadredeagua.pt\/wp-content\/uploads\/2022\/06\/logo_qma.png","contentUrl":"https:\/\/quintamadredeagua.pt\/wp-content\/uploads\/2022\/06\/logo_qma.png","width":420,"height":197,"caption":"QUINTA MADRE DE \u00c1GUA - HOTEL SERRA DA ESTRELA"},"image":{"@id":"https:\/\/quintamadredeagua.pt\/fr\/#\/schema\/logo\/image\/"},"sameAs":["https:\/\/www.facebook.com\/QuintaMadreDeAgua","https:\/\/x.com\/QuintaMadreAgua","https:\/\/www.linkedin.com\/company\/madre-de-gua-lda-\/","https:\/\/www.youtube.com\/channel\/UCriZxfvunNRTk1gVO-jjr4g","https:\/\/www.pinterest.pt\/quintamadredeagua\/"]}]}},"_links":{"self":[{"href":"https:\/\/quintamadredeagua.pt\/fr\/wp-json\/wp\/v2\/product\/32341","targetHints":{"allow":["GET"]}}],"collection":[{"href":"https:\/\/quintamadredeagua.pt\/fr\/wp-json\/wp\/v2\/product"}],"about":[{"href":"https:\/\/quintamadredeagua.pt\/fr\/wp-json\/wp\/v2\/types\/product"}],"replies":[{"embeddable":true,"href":"https:\/\/quintamadredeagua.pt\/fr\/wp-json\/wp\/v2\/comments?post=32341"}],"wp:featuredmedia":[{"embeddable":true,"href":"https:\/\/quintamadredeagua.pt\/fr\/wp-json\/wp\/v2\/media\/31180"}],"wp:attachment":[{"href":"https:\/\/quintamadredeagua.pt\/fr\/wp-json\/wp\/v2\/media?parent=32341"}],"wp:term":[{"taxonomy":"product_brand","embeddable":true,"href":"https:\/\/quintamadredeagua.pt\/fr\/wp-json\/wp\/v2\/product_brand?post=32341"},{"taxonomy":"product_cat","embeddable":true,"href":"https:\/\/quintamadredeagua.pt\/fr\/wp-json\/wp\/v2\/product_cat?post=32341"},{"taxonomy":"product_tag","embeddable":true,"href":"https:\/\/quintamadredeagua.pt\/fr\/wp-json\/wp\/v2\/product_tag?post=32341"}],"curies":[{"name":"wp","href":"https:\/\/api.w.org\/{rel}","templated":true}]}}